{"id":3282,"date":"2021-01-16T19:39:02","date_gmt":"2021-01-16T19:39:02","guid":{"rendered":"https:\/\/blogsaverroes.juntadeandalucia.es\/cepermiguelhernandezgilabert\/?page_id=3282"},"modified":"2021-03-21T22:27:21","modified_gmt":"2021-03-21T22:27:21","slug":"resenas-historicas","status":"publish","type":"page","link":"https:\/\/blogsaverroes.juntadeandalucia.es\/cepermiguelhernandezgilabert\/resenas-historicas\/","title":{"rendered":"RESE\u00d1AS HIST\u00d3RICAS"},"content":{"rendered":"<h2><a href=\"https:\/\/blogsaverroes.juntadeandalucia.es\/cepermiguelhernandezgilabert\/files\/2021\/03\/651C8855-2447-4793-9F42-F4D214B7F675-8901-00000170401EDA9C.gif\"><img decoding=\"async\" class=\"alignnone size-full wp-image-4093\" src=\"https:\/\/blogsaverroes.juntadeandalucia.es\/cepermiguelhernandezgilabert\/files\/2021\/03\/651C8855-2447-4793-9F42-F4D214B7F675-8901-00000170401EDA9C.gif\" alt=\"\" width=\"75\" height=\"35\"\/><\/a><\/h2>\n<div id=\"thumbnailView\">\n<div class=\"thumbnail selected\" data-page-number=\"1\">\n<div class=\"thumbnailSelectionRing\">\n<div id=\"toolbarViewerRight\"> <\/div>\n<div class=\"verticalToolbarSeparator hiddenSmallView\"> <\/div>\n<div id=\"toolbarViewerMiddle\">\n<div class=\"splitToolbarButton\"><span style=\"color:#800080\"><a style=\"color: #800080\" href=\"https:\/\/blogsaverroes.juntadeandalucia.es\/cepermiguelhernandezgilabert\/files\/2021\/01\/20190304_092316.jpg\"><img fetchpriority=\"high\" decoding=\"async\" class=\"alignnone wp-image-3356\" src=\"https:\/\/blogsaverroes.juntadeandalucia.es\/cepermiguelhernandezgilabert\/files\/2021\/01\/20190304_092316-300x225.jpg\" alt=\"\" width=\"475\" height=\"356\" srcset=\"https:\/\/blogsaverroes.juntadeandalucia.es\/cepermiguelhernandezgilabert\/files\/2021\/01\/20190304_092316-300x225.jpg 300w, https:\/\/blogsaverroes.juntadeandalucia.es\/cepermiguelhernandezgilabert\/files\/2021\/01\/20190304_092316-1024x768.jpg 1024w, https:\/\/blogsaverroes.juntadeandalucia.es\/cepermiguelhernandezgilabert\/files\/2021\/01\/20190304_092316-768x576.jpg 768w, https:\/\/blogsaverroes.juntadeandalucia.es\/cepermiguelhernandezgilabert\/files\/2021\/01\/20190304_092316-24x18.jpg 24w, https:\/\/blogsaverroes.juntadeandalucia.es\/cepermiguelhernandezgilabert\/files\/2021\/01\/20190304_092316-36x27.jpg 36w, https:\/\/blogsaverroes.juntadeandalucia.es\/cepermiguelhernandezgilabert\/files\/2021\/01\/20190304_092316-48x36.jpg 48w, https:\/\/blogsaverroes.juntadeandalucia.es\/cepermiguelhernandezgilabert\/files\/2021\/01\/20190304_092316.jpg 1314w\" sizes=\"(max-width: 475px) 100vw, 475px\" \/><\/a><\/span><\/div>\n<\/div>\n<\/div>\n<div class=\"thumbnailSelectionRing\">\n<div id=\"viewerContainer\">\n<div class=\"pdfViewer\" id=\"viewer\">\n<div class=\"page\" data-page-number=\"1\" data-loaded=\"true\">\n<div class=\"canvasWrapper\"> <\/div>\n<\/div>\n<\/div>\n<\/div>\n<h2><span style=\"color:#800080\">           El Centro de<br \/>\nEducaci\u00f3n Permanente \u201c Miguel Hern\u00e1ndez Gilabert\u201d naci\u00f3 a finales de 1987 en las instalaciones de la antigua prisi\u00f3n de Huelva, en virtud de un Convenio de Colaboraci\u00f3n entre la Direcci\u00f3n General de Instituciones Penitenciarias y la Consejer\u00eda de Educaci\u00f3n de la Junta de Andaluc\u00eda , al objeto de coordinar la actuaci\u00f3n educativa que hasta el momento era desempe\u00f1ada por maestros de un Cuerpo de EGB de IIPP. A partir de ese momento se constituy\u00f3 como centro \u00fanico ofreciendo al alumnado todos los planes formativos para adultos (Alfabetizaci\u00f3n y Neolectores, 2\u00ba Ciclo y Graduado Escolar), adem\u00e1s de algunos talleres y actividades para el desarrollo personal.El centro debe su nombre al poeta y escritor que durante un breve periodo de tiempo , estuvo preso en el penal onubense cuando fue interceptado en Portugal en su huida tras la Guerra Civil espa\u00f1ola .En la actualidad la oferta educativa se ha adaptado a los nuevos Planes (Formaci\u00f3n B\u00e1sica, Planes no Formales de Preparaci\u00f3n para la obtenci\u00f3n de la titulaci\u00f3n b\u00e1sica, Planes educativos para el fomento de la ciudadan\u00eda activa).<\/span><\/h2>\n<\/div>\n<\/div>\n<\/div>\n<p><a href=\"https:\/\/blogsaverroes.juntadeandalucia.es\/cepermiguelhernandezgilabert\/files\/2021\/03\/FOTO-PREMIO.jpg\"><img decoding=\"async\" class=\"alignnone wp-image-4026\" src=\"https:\/\/blogsaverroes.juntadeandalucia.es\/cepermiguelhernandezgilabert\/files\/2021\/03\/FOTO-PREMIO-300x225.jpg\" alt=\"\" width=\"690\" height=\"518\" srcset=\"https:\/\/blogsaverroes.juntadeandalucia.es\/cepermiguelhernandezgilabert\/files\/2021\/03\/FOTO-PREMIO-300x225.jpg 300w, https:\/\/blogsaverroes.juntadeandalucia.es\/cepermiguelhernandezgilabert\/files\/2021\/03\/FOTO-PREMIO-768x576.jpg 768w, https:\/\/blogsaverroes.juntadeandalucia.es\/cepermiguelhernandezgilabert\/files\/2021\/03\/FOTO-PREMIO.jpg 1024w\" sizes=\"(max-width: 690px) 100vw, 690px\" \/><\/a><\/p>\n<h2><span style=\"color:#800080\">A nuestro CEPER le fue otorgado el Reconocimiento al&#8221;<span style=\"text-decoration:underline;color:#008000\"><em> M\u00e9rito Educativo&#8221;<\/em><\/span> concedido por la Consejer\u00eda de Educaci\u00f3n , Cultura y Deporte en el a\u00f1o 2017.<\/span><\/h2>\n<h2><span style=\"color:#993300\"><span style=\"color:#800080\">Dicho reconocimiento nos motiva para seguir trabajando en la misma l\u00ednea y disminuir la enorme brecha educativa y social de nuestro alumnado, con el fin de conseguir su incorporaci\u00f3n a la sociedad en unas mejores condiciones que les abran nuevos caminos para integrarse en su vida en libertad.<\/span><\/span><\/h2>\n<p><a href=\"https:\/\/blogsaverroes.juntadeandalucia.es\/cepermiguelhernandezgilabert\/files\/2021\/03\/wp-1616088682355.jpg\"><img loading=\"lazy\" decoding=\"async\" class=\"alignnone wp-image-4058\" src=\"https:\/\/blogsaverroes.juntadeandalucia.es\/cepermiguelhernandezgilabert\/files\/2021\/03\/wp-1616088682355-300x225.jpg\" alt=\"\" width=\"680\" height=\"512\"\/><\/a><\/p>\n<p><a href=\"https:\/\/blogsaverroes.juntadeandalucia.es\/cepermiguelhernandezgilabert\/files\/2021\/03\/wp-1616088682355.jpg\">                                                <\/a><\/p>\n<p><a href=\"https:\/\/blogsaverroes.juntadeandalucia.es\/cepermiguelhernandezgilabert\/files\/2021\/03\/wp-1616175029198.jpg\"><img loading=\"lazy\" decoding=\"async\" class=\"alignnone wp-image-4070\" src=\"https:\/\/blogsaverroes.juntadeandalucia.es\/cepermiguelhernandezgilabert\/files\/2021\/03\/wp-1616175029198-225x300.jpg\" alt=\"\" width=\"378\" height=\"504\" srcset=\"https:\/\/blogsaverroes.juntadeandalucia.es\/cepermiguelhernandezgilabert\/files\/2021\/03\/wp-1616175029198-225x300.jpg 225w, https:\/\/blogsaverroes.juntadeandalucia.es\/cepermiguelhernandezgilabert\/files\/2021\/03\/wp-1616175029198-768x1024.jpg 768w, https:\/\/blogsaverroes.juntadeandalucia.es\/cepermiguelhernandezgilabert\/files\/2021\/03\/wp-1616175029198-300x400.jpg 300w, https:\/\/blogsaverroes.juntadeandalucia.es\/cepermiguelhernandezgilabert\/files\/2021\/03\/wp-1616175029198-1152x1536.jpg 1152w, https:\/\/blogsaverroes.juntadeandalucia.es\/cepermiguelhernandezgilabert\/files\/2021\/03\/wp-1616175029198-1536x2048.jpg 1536w, https:\/\/blogsaverroes.juntadeandalucia.es\/cepermiguelhernandezgilabert\/files\/2021\/03\/wp-1616175029198.jpg 1920w\" sizes=\"(max-width: 378px) 100vw, 378px\" \/><\/a><\/p>\n<p><a href=\"https:\/\/blogsaverroes.juntadeandalucia.es\/cepermiguelhernandezgilabert\/files\/2021\/03\/20210318_0934122.jpg\"><img loading=\"lazy\" decoding=\"async\" class=\"alignnone wp-image-4059\" src=\"https:\/\/blogsaverroes.juntadeandalucia.es\/cepermiguelhernandezgilabert\/files\/2021\/03\/20210318_0934122-225x300.jpg\" alt=\"\" width=\"470\" height=\"627\" srcset=\"https:\/\/blogsaverroes.juntadeandalucia.es\/cepermiguelhernandezgilabert\/files\/2021\/03\/20210318_0934122-225x300.jpg 225w, https:\/\/blogsaverroes.juntadeandalucia.es\/cepermiguelhernandezgilabert\/files\/2021\/03\/20210318_0934122-768x1024.jpg 768w, https:\/\/blogsaverroes.juntadeandalucia.es\/cepermiguelhernandezgilabert\/files\/2021\/03\/20210318_0934122-300x400.jpg 300w, https:\/\/blogsaverroes.juntadeandalucia.es\/cepermiguelhernandezgilabert\/files\/2021\/03\/20210318_0934122-1152x1536.jpg 1152w, https:\/\/blogsaverroes.juntadeandalucia.es\/cepermiguelhernandezgilabert\/files\/2021\/03\/20210318_0934122-1536x2048.jpg 1536w, https:\/\/blogsaverroes.juntadeandalucia.es\/cepermiguelhernandezgilabert\/files\/2021\/03\/20210318_0934122.jpg 1920w\" sizes=\"(max-width: 470px) 100vw, 470px\" \/><\/a><\/p>\n<div id=\"thumbnailView\">\n<div class=\"thumbnail selected\" data-page-number=\"1\">\n<div class=\"thumbnailSelectionRing\">\n<div id=\"outerContainer\">\n<div id=\"mainContainer\">\n<\/div>\n<\/div>\n<\/div>\n<\/div>\n<\/div>\n<h2 id=\"sidebarResizer\"> <\/h2>\n<div id=\"toolbarContainer\">\n<div id=\"toolbarViewer\">\n<div id=\"toolbarViewerLeft\"> <\/div>\n<\/div>\n<\/div>\n<h2 class=\"toolbarButtonSpacer\"> <\/h2>\n<h2 class=\"splitToolbarButton hiddenSmallView\"> <\/h2>\n<h2 class=\"splitToolbarButtonSeparator\"> <\/h2>\n<h2> <\/h2>\n<h2 id=\"toolbarViewerRight\"> <\/h2>\n<h2 class=\"verticalToolbarSeparator hiddenSmallView\"> <\/h2>\n<h2 class=\"splitToolbarButton\"> <\/h2>\n<h2 class=\"splitToolbarButtonSeparator\"> <\/h2>\n<h2 id=\"toolbarContainer\"> <\/h2>\n<menu id=\"viewerContextMenu\" type=\"context\"><\/menu>\n<div class=\"page\" data-page-number=\"1\" data-loaded=\"true\"> <\/div>\n<h2> <\/h2>\n<div id=\"outerContainer\">\n<h2 id=\"mainContainer\"> <\/h2>\n<\/div>\n","protected":false},"excerpt":{"rendered":"<p>El Centro de Educaci\u00f3n Permanente \u201c Miguel Hern\u00e1ndez Gilabert\u201d naci\u00f3 a finales de 1987 en las instalaciones de la antigua prisi\u00f3n de Huelva, en virtud de un Convenio de Colaboraci\u00f3n entre la Direcci\u00f3n General&#46;&#46;&#46;<\/p>\n","protected":false},"author":4732,"featured_media":0,"parent":0,"menu_order":0,"comment_status":"closed","ping_status":"closed","template":"","meta":{"ngg_post_thumbnail":0,"footnotes":"","_mc_calendar":[]},"aioseo_notices":[],"post_mailing_queue_ids":[],"_links":{"self":[{"href":"https:\/\/blogsaverroes.juntadeandalucia.es\/cepermiguelhernandezgilabert\/wp-json\/wp\/v2\/pages\/3282"}],"collection":[{"href":"https:\/\/blogsaverroes.juntadeandalucia.es\/cepermiguelhernandezgilabert\/wp-json\/wp\/v2\/pages"}],"about":[{"href":"https:\/\/blogsaverroes.juntadeandalucia.es\/cepermiguelhernandezgilabert\/wp-json\/wp\/v2\/types\/page"}],"author":[{"embeddable":true,"href":"https:\/\/blogsaverroes.juntadeandalucia.es\/cepermiguelhernandezgilabert\/wp-json\/wp\/v2\/users\/4732"}],"replies":[{"embeddable":true,"href":"https:\/\/blogsaverroes.juntadeandalucia.es\/cepermiguelhernandezgilabert\/wp-json\/wp\/v2\/comments?post=3282"}],"version-history":[{"count":20,"href":"https:\/\/blogsaverroes.juntadeandalucia.es\/cepermiguelhernandezgilabert\/wp-json\/wp\/v2\/pages\/3282\/revisions"}],"predecessor-version":[{"id":4091,"href":"https:\/\/blogsaverroes.juntadeandalucia.es\/cepermiguelhernandezgilabert\/wp-json\/wp\/v2\/pages\/3282\/revisions\/4091"}],"wp:attachment":[{"href":"https:\/\/blogsaverroes.juntadeandalucia.es\/cepermiguelhernandezgilabert\/wp-json\/wp\/v2\/media?parent=3282"}],"curies":[{"name":"wp","href":"https:\/\/api.w.org\/{rel}","templated":true}]}}