{"id":3666,"date":"2021-01-22T22:29:12","date_gmt":"2021-01-22T22:29:12","guid":{"rendered":"https:\/\/blogsaverroes.juntadeandalucia.es\/cepermiguelhernandezgilabert\/?page_id=3666"},"modified":"2023-06-07T11:41:23","modified_gmt":"2023-06-07T11:41:23","slug":"enlaces-de-interes-2","status":"publish","type":"page","link":"https:\/\/blogsaverroes.juntadeandalucia.es\/cepermiguelhernandezgilabert\/enlaces-de-interes-2\/","title":{"rendered":"ENLACES DE INTER\u00c9S."},"content":{"rendered":"<ul class=\"listado \">\n<li class=\"item item-listado enlace servicio\">\n<div class=\"inner-item\">\n<div class=\"contenido_titulo\">\n<h3><a href=\"https:\/\/blogsaverroes.juntadeandalucia.es\/cepermiguelhernandezgilabert\/files\/2020\/12\/images-1.jpg\"><img fetchpriority=\"high\" decoding=\"async\" class=\"alignnone wp-image-2772\" src=\"https:\/\/blogsaverroes.juntadeandalucia.es\/cepermiguelhernandezgilabert\/files\/2020\/12\/images-1.jpg\" alt=\"\" width=\"853\" height=\"620\" srcset=\"https:\/\/blogsaverroes.juntadeandalucia.es\/cepermiguelhernandezgilabert\/files\/2020\/12\/images-1.jpg 263w, https:\/\/blogsaverroes.juntadeandalucia.es\/cepermiguelhernandezgilabert\/files\/2020\/12\/images-1-24x17.jpg 24w, https:\/\/blogsaverroes.juntadeandalucia.es\/cepermiguelhernandezgilabert\/files\/2020\/12\/images-1-36x26.jpg 36w, https:\/\/blogsaverroes.juntadeandalucia.es\/cepermiguelhernandezgilabert\/files\/2020\/12\/images-1-48x35.jpg 48w\" sizes=\"(max-width: 853px) 100vw, 853px\" \/><\/a><\/h3>\n<h3>&nbsp;<\/h3>\n<h3 class=\"titulo \"><a class=\"item-link\" title=\"Se abre en una nueva ventana\" href=\"https:\/\/www.juntadeandalucia.es\/educacion\/portaldocente\/\" target=\"_blank\" rel=\"noopener noreferrer\">Portal docente<\/a><\/h3>\n<p><a href=\"https:\/\/padlet.com\/admisionadultos\/EducacionAdultosCARM\"><strong>APRENDO EN CASA<\/strong><\/a><\/p>\n<p><strong><a href=\"http:\/\/www.edu.xunta.gal\/portal\/nahono\">LECTOESCRITURA<\/a><\/strong><\/p>\n<p><strong><a href=\"http:\/\/www.aplicaciones.info\/ortogra2\/ortogra.htm\">ORTOGRAF\u00cdA<\/a><\/strong><\/p>\n<p><strong><a href=\"http:\/\/www.meduco.org\/lecto-escritura\/lee_secundaria.htm\">LECTOESCRITURA<\/a><\/strong><\/p>\n<p><strong><a href=\"http:\/\/www.edu.xunta.gal\/portal\/nahono\">LENGUA<\/a><\/strong><\/p>\n<p><strong><a href=\"http:\/\/www.materialesdelengua.org\/\">LENGUA<\/a><\/strong><\/p>\n<p><strong><a href=\"http:\/\/www.auladeletras.net\/Aula_de_Letras\/Inicio\/Inicio.html\">LENGUA<\/a><\/strong><\/p>\n<p><strong><a href=\"https:\/\/cvc.cervantes.es\/aula\/lecturas\/\">LENGUA<\/a><\/strong><\/p>\n<p><strong><a href=\"http:\/\/recursostic.educacion.es\/ciencias\/biosfera\/web\/\">CIENT\u00cdFICO TECNOL\u00d3GICO<\/a><\/strong><\/p>\n<p><strong><a href=\"http:\/\/procomun.educalab.es\/es\">CIENT\u00cdFICO TECNOL\u00d3GICO<\/a><\/strong><\/p>\n<p><strong><a href=\"https:\/\/www.youtube.com\/results?search_query=david+calle+matematicas\">MATEM\u00c1TICAS<\/a><\/strong><\/p>\n<\/div>\n<\/div>\n<\/li>\n<li class=\"item item-listado enlace servicio\">\n<h3 class=\"titulo \"><a class=\"item-link\" title=\"Ir a Calendario escolar\" href=\"http:\/\/www.juntadeandalucia.es\/educacion\/portals\/web\/ced\/calendario-escolar\" target=\"_self\" rel=\"noopener noreferrer\"><strong>Calendario escolar<\/strong><\/a><\/h3>\n<\/li>\n<li class=\"item item-listado enlace servicio\">\n<h3 class=\"titulo \"><a class=\"item-link\" title=\"Se abre en una nueva ventana\" href=\"http:\/\/www.juntadeandalucia.es\/educacion\/portals\/web\/ced\/centros-del-profesorado\" target=\"_blank\" rel=\"noopener noreferrer\"><strong>Centros profesorado<\/strong><\/a><\/h3>\n<\/li>\n<li class=\"item item-listado enlace servicio\">\n<h3 class=\"titulo \"><a class=\"item-link\" title=\"Se abre en una nueva ventana\" href=\"https:\/\/www.juntadeandalucia.es\/educacion\/apl\/dipa\" target=\"_blank\" rel=\"noopener noreferrer\"><strong>DIPA<\/strong><\/a><\/h3>\n<\/li>\n<li class=\"item item-listado enlace servicio\">\n<h3 class=\"titulo \"><a class=\"item-link\" title=\"Se abre en una nueva ventana\" href=\"https:\/\/educacionadistancia.juntadeandalucia.es\/profesorado\/\" target=\"_blank\" rel=\"noopener noreferrer\"><strong>Aula virtual del profe<\/strong>sorado<\/a><\/h3>\n<\/li>\n<li class=\"item item-listado enlace institucional\">\n<div class=\"inner-item\">\n<div class=\"contenido_titulo\">\n<h3 class=\"titulo \"><a class=\"item-link\" title=\"Se abre en una nueva ventana\" href=\"http:\/\/www.juntadeandalucia.es\/educacion\/portals\/web\/inspeccion-educativa\" target=\"_blank\" rel=\"noopener noreferrer\">Inspecci\u00f3n educativa<\/a><\/h3>\n<h3><a href=\"http:\/\/www.juntadeandalucia.es\/educacion\">Junta de Andaluc\u00eda<\/a><\/h3>\n<h3><a href=\"http:\/\/www.adideandalucia.es\" target=\"_blank\" rel=\"noopener noreferrer\">ADID<\/a><a class=\"dropdown-toggle\" href=\"http:\/\/es.tiching.com\/primaria\/sc\/10\">&nbsp; <\/a><a href=\"http:\/\/www.adideandalucia.es\" target=\"_blank\" rel=\"noopener noreferrer\">E Andaluc\u00eda<\/a><\/h3>\n<h3 class=\"et_pb_text_inner\"><a href=\"http:\/\/www.cephuelva.org\/cep\">CEP Huelva<\/a><\/h3>\n<h3><a class=\"dropdown-toggle\" href=\"http:\/\/es.tiching.com\/primaria\/sc\/10\">Primaria<\/a><\/h3>\n<h3><strong><a class=\"dropdown-toggle\" href=\"http:\/\/es.tiching.com\/eso\/sc\/11\"> ESO &nbsp;&nbsp;&nbsp;&nbsp;&nbsp;<\/a><\/strong><\/h3>\n<div id=\"cuerpo\" class=\"center_content clear\">\n<div id=\"section\" class=\"section\">\n<h3 class=\"clear\"><a class=\"dropdown-toggle\" href=\"http:\/\/es.tiching.com\/bachillerato\/sc\/12\"><strong> Bachillerato<\/strong> <\/a><\/h3>\n<div id=\"contenido_sitio\">\n<table style=\"width: 0.00000355855%;height: 40px\" border=\"0\">\n<tbody>\n<tr style=\"height: 24px\">\n<td style=\"width: 43.2039%;height: 24px\">&nbsp;<\/td>\n<td style=\"width: 40%;height: 24px\">&nbsp;<\/td>\n<td style=\"width: 214.483%;height: 24px\">&nbsp;<\/td>\n<\/tr>\n<tr style=\"height: 24px\">\n<td style=\"width: 43.2039%;height: 24px\">&nbsp;<\/td>\n<td style=\"width: 40%;height: 24px\">&nbsp;<\/td>\n<td style=\"width: 214.483%;height: 24px\">&nbsp;<\/td>\n<\/tr>\n<tr style=\"height: 24px\">\n<td style=\"width: 43.2039%;height: 24px\">&nbsp;<\/td>\n<td style=\"width: 40%;height: 24px\">&nbsp;<\/td>\n<td style=\"width: 214.483%;height: 24px\">&nbsp;<\/td>\n<\/tr>\n<tr style=\"height: 24px\">\n<td style=\"width: 43.2039%;height: 24px\">&nbsp;<\/td>\n<td style=\"width: 40%;height: 24px\">&nbsp;<\/td>\n<td style=\"width: 214.483%;height: 24px\">&nbsp;<\/td>\n<\/tr>\n<\/tbody>\n<\/table>\n<p><a href=\"http:\/\/www.llegarasalto.com\/\" target=\"_blank\" rel=\"noopener noreferrer\"><img decoding=\"async\" class=\"\" src=\"https:\/\/www.murciaeduca.es\/ceacomarcadelriomula\/sitio\/upload\/img\/1tQDdYKFdXm8Iimagen_incrustada5.png\" width=\"90\" height=\"45\" border=\"0\"\/> &nbsp;&nbsp; <\/a><a href=\"http:\/\/www.todofp.es\/\" target=\"_blank\" rel=\"noopener noreferrer\"><img decoding=\"async\" class=\"\" src=\"https:\/\/www.murciaeduca.es\/ceacomarcadelriomula\/sitio\/upload\/img\/1zxGIIRys67O4imagen_incrustada6.png\" width=\"206\" height=\"38\" border=\"0\"\/><\/a><\/p>\n<p>&nbsp; &nbsp;<\/p>\n<h6><em>ENLACES P\u00c1GINAS WEB PARA TRABAJAR EN EL AULA Y EN CASA&nbsp;<\/em><\/h6>\n<h6><em>APRENDO EN CASA<\/em><\/h6>\n<h6><a title=\"Aprendo en Casa\" href=\"https:\/\/padlet.com\/admisionadultos\/EducacionAdultosCARM\">https:\/\/padlet.com\/admisionadultos\/EducacionAdultosCARM<\/a><\/h6>\n<h6><strong>ORTOGRAF\u00cdA<\/strong><\/h6>\n<h6><a title=\"Ortograf\u00eda\" href=\"http:\/\/www.aplicaciones.info\/ortogra2\/ortogra.htm\">http:\/\/www.aplicaciones.info\/ortogra2\/ortogra.htm<\/a><\/h6>\n<h6><strong>LECTOESCRITURA<\/strong><\/h6>\n<h6><a title=\"Lectoescritura de personas adultas\" href=\"http:\/\/www.meduco.org\/lecto-escritura\/lee_secundaria.htm\">&nbsp;http:\/\/www.meduco.org\/lecto-escritura\/lee_secundaria.htm<\/a><\/h6>\n<h6><a title=\"Lectoescritura\" href=\"http:\/\/www.edu.xunta.gal\/portal\/nahono\">&nbsp;http:\/\/www.edu.xunta.gal\/portal\/nahono<\/a><\/h6>\n<h6><strong>LENGUA<\/strong><\/h6>\n<h6><a title=\"Lengua\" href=\"http:\/\/recursostic.educacion.es\/humanidades\/ciceros\/web\/\">http:\/\/recursostic.educacion.es\/humanidades\/ciceros\/web\/<\/a><\/h6>\n<h6><a title=\"Lengua y Literatura\" href=\"http:\/\/www.materialesdelengua.org\/\">http:\/\/www.materialesdelengua.org\/<\/a><\/h6>\n<h6><a title=\"Literatura\" href=\"http:\/\/www.auladeletras.net\/Aula_de_Letras\/Inicio\/Inicio.html\">http:\/\/www.auladeletras.net\/Aula_de_Letras\/Inicio\/Inicio.html<\/a><\/h6>\n<h6><a title=\"Lengua y Literatura\" href=\"https:\/\/cvc.cervantes.es\/aula\/lecturas\/\">https:\/\/cvc.cervantes.es\/aula\/lecturas\/<\/a><strong><br \/>\n<\/strong><\/h6>\n<h6><strong>CIENT\u00cdFICO TECNOL\u00d3GICO<br \/>\n<\/strong><\/h6>\n<h6><a title=\"C.NATURALES\" href=\"http:\/\/recursostic.educacion.es\/ciencias\/biosfera\/web\/\">http:\/\/recursostic.educacion.es\/ciencias\/biosfera\/web\/<\/a><\/h6>\n<h6><a title=\"Matem\u00e1ticas\" href=\"http:\/\/procomun.educalab.es\/es\">http:\/\/procomun.educalab.es\/es<\/a><\/h6>\n<h6><strong>MATEM\u00c1TICAS<\/strong><\/h6>\n<h6><a title=\"Matem\u00e1ticas\" href=\"https:\/\/www.youtube.com\/results?search_query=david+calle+matematicas\">&nbsp;https:\/\/www.youtube.com\/results?search_query=david+calle+matematicas<\/a><\/h6>\n<\/div>\n<\/div>\n<div id=\"enlaces_institucionales\" class=\"columna_adicional col_left\">\n<div id=\"enlaces_institucionales\" class=\"rbox enlaces_institucionales vertical\">\n<h6 class=\"rbox_header enlaces_header clear\"><span class=\"titulo\">Enlaces Institucionales<\/span><\/h6>\n<div>&nbsp;<\/div>\n<\/div>\n<\/div>\n<\/div>\n<div id=\"footer\">\n<div class=\"center_content\">\n<h5 id=\"e-power\">&nbsp;<\/h5>\n<h5 id=\"logo-pie\"><a class=\"logo_link\" title=\"Ir a Carm\" href=\"http:\/\/www.carm.es\" target=\"_blank\" rel=\"noopener noreferrer\"><img decoding=\"async\" src=\"https:\/\/www.murciaeduca.es\/ceacomarcadelriomula\/sitio\/skins\/murcia\/img\/\/logos\/logo_pie.png\" alt=\"logo\"\/><\/a><img decoding=\"async\" style=\"font-size: 16px\" src=\"https:\/\/www.murciaeduca.es\/ceacomarcadelriomula\/sitio\/skins\/murcia\/img\/enlaces_inst\/banner2.gif\" alt=\"recursos\"\/><a title=\"PRUEBAS VIA-INTRANET\" href=\"https:\/\/sites.google.com\/site\/centroeducacionpermanentecehel\/pruebas-via-1\"><img loading=\"lazy\" decoding=\"async\" class=\"alignnone wp-image-4168\" src=\"https:\/\/blogsaverroes.juntadeandalucia.es\/cepermiguelhernandezgilabert\/files\/2021\/06\/\u00edndice.jpg\" alt=\"\" width=\"111\" height=\"111\" srcset=\"https:\/\/blogsaverroes.juntadeandalucia.es\/cepermiguelhernandezgilabert\/files\/2021\/06\/\u00edndice.jpg 225w, https:\/\/blogsaverroes.juntadeandalucia.es\/cepermiguelhernandezgilabert\/files\/2021\/06\/\u00edndice-150x150.jpg 150w, https:\/\/blogsaverroes.juntadeandalucia.es\/cepermiguelhernandezgilabert\/files\/2021\/06\/\u00edndice-80x80.jpg 80w, https:\/\/blogsaverroes.juntadeandalucia.es\/cepermiguelhernandezgilabert\/files\/2021\/06\/\u00edndice-50x50.jpg 50w\" sizes=\"(max-width: 111px) 100vw, 111px\" \/><\/a><\/h5>\n<\/div>\n<\/div>\n<\/div>\n<\/div>\n<\/li>\n<li class=\"item item-listado enlace institucional\">\n<div><span style=\"color: #993366\"><a href=\"https:\/\/blogsaverroes.juntadeandalucia.es\/cepermiguelhernandezgilabert\/files\/2023\/06\/VI\u0301AS-NIVEL-2-A-y-B.pdf\">VI\u0301AS NIVEL 2 A y B<\/a><\/span><\/div>\n<\/li>\n<li><a href=\"https:\/\/sites.google.com\/site\/centroeducacionpermanentecehel\/pruebas-via-1\">PRUEBAS VIA-INTRANET<\/a><\/li>\n<li><a href=\"https:\/\/blogsaverroes.juntadeandalucia.es\/cepermiguelhernandezgilabert\/files\/2022\/09\/VI\u0301AS-NIVEL-1-A-y-B.pdf\">VI\u0301AS NIVEL 1 A y B<\/a><\/li>\n<li><a title=\"Lecturas de castuera\" href=\"https:\/\/www.google.com\/search?channel=fs&amp;client=ubuntu&amp;q=lecturas+de+castuera\">lecturas de castuera <\/a><\/li>\n<li>&nbsp;<\/li>\n<\/ul>\n<p><!--more--><a href=\"https:\/\/blogsaverroes.juntadeandalucia.es\/cepermiguelhernandezgilabert\/files\/2023\/05\/logo_web5-scaled.gif\"><img loading=\"lazy\" decoding=\"async\" class=\"alignnone size-medium wp-image-4473\" src=\"https:\/\/blogsaverroes.juntadeandalucia.es\/cepermiguelhernandezgilabert\/files\/2023\/05\/logo_web5-300x32.gif\" alt=\"\" width=\"300\" height=\"32\" srcset=\"https:\/\/blogsaverroes.juntadeandalucia.es\/cepermiguelhernandezgilabert\/files\/2023\/05\/logo_web5-300x32.gif 300w, https:\/\/blogsaverroes.juntadeandalucia.es\/cepermiguelhernandezgilabert\/files\/2023\/05\/logo_web5-1024x109.gif 1024w, https:\/\/blogsaverroes.juntadeandalucia.es\/cepermiguelhernandezgilabert\/files\/2023\/05\/logo_web5-768x81.gif 768w, https:\/\/blogsaverroes.juntadeandalucia.es\/cepermiguelhernandezgilabert\/files\/2023\/05\/logo_web5-1536x163.gif 1536w, https:\/\/blogsaverroes.juntadeandalucia.es\/cepermiguelhernandezgilabert\/files\/2023\/05\/logo_web5-2048x217.gif 2048w\" sizes=\"(max-width: 300px) 100vw, 300px\" \/><\/a><\/p>\n<p><a href=\"https:\/\/formacion.intef.es\/mod\/book\/view.php?id=52&amp;chapterid=254\">INSTITUTO NACIONAL DE TECNOLOG\u00cdAS EDUCATIVAS<\/a><\/p>\n","protected":false},"excerpt":{"rendered":"<p>&nbsp; Portal docente APRENDO EN CASA LECTOESCRITURA ORTOGRAF\u00cdA LECTOESCRITURA LENGUA LENGUA LENGUA LENGUA CIENT\u00cdFICO TECNOL\u00d3GICO CIENT\u00cdFICO TECNOL\u00d3GICO MATEM\u00c1TICAS Calendario escolar Centros profesorado DIPA Aula virtual del profesorado Inspecci\u00f3n educativa Junta de Andaluc\u00eda ADID&nbsp; E&#46;&#46;&#46;<\/p>\n","protected":false},"author":11727,"featured_media":0,"parent":0,"menu_order":0,"comment_status":"closed","ping_status":"closed","template":"","meta":{"ngg_post_thumbnail":0,"footnotes":"","_mc_calendar":[]},"aioseo_notices":[],"post_mailing_queue_ids":[],"_links":{"self":[{"href":"https:\/\/blogsaverroes.juntadeandalucia.es\/cepermiguelhernandezgilabert\/wp-json\/wp\/v2\/pages\/3666"}],"collection":[{"href":"https:\/\/blogsaverroes.juntadeandalucia.es\/cepermiguelhernandezgilabert\/wp-json\/wp\/v2\/pages"}],"about":[{"href":"https:\/\/blogsaverroes.juntadeandalucia.es\/cepermiguelhernandezgilabert\/wp-json\/wp\/v2\/types\/page"}],"author":[{"embeddable":true,"href":"https:\/\/blogsaverroes.juntadeandalucia.es\/cepermiguelhernandezgilabert\/wp-json\/wp\/v2\/users\/11727"}],"replies":[{"embeddable":true,"href":"https:\/\/blogsaverroes.juntadeandalucia.es\/cepermiguelhernandezgilabert\/wp-json\/wp\/v2\/comments?post=3666"}],"version-history":[{"count":22,"href":"https:\/\/blogsaverroes.juntadeandalucia.es\/cepermiguelhernandezgilabert\/wp-json\/wp\/v2\/pages\/3666\/revisions"}],"predecessor-version":[{"id":4497,"href":"https:\/\/blogsaverroes.juntadeandalucia.es\/cepermiguelhernandezgilabert\/wp-json\/wp\/v2\/pages\/3666\/revisions\/4497"}],"wp:attachment":[{"href":"https:\/\/blogsaverroes.juntadeandalucia.es\/cepermiguelhernandezgilabert\/wp-json\/wp\/v2\/media?parent=3666"}],"curies":[{"name":"wp","href":"https:\/\/api.w.org\/{rel}","templated":true}]}}