{"id":3807,"date":"2021-01-26T12:58:46","date_gmt":"2021-01-26T12:58:46","guid":{"rendered":"https:\/\/blogsaverroes.juntadeandalucia.es\/cepermiguelhernandezgilabert\/?page_id=3807"},"modified":"2021-01-28T12:36:48","modified_gmt":"2021-01-28T12:36:48","slug":"ppll","status":"publish","type":"page","link":"https:\/\/blogsaverroes.juntadeandalucia.es\/cepermiguelhernandezgilabert\/ppll\/","title":{"rendered":"PPLL\/INGL\u00c9S"},"content":{"rendered":"<p><a href=\"https:\/\/blogsaverroes.juntadeandalucia.es\/cepermiguelhernandezgilabert\/files\/2015\/03\/frances.jpg\"><img decoding=\"async\" class=\"alignnone size-medium wp-image-2099\" src=\"https:\/\/blogsaverroes.juntadeandalucia.es\/cepermiguelhernandezgilabert\/files\/2015\/03\/frances-300x160.jpg\" alt=\"\" width=\"300\" height=\"160\" srcset=\"https:\/\/blogsaverroes.juntadeandalucia.es\/cepermiguelhernandezgilabert\/files\/2015\/03\/frances-300x160.jpg 300w, https:\/\/blogsaverroes.juntadeandalucia.es\/cepermiguelhernandezgilabert\/files\/2015\/03\/frances.jpg 640w\" sizes=\"(max-width: 300px) 100vw, 300px\" \/><\/a><\/p>\n<p><a href=\"https:\/\/mes-english.com\">crear tus propios juegos y fichas<\/a><\/p>\n<p><a href=\"https:\/\/verbos-irregulares-ingles.com\">verbos dif\u00edciles<\/a><\/p>\n<p><a href=\"https:\/\/www.channel4learning.com\">ficha de literatura en lengua inglesa<\/a><\/p>\n<p><a href=\"https:\/\/englishforeveryone.org\">Variedad de fichas para imprimir<\/a><\/p>\n<p><a href=\"https:\/\/www.english-area.com\">practicar la gram\u00e1tica<\/a><\/p>\n<p><a href=\"https:\/\/bbc.co.uk\/teach\">actividades interactivas<\/a><\/p>\n<p><a href=\"https:\/\/www.abcteach.com\">generar tus propias fichas<\/a><\/p>\n<p><a href=\"https:\/\/www.magickeys.com\/books\/\">cuentos online para ni\u00f1os\/adultos<\/a><\/p>\n<p>&nbsp;<\/p>\n<p>&nbsp;<\/p>\n","protected":false},"excerpt":{"rendered":"<p>crear tus propios juegos y fichas verbos dif\u00edciles ficha de literatura en lengua inglesa Variedad de fichas para imprimir practicar la gram\u00e1tica actividades interactivas generar tus propias fichas cuentos online para ni\u00f1os\/adultos &nbsp; &nbsp;<\/p>\n","protected":false},"author":11995,"featured_media":0,"parent":0,"menu_order":0,"comment_status":"closed","ping_status":"closed","template":"","meta":{"ngg_post_thumbnail":0,"footnotes":"","_mc_calendar":[]},"aioseo_notices":[],"post_mailing_queue_ids":[],"_links":{"self":[{"href":"https:\/\/blogsaverroes.juntadeandalucia.es\/cepermiguelhernandezgilabert\/wp-json\/wp\/v2\/pages\/3807"}],"collection":[{"href":"https:\/\/blogsaverroes.juntadeandalucia.es\/cepermiguelhernandezgilabert\/wp-json\/wp\/v2\/pages"}],"about":[{"href":"https:\/\/blogsaverroes.juntadeandalucia.es\/cepermiguelhernandezgilabert\/wp-json\/wp\/v2\/types\/page"}],"author":[{"embeddable":true,"href":"https:\/\/blogsaverroes.juntadeandalucia.es\/cepermiguelhernandezgilabert\/wp-json\/wp\/v2\/users\/11995"}],"replies":[{"embeddable":true,"href":"https:\/\/blogsaverroes.juntadeandalucia.es\/cepermiguelhernandezgilabert\/wp-json\/wp\/v2\/comments?post=3807"}],"version-history":[{"count":8,"href":"https:\/\/blogsaverroes.juntadeandalucia.es\/cepermiguelhernandezgilabert\/wp-json\/wp\/v2\/pages\/3807\/revisions"}],"predecessor-version":[{"id":3855,"href":"https:\/\/blogsaverroes.juntadeandalucia.es\/cepermiguelhernandezgilabert\/wp-json\/wp\/v2\/pages\/3807\/revisions\/3855"}],"wp:attachment":[{"href":"https:\/\/blogsaverroes.juntadeandalucia.es\/cepermiguelhernandezgilabert\/wp-json\/wp\/v2\/media?parent=3807"}],"curies":[{"name":"wp","href":"https:\/\/api.w.org\/{rel}","templated":true}]}}