{"id":3849,"date":"2021-01-28T08:26:52","date_gmt":"2021-01-28T08:26:52","guid":{"rendered":"https:\/\/blogsaverroes.juntadeandalucia.es\/cepermiguelhernandezgilabert\/?page_id=3849"},"modified":"2021-02-01T18:46:26","modified_gmt":"2021-02-01T18:46:26","slug":"otros-planes-y-proyectos","status":"publish","type":"page","link":"https:\/\/blogsaverroes.juntadeandalucia.es\/cepermiguelhernandezgilabert\/otros-planes-y-proyectos\/","title":{"rendered":"OTROS PLANES Y PROYECTOS"},"content":{"rendered":"<div class=\"eA0Zlc qN5nNb tapJqb ivg-i\" data-docid=\"peIqioJ0C6cHuM\" data-ved=\"2ahUKEwiJ3NuIqL_uAhXJxYUKHS5LBfoQ9AF6BAgIEAA\">\n<p>&nbsp;<\/p>\n<div class=\"eA0Zlc qN5nNb tapJqb ivg-i\" data-docid=\"8-bHfGtFVxoJxM\" data-ved=\"2ahUKEwiJ3NuIqL_uAhXJxYUKHS5LBfoQ9AF6BAgOEAA\">\n<p>&nbsp;<\/p>\n<div class=\"fWhgmd\">\n<div class=\"bRMDJf islir\" style=\"background: #2e6288 none repeat scroll 0% 0%;margin-left: 5px;margin-right: 4px;height: 227px;margin-top: -24px\"><img fetchpriority=\"high\" decoding=\"async\" class=\"rg_i Q4LuWd\" src=\"https:\/\/encrypted-tbn0.gstatic.com\/images?q=tbn:ANd9GcQyjGvVLOD3MdlD4q-U_wvDDdWL_f4jz5_C0w&amp;usqp=CAU\" alt=\"COVID-19 Viri\u00f3n Icono, S\u00edmbolo O Unidad De Coronavirus Ilustraci\u00f3n del Vector - Ilustraci\u00f3n de covid, icono: 173980258\" data-src=\"https:\/\/encrypted-tbn0.gstatic.com\/images?q=tbn:ANd9GcQyjGvVLOD3MdlD4q-U_wvDDdWL_f4jz5_C0w&amp;usqp=CAU\" data-lt=\"\" width=\"223\" height=\"227\"\/><\/div>\n<div class=\"h312td \">\n<div class=\"O1vY7\" aria-label=\"Imagen bajo licencia\"><span class=\"RtIwE\">Bajo licencia<\/span><\/div>\n<\/div>\n<\/div>\n<\/div>\n<div class=\"fWhgmd\">&nbsp;<\/div>\n<\/div>\n<h2><a href=\"https:\/\/blogsaverroes.juntadeandalucia.es\/cepermiguelhernandezgilabert\/files\/2021\/01\/Copia-de-Protocolo-definitivo.-P\u00e1gina-web.pdf\"><span style=\"color: #800080\">Copia de Protocolo definitivo. P\u00e1gina web<\/span><\/a><\/h2>\n<p>&nbsp;<\/p>\n<h3><a href=\"https:\/\/blogsaverroes.juntadeandalucia.es\/cepermiguelhernandezgilabert\/files\/2021\/01\/PLAN-ESTRAT\u00c9GICO-DE-IGUALDAD-DE-G\u00c9NERO-EN-LA-EDUCACI\u00d3N-2019-20-2.docx\"><span style=\"color: #0000ff\">PLAN ESTRAT\u00c9GICO DE IGUALDAD DE G\u00c9NERO EN LA EDUCACI\u00d3N 2019-20<\/span><\/a><\/h3>\n<p><a href=\"https:\/\/blogsaverroes.juntadeandalucia.es\/cepermiguelhernandezgilabert\/files\/2021\/01\/IMG_20200310_095729-scaled.jpg\"><img decoding=\"async\" class=\"alignnone size-medium wp-image-3881\" src=\"https:\/\/blogsaverroes.juntadeandalucia.es\/cepermiguelhernandezgilabert\/files\/2021\/01\/IMG_20200310_095729-225x300.jpg\" alt=\"\" width=\"225\" height=\"300\" srcset=\"https:\/\/blogsaverroes.juntadeandalucia.es\/cepermiguelhernandezgilabert\/files\/2021\/01\/IMG_20200310_095729-225x300.jpg 225w, https:\/\/blogsaverroes.juntadeandalucia.es\/cepermiguelhernandezgilabert\/files\/2021\/01\/IMG_20200310_095729-768x1024.jpg 768w, https:\/\/blogsaverroes.juntadeandalucia.es\/cepermiguelhernandezgilabert\/files\/2021\/01\/IMG_20200310_095729-1152x1536.jpg 1152w, https:\/\/blogsaverroes.juntadeandalucia.es\/cepermiguelhernandezgilabert\/files\/2021\/01\/IMG_20200310_095729-1536x2048.jpg 1536w, https:\/\/blogsaverroes.juntadeandalucia.es\/cepermiguelhernandezgilabert\/files\/2021\/01\/IMG_20200310_095729-18x24.jpg 18w, https:\/\/blogsaverroes.juntadeandalucia.es\/cepermiguelhernandezgilabert\/files\/2021\/01\/IMG_20200310_095729-27x36.jpg 27w, https:\/\/blogsaverroes.juntadeandalucia.es\/cepermiguelhernandezgilabert\/files\/2021\/01\/IMG_20200310_095729-36x48.jpg 36w, https:\/\/blogsaverroes.juntadeandalucia.es\/cepermiguelhernandezgilabert\/files\/2021\/01\/IMG_20200310_095729-scaled.jpg 1200w\" sizes=\"(max-width: 225px) 100vw, 225px\" \/><\/a><\/p>\n<h2><a href=\"https:\/\/blogsaverroes.juntadeandalucia.es\/cepermiguelhernandezgilabert\/files\/2021\/02\/Plan-de-formacionTDE-20-21-ceper-miguel-hernandez-modificado-1.docx\"><span style=\"color: #008000\">Plan de formacion+TDE 20 -21 ceper miguel hernandez modificado<\/span><\/a><\/h2>\n<p><span style=\"color: #008000\"><a style=\"color: #008000\" href=\"https:\/\/blogsaverroes.juntadeandalucia.es\/cepermiguelhernandezgilabert\/files\/2015\/03\/horario2.jpg\"><img decoding=\"async\" class=\"alignnone size-medium wp-image-1675\" src=\"https:\/\/blogsaverroes.juntadeandalucia.es\/cepermiguelhernandezgilabert\/files\/2015\/03\/horario2-300x211.jpg\" alt=\"\" width=\"300\" height=\"211\" srcset=\"https:\/\/blogsaverroes.juntadeandalucia.es\/cepermiguelhernandezgilabert\/files\/2015\/03\/horario2-300x211.jpg 300w, https:\/\/blogsaverroes.juntadeandalucia.es\/cepermiguelhernandezgilabert\/files\/2015\/03\/horario2.jpg 640w\" sizes=\"(max-width: 300px) 100vw, 300px\" \/><\/a><\/span><\/p>\n","protected":false},"excerpt":{"rendered":"<p>&nbsp; &nbsp; Bajo licencia &nbsp; Copia de Protocolo definitivo. P\u00e1gina web &nbsp; PLAN ESTRAT\u00c9GICO DE IGUALDAD DE G\u00c9NERO EN LA EDUCACI\u00d3N 2019-20 Plan de formacion+TDE 20 -21 ceper miguel hernandez modificado<\/p>\n","protected":false},"author":11733,"featured_media":0,"parent":0,"menu_order":0,"comment_status":"closed","ping_status":"closed","template":"","meta":{"ngg_post_thumbnail":0,"footnotes":"","_mc_calendar":[]},"aioseo_notices":[],"post_mailing_queue_ids":[],"_links":{"self":[{"href":"https:\/\/blogsaverroes.juntadeandalucia.es\/cepermiguelhernandezgilabert\/wp-json\/wp\/v2\/pages\/3849"}],"collection":[{"href":"https:\/\/blogsaverroes.juntadeandalucia.es\/cepermiguelhernandezgilabert\/wp-json\/wp\/v2\/pages"}],"about":[{"href":"https:\/\/blogsaverroes.juntadeandalucia.es\/cepermiguelhernandezgilabert\/wp-json\/wp\/v2\/types\/page"}],"author":[{"embeddable":true,"href":"https:\/\/blogsaverroes.juntadeandalucia.es\/cepermiguelhernandezgilabert\/wp-json\/wp\/v2\/users\/11733"}],"replies":[{"embeddable":true,"href":"https:\/\/blogsaverroes.juntadeandalucia.es\/cepermiguelhernandezgilabert\/wp-json\/wp\/v2\/comments?post=3849"}],"version-history":[{"count":11,"href":"https:\/\/blogsaverroes.juntadeandalucia.es\/cepermiguelhernandezgilabert\/wp-json\/wp\/v2\/pages\/3849\/revisions"}],"predecessor-version":[{"id":3920,"href":"https:\/\/blogsaverroes.juntadeandalucia.es\/cepermiguelhernandezgilabert\/wp-json\/wp\/v2\/pages\/3849\/revisions\/3920"}],"wp:attachment":[{"href":"https:\/\/blogsaverroes.juntadeandalucia.es\/cepermiguelhernandezgilabert\/wp-json\/wp\/v2\/media?parent=3849"}],"curies":[{"name":"wp","href":"https:\/\/api.w.org\/{rel}","templated":true}]}}