{"id":3856,"date":"2021-01-28T13:08:33","date_gmt":"2021-01-28T13:08:33","guid":{"rendered":"https:\/\/blogsaverroes.juntadeandalucia.es\/cepermiguelhernandezgilabert\/?page_id=3856"},"modified":"2021-01-30T20:55:03","modified_gmt":"2021-01-30T20:55:03","slug":"formacion-basica-3","status":"publish","type":"page","link":"https:\/\/blogsaverroes.juntadeandalucia.es\/cepermiguelhernandezgilabert\/formacion-basica-3\/","title":{"rendered":"FORMACI\u00d3N B\u00c1SICA"},"content":{"rendered":"<h4>Nuestros recursos pueden ser \u00fatiles para trabajarlos en Educaci\u00f3n Permanente de Adultos,si bien est\u00e1n adaptados a las caracter\u00edsticas del alumnado de nuestro Centro Educativo. En su elaboraci\u00f3n hemos partido de los contenidos de la Junta pero elaboramos nuestros propios temas.<\/h4>\n<h4>&nbsp;&nbsp;&nbsp; Tambi\u00e9n tenemos una bibliograf\u00eda de referencia como: Anaya,Vicens Vives&#8230; as\u00ed como otros recursos&nbsp; tomados de p\u00e1ginas de internet.<\/h4>\n<h4>&nbsp;&nbsp;&nbsp; Queremos hacer constar que no todo el temario es elaborado por nosotros,en otros niveles se utilizan los temas de la Junta,&nbsp; por ejem : NII de Sociales.<\/h4>\n<p>&nbsp;&nbsp;&nbsp;<\/p>\n<h3><a href=\"https:\/\/blogsaverroes.juntadeandalucia.es\/cepermiguelhernandezgilabert\/files\/2015\/03\/proyecto-e1607425174163.png\"><img fetchpriority=\"high\" decoding=\"async\" class=\"alignnone size-medium wp-image-1662\" src=\"https:\/\/blogsaverroes.juntadeandalucia.es\/cepermiguelhernandezgilabert\/files\/2015\/03\/proyecto-300x266.png\" alt=\"\" width=\"300\" height=\"266\"\/><\/a><\/h3>\n<h3>\u00c1MBITO COMUNICACI\u00d3N NIVEL II FORMACI\u00d3N B\u00c1SICA<\/h3>\n<p>&nbsp;<\/p>\n<p><strong><a href=\"https:\/\/blogsaverroes.juntadeandalucia.es\/cepermiguelhernandezgilabert\/files\/2021\/01\/BLOQUE-8-NIVEL-II-1.pdf\"><span style=\"color: #008080\">BLOQUE 8 NIVEL II<\/span><\/a><\/strong><\/p>\n<p>&nbsp;<\/p>\n<p><span style=\"color: #008080\"><a style=\"color: #008080\" href=\"https:\/\/blogsaverroes.juntadeandalucia.es\/cepermiguelhernandezgilabert\/files\/2021\/01\/ANEXO-I-BLOQUE-8.pdf\"><strong>ANEXO I BLOQUE 8<\/strong><\/a><\/span><\/p>\n<p>&nbsp;<\/p>\n<h3><strong>\u00c1MBITO COMUNICACI\u00d3N NIVEL I ALTO FORMACI\u00d3N B\u00c1SICA<\/strong><\/h3>\n<p>&nbsp;<\/p>\n<p><a href=\"https:\/\/blogsaverroes.juntadeandalucia.es\/cepermiguelhernandezgilabert\/files\/2015\/05\/slider_07_1138_500.jpg\"><img decoding=\"async\" class=\"alignnone wp-image-2335\" src=\"https:\/\/blogsaverroes.juntadeandalucia.es\/cepermiguelhernandezgilabert\/files\/2015\/05\/slider_07_1138_500-300x132.jpg\" alt=\"\" width=\"390\" height=\"172\" srcset=\"https:\/\/blogsaverroes.juntadeandalucia.es\/cepermiguelhernandezgilabert\/files\/2015\/05\/slider_07_1138_500-300x132.jpg 300w, https:\/\/blogsaverroes.juntadeandalucia.es\/cepermiguelhernandezgilabert\/files\/2015\/05\/slider_07_1138_500-1024x450.jpg 1024w, https:\/\/blogsaverroes.juntadeandalucia.es\/cepermiguelhernandezgilabert\/files\/2015\/05\/slider_07_1138_500.jpg 1138w\" sizes=\"(max-width: 390px) 100vw, 390px\" \/><\/a><\/p>\n<p>&nbsp;<\/p>\n<p><span style=\"color: #008080\"><a style=\"color: #008080\" href=\"https:\/\/blogsaverroes.juntadeandalucia.es\/cepermiguelhernandezgilabert\/files\/2021\/01\/FRACCIONES-N1-ALTO-BLOG.pdf\"><span style=\"color: #008080\"><strong>FRACCIONES NI ALTO BLOG<\/strong><\/span><\/a><\/span><\/p>\n<p>&nbsp;<\/p>\n","protected":false},"excerpt":{"rendered":"<p>Nuestros recursos pueden ser \u00fatiles para trabajarlos en Educaci\u00f3n Permanente de Adultos,si bien est\u00e1n adaptados a las caracter\u00edsticas del alumnado de nuestro Centro Educativo. En su elaboraci\u00f3n hemos partido de los contenidos de la&#46;&#46;&#46;<\/p>\n","protected":false},"author":11736,"featured_media":0,"parent":0,"menu_order":0,"comment_status":"closed","ping_status":"closed","template":"","meta":{"ngg_post_thumbnail":0,"footnotes":"","_mc_calendar":[]},"aioseo_notices":[],"post_mailing_queue_ids":[],"_links":{"self":[{"href":"https:\/\/blogsaverroes.juntadeandalucia.es\/cepermiguelhernandezgilabert\/wp-json\/wp\/v2\/pages\/3856"}],"collection":[{"href":"https:\/\/blogsaverroes.juntadeandalucia.es\/cepermiguelhernandezgilabert\/wp-json\/wp\/v2\/pages"}],"about":[{"href":"https:\/\/blogsaverroes.juntadeandalucia.es\/cepermiguelhernandezgilabert\/wp-json\/wp\/v2\/types\/page"}],"author":[{"embeddable":true,"href":"https:\/\/blogsaverroes.juntadeandalucia.es\/cepermiguelhernandezgilabert\/wp-json\/wp\/v2\/users\/11736"}],"replies":[{"embeddable":true,"href":"https:\/\/blogsaverroes.juntadeandalucia.es\/cepermiguelhernandezgilabert\/wp-json\/wp\/v2\/comments?post=3856"}],"version-history":[{"count":20,"href":"https:\/\/blogsaverroes.juntadeandalucia.es\/cepermiguelhernandezgilabert\/wp-json\/wp\/v2\/pages\/3856\/revisions"}],"predecessor-version":[{"id":3904,"href":"https:\/\/blogsaverroes.juntadeandalucia.es\/cepermiguelhernandezgilabert\/wp-json\/wp\/v2\/pages\/3856\/revisions\/3904"}],"wp:attachment":[{"href":"https:\/\/blogsaverroes.juntadeandalucia.es\/cepermiguelhernandezgilabert\/wp-json\/wp\/v2\/media?parent=3856"}],"curies":[{"name":"wp","href":"https:\/\/api.w.org\/{rel}","templated":true}]}}