{"id":19,"date":"2018-11-15T08:45:50","date_gmt":"2018-11-15T08:45:50","guid":{"rendered":"https:\/\/blogsaverroes.juntadeandalucia.es\/cepermontilla\/?page_id=19"},"modified":"2023-09-08T09:00:05","modified_gmt":"2023-09-08T09:00:05","slug":"organigrama","status":"publish","type":"page","link":"https:\/\/blogsaverroes.juntadeandalucia.es\/cepermontilla\/organigrama\/","title":{"rendered":"Equipo docente"},"content":{"rendered":"<table style=\"width: 78%;height: 706px\" width=\"78%\">\n<tbody>\n<tr style=\"height: 24px\">\n<td style=\"width: 98%;height: 24px\" colspan=\"2\" width=\"99%\"><strong>EQUIPO DOCENTE C.E.PER ANTONIO GALA Y SECCIONES<\/strong><\/td>\n<\/tr>\n<tr style=\"height: 24px\">\n<td style=\"width: 98%;height: 24px\" colspan=\"2\" width=\"99%\"><strong>C.E.PER ANTONIO GALA<\/strong><\/td>\n<\/tr>\n<tr style=\"height: 24px\">\n<td style=\"width: 48.2252%;height: 24px\" width=\"48%\">Direcci\u00f3n<\/td>\n<td style=\"width: 49.7748%;height: 24px\" width=\"50%\"><strong>Antonio Cosano Cabello<\/strong><\/td>\n<\/tr>\n<tr style=\"height: 24px\">\n<td style=\"width: 48.2252%;height: 24px\" width=\"48%\">Jefatura de estudios<\/td>\n<td style=\"width: 49.7748%;height: 24px\" width=\"50%\"><strong>Dolores M\u00e9ndez Bujalance<\/strong><\/td>\n<\/tr>\n<tr style=\"height: 24px\">\n<td style=\"width: 48.2252%;height: 24px\" width=\"48%\">&nbsp;<\/td>\n<td style=\"width: 49.7748%;height: 24px\" width=\"50%\">&nbsp;<\/td>\n<\/tr>\n<tr style=\"height: 24px\">\n<td style=\"width: 48.2252%;height: 130px\" rowspan=\"6\" width=\"48%\">Tutor\u00edas<\/td>\n<td style=\"width: 49.7748%;height: 24px\" width=\"50%\">Celia Mar\u00eda Castro Jim\u00e9nez<\/td>\n<\/tr>\n<tr style=\"height: 24px\">\n<td style=\"width: 49.7748%;height: 24px\" width=\"50%\">Mar\u00eda del Roc\u00edo Gonz\u00e1lez Garc\u00eda<\/td>\n<\/tr>\n<tr style=\"height: 24px\">\n<td style=\"width: 49.7748%;height: 24px\" width=\"50%\">Laura Gordon Soria<\/td>\n<\/tr>\n<tr style=\"height: 24px\">\n<td style=\"width: 49.7748%;height: 24px\" width=\"50%\">Eduardo P\u00e9rez L\u00f3pez<\/td>\n<\/tr>\n<tr style=\"height: 24px\">\n<td style=\"width: 49.7748%;height: 24px\" width=\"50%\">&nbsp;<\/td>\n<\/tr>\n<tr style=\"height: 10px\">\n<td style=\"width: 49.7748%;height: 10px\" width=\"50%\">&nbsp;<\/td>\n<\/tr>\n<tr style=\"height: 24px\">\n<td style=\"width: 98%;height: 24px\" colspan=\"2\" width=\"99%\"><strong>S.E.P ROSA DE BULAY&nbsp;&nbsp;&nbsp;&nbsp;&nbsp;&nbsp;&nbsp;&nbsp;&nbsp;&nbsp;&nbsp;&nbsp;&nbsp;&nbsp;&nbsp;&nbsp;&nbsp;&nbsp;&nbsp; <\/strong><\/td>\n<\/tr>\n<tr style=\"height: 24px\">\n<td style=\"width: 48.2252%;height: 24px\" width=\"48%\">Jefatura de estudios delegada<\/td>\n<td style=\"width: 49.7748%;height: 24px\" width=\"50%\"><strong>Mar\u00eda Josefa Ortiz Prieto<\/strong><\/td>\n<\/tr>\n<tr style=\"height: 24px\">\n<td style=\"width: 48.2252%;height: 24px\" width=\"48%\">&nbsp;<\/td>\n<td style=\"width: 49.7748%;height: 24px\" width=\"50%\"><strong>&nbsp;<\/strong><\/td>\n<\/tr>\n<tr style=\"height: 24px\">\n<td style=\"width: 48.2252%;height: 24px\" width=\"48%\">Tutor\u00edas<\/td>\n<td style=\"width: 49.7748%;height: 24px\" width=\"50%\">Soledad L\u00f3pez Jim\u00e9nez\/Carmen Flores G\u00f3mez<\/td>\n<\/tr>\n<tr style=\"height: 24px\">\n<td style=\"width: 48.2252%;height: 48px\" rowspan=\"2\" width=\"48%\">&nbsp;<\/td>\n<td style=\"width: 49.7748%;height: 24px\" width=\"50%\">Mar\u00eda Jes\u00fas L\u00f3pez Bujalance<\/td>\n<\/tr>\n<tr style=\"height: 24px\">\n<td style=\"width: 49.7748%;height: 24px\" width=\"50%\">Jos\u00e9 \u00c1ngel Segura Ma\u00edz<\/td>\n<\/tr>\n<tr style=\"height: 24px\">\n<td style=\"width: 98%;height: 24px\" colspan=\"2\" width=\"99%\"><strong>S.E.P MAR\u00cdA ALFONSA ROSAL HIDALGO<\/strong><\/td>\n<\/tr>\n<tr style=\"height: 24px\">\n<td style=\"width: 48.2252%;height: 24px\" width=\"48%\">Jefatura de estudios delegada<\/td>\n<td style=\"width: 49.7748%;height: 24px\" width=\"50%\"><strong>Laura Moreno-Vaquerizo<\/strong><\/td>\n<\/tr>\n<tr style=\"height: 24px\">\n<td style=\"width: 48.2252%;height: 24px\" width=\"48%\">Tutor\u00edas<\/td>\n<td style=\"width: 49.7748%;height: 24px\" width=\"50%\">Patricia Navajas Lozano\/Mar\u00eda de los \u00c1ngeles P\u00e9rez P\u00e9rez<\/td>\n<\/tr>\n<tr style=\"height: 24px\">\n<td style=\"width: 98%;height: 24px\" colspan=\"2\" width=\"99%\"><strong>S.E.P LA PAZ<\/strong><\/td>\n<\/tr>\n<tr style=\"height: 24px\">\n<td style=\"width: 48.2252%;height: 24px\" width=\"48%\">Jefatura de estudios delegada<\/td>\n<td style=\"width: 49.7748%;height: 24px\" width=\"50%\"><strong>Auxiliadora Gallardo Salamanca<\/strong><\/td>\n<\/tr>\n<tr style=\"height: 24px\">\n<td style=\"width: 98%;height: 24px\" colspan=\"2\" width=\"99%\"><strong>S.E.P ALCALDE SERRANO<\/strong><\/td>\n<\/tr>\n<tr style=\"height: 24px\">\n<td style=\"width: 48.2252%;height: 24px\" width=\"48%\">Jefatura de estudios delegada<\/td>\n<td style=\"width: 49.7748%;height: 24px\" width=\"50%\"><strong>Jos\u00e9 Lu\u00eds Cantador Sicilia<\/strong><\/td>\n<\/tr>\n<tr style=\"height: 24px\">\n<td style=\"width: 98%;height: 24px\" colspan=\"2\" width=\"99%\"><strong>S.E.P DOLORCITA FERN\u00c1NDEZ<\/strong><\/td>\n<\/tr>\n<tr style=\"height: 24px\">\n<td style=\"width: 48.2252%;height: 24px\" width=\"48%\">Jefatura de estudios delegada<\/td>\n<td style=\"width: 49.7748%;height: 24px\" width=\"50%\"><strong>Cristina Avil\u00e9s Fern\u00e1ndez<\/strong><\/td>\n<\/tr>\n<tr style=\"height: 24px\">\n<td style=\"width: 48.2252%;height: 24px\" width=\"48%\">Tutor\u00edas<\/td>\n<td style=\"width: 49.7748%;height: 24px\" width=\"50%\">Manuel P\u00e9rez Ojeda<\/td>\n<\/tr>\n<tr style=\"height: 24px\">\n<td style=\"width: 48.2252%;height: 24px\" width=\"48%\">&nbsp;<\/td>\n<td style=\"width: 49.7748%;height: 24px\" width=\"50%\">Mar\u00eda Jos\u00e9 Campa\u00f1a Yuste<\/td>\n<\/tr>\n<tr style=\"height: 24px\">\n<td style=\"width: 98%;height: 24px\" colspan=\"2\" width=\"99%\"><strong>S.E.P 8 DE MARZO<\/strong><\/td>\n<\/tr>\n<tr style=\"height: 24px\">\n<td style=\"width: 48.2252%;height: 24px\" width=\"48%\">Jefatura de estudios delegada<\/td>\n<td style=\"width: 49.7748%;height: 24px\" width=\"50%\"><strong>Pilar Rodr\u00edguez Cabrales<\/strong><\/td>\n<\/tr>\n<\/tbody>\n<\/table>\n","protected":false},"excerpt":{"rendered":"<p>EQUIPO DOCENTE C.E.PER ANTONIO GALA Y SECCIONES C.E.PER ANTONIO GALA Direcci\u00f3n Antonio Cosano Cabello Jefatura de estudios Dolores M\u00e9ndez Bujalance &nbsp; &nbsp; Tutor\u00edas Celia Mar\u00eda Castro Jim\u00e9nez Mar\u00eda del Roc\u00edo Gonz\u00e1lez Garc\u00eda Laura Gordon&#46;&#46;&#46;<\/p>\n","protected":false},"author":6736,"featured_media":0,"parent":0,"menu_order":0,"comment_status":"closed","ping_status":"closed","template":"","meta":{"ngg_post_thumbnail":0,"footnotes":""},"aioseo_notices":[],"_links":{"self":[{"href":"https:\/\/blogsaverroes.juntadeandalucia.es\/cepermontilla\/wp-json\/wp\/v2\/pages\/19"}],"collection":[{"href":"https:\/\/blogsaverroes.juntadeandalucia.es\/cepermontilla\/wp-json\/wp\/v2\/pages"}],"about":[{"href":"https:\/\/blogsaverroes.juntadeandalucia.es\/cepermontilla\/wp-json\/wp\/v2\/types\/page"}],"author":[{"embeddable":true,"href":"https:\/\/blogsaverroes.juntadeandalucia.es\/cepermontilla\/wp-json\/wp\/v2\/users\/6736"}],"replies":[{"embeddable":true,"href":"https:\/\/blogsaverroes.juntadeandalucia.es\/cepermontilla\/wp-json\/wp\/v2\/comments?post=19"}],"version-history":[{"count":14,"href":"https:\/\/blogsaverroes.juntadeandalucia.es\/cepermontilla\/wp-json\/wp\/v2\/pages\/19\/revisions"}],"predecessor-version":[{"id":2449,"href":"https:\/\/blogsaverroes.juntadeandalucia.es\/cepermontilla\/wp-json\/wp\/v2\/pages\/19\/revisions\/2449"}],"wp:attachment":[{"href":"https:\/\/blogsaverroes.juntadeandalucia.es\/cepermontilla\/wp-json\/wp\/v2\/media?parent=19"}],"curies":[{"name":"wp","href":"https:\/\/api.w.org\/{rel}","templated":true}]}}