{"id":210,"date":"2018-11-22T19:05:42","date_gmt":"2018-11-22T19:05:42","guid":{"rendered":"https:\/\/blogsaverroes.juntadeandalucia.es\/cepermontilla\/?page_id=210"},"modified":"2022-09-21T14:14:02","modified_gmt":"2022-09-21T14:14:02","slug":"planes-educativos","status":"publish","type":"page","link":"https:\/\/blogsaverroes.juntadeandalucia.es\/cepermontilla\/planes-educativos\/","title":{"rendered":"Planes educativos"},"content":{"rendered":"<p>En&nbsp;&nbsp;<strong>Educaci\u00f3n Permanente<\/strong> o Educaci\u00f3n para personas adultas se ofertan cursos, denominados Planes Educativos, que facilitan tu incorporaci\u00f3n al sistema educativo. Se desarrollan a lo largo de un curso escolar y se imparten en modalidad presencial o semipresencial.<\/p>\n<p>Si tienes dificultades de lectoescritura o de comprensi\u00f3n o de expresi\u00f3n puedes iniciar tu formaci\u00f3n cursando el&nbsp;<strong>Plan educativo de Formaci\u00f3n B\u00e1sica<\/strong>.<\/p>\n<p>Sin embargo, si no tienes estas dificultades y tienes inquietud por ampliar tus conocimientos, tienes la posibilidad de acceder a cursos denominados <strong>Planes educativos para el fomento de la ciudadan\u00eda activa<\/strong>&nbsp;entre los que puedes contar con formaci\u00f3n en el uso de las nuevas tecnolog\u00edas (uso de ordenadores), uso b\u00e1sico de idiomas, cultura emprendedora, patrimonio cultural y medioambiental de la comunidad aut\u00f3noma de Andaluc\u00eda, h\u00e1bitos de vida saludable, aprendizaje de la lengua castellana para personas extranjeras etc&#8230;<\/p>\n<p>Tambi\u00e9n se denominan Planes&nbsp;<u>no formales<\/u> ya que al finalizarlos no conduce a la obtenci\u00f3n de un t\u00edtulo oficial, aunque s\u00ed de un certificado de aprovechamiento.<\/p>\n<p>Pero si tu objetivo es obtener una titulaci\u00f3n oficial, ponemos a tu disposici\u00f3n la posibilidad de formarte para <strong>obtener el t\u00edtulo de la E.S.O<\/strong>, para <strong>acceder a un ciclo formativo de grado medio<\/strong> o una <strong>titulaci\u00f3n oficial a trav\u00e9s de la Escuela Oficial de Idiomas de Lucena en&nbsp; A2<\/strong> (clases en Montilla).<\/p>\n<p>No pierdas la oportunidad de volver a estudiar, nosotros te ayudaremos a hacerlo posible. \u00a1Te esperamos!<\/p>\n","protected":false},"excerpt":{"rendered":"<p>En&nbsp;&nbsp;Educaci\u00f3n Permanente o Educaci\u00f3n para personas adultas se ofertan cursos, denominados Planes Educativos, que facilitan tu incorporaci\u00f3n al sistema educativo. Se desarrollan a lo largo de un curso escolar y se imparten en modalidad&#46;&#46;&#46;<\/p>\n","protected":false},"author":6747,"featured_media":0,"parent":0,"menu_order":0,"comment_status":"closed","ping_status":"closed","template":"","meta":{"ngg_post_thumbnail":0,"footnotes":""},"aioseo_notices":[],"_links":{"self":[{"href":"https:\/\/blogsaverroes.juntadeandalucia.es\/cepermontilla\/wp-json\/wp\/v2\/pages\/210"}],"collection":[{"href":"https:\/\/blogsaverroes.juntadeandalucia.es\/cepermontilla\/wp-json\/wp\/v2\/pages"}],"about":[{"href":"https:\/\/blogsaverroes.juntadeandalucia.es\/cepermontilla\/wp-json\/wp\/v2\/types\/page"}],"author":[{"embeddable":true,"href":"https:\/\/blogsaverroes.juntadeandalucia.es\/cepermontilla\/wp-json\/wp\/v2\/users\/6747"}],"replies":[{"embeddable":true,"href":"https:\/\/blogsaverroes.juntadeandalucia.es\/cepermontilla\/wp-json\/wp\/v2\/comments?post=210"}],"version-history":[{"count":7,"href":"https:\/\/blogsaverroes.juntadeandalucia.es\/cepermontilla\/wp-json\/wp\/v2\/pages\/210\/revisions"}],"predecessor-version":[{"id":2072,"href":"https:\/\/blogsaverroes.juntadeandalucia.es\/cepermontilla\/wp-json\/wp\/v2\/pages\/210\/revisions\/2072"}],"wp:attachment":[{"href":"https:\/\/blogsaverroes.juntadeandalucia.es\/cepermontilla\/wp-json\/wp\/v2\/media?parent=210"}],"curies":[{"name":"wp","href":"https:\/\/api.w.org\/{rel}","templated":true}]}}