{"id":212,"date":"2018-11-22T19:08:21","date_gmt":"2018-11-22T19:08:21","guid":{"rendered":"https:\/\/blogsaverroes.juntadeandalucia.es\/cepermontilla\/?page_id=212"},"modified":"2019-05-30T16:42:44","modified_gmt":"2019-05-30T16:42:44","slug":"formales","status":"publish","type":"page","link":"https:\/\/blogsaverroes.juntadeandalucia.es\/cepermontilla\/formales\/","title":{"rendered":"Formaci\u00f3n B\u00e1sica"},"content":{"rendered":"<p>El Plan educativo de Formaci\u00f3n B\u00e1sica est\u00e1 dirigido a personas con dificultades lectroescritoras o de comprensi\u00f3n y expresi\u00f3n que desean adquirir la formaci\u00f3n necesaria para acceder a la Educaci\u00f3n Secundaria Obligatoria(ESO) para personas adultas, y as\u00ed conseguir el t\u00edtulo correspondiente. Se imparte exclusivamente en <strong>modalidad presencial.<\/strong><\/p>\n<p>Este Plan educativo est\u00e1 organizado en dos niveles de un curso de duraci\u00f3n cada uno; Nivel I y Nivel II. Puedes emplear de manera excepcional hasta un m\u00e1ximo de <strong>tres a\u00f1os por nivel<\/strong> si lo necesitaras.<\/p>\n<p>Cada nivel contiene tres \u00e1mbitos de conocimiento y cada \u00e1mbito tres m\u00f3dulos, uno por trimestre.<\/p>\n<p><strong>Nivel I<\/strong>:<\/p>\n<ul>\n<li>\u00c1mbito de comunicaci\u00f3n.<\/li>\n<li>\u00c1mbito cient\u00edfico-tecnol\u00f3gico.<\/li>\n<li>\u00c1mbito social.<\/li>\n<\/ul>\n<p><strong>Nivel II<\/strong>:<\/p>\n<ul>\n<li>\u00c1mbito de comunicaci\u00f3n.<\/li>\n<li>\u00c1mbito cient\u00edfico-tecnol\u00f3gico.<\/li>\n<li>\u00c1mbito social.<\/li>\n<\/ul>\n<p>Actualmente nuestro centro s\u00f3lo oferta Nivel II en el aula del \u00abMolinillo\u00bb.<\/p>\n","protected":false},"excerpt":{"rendered":"<p>El Plan educativo de Formaci\u00f3n B\u00e1sica est\u00e1 dirigido a personas con dificultades lectroescritoras o de comprensi\u00f3n y expresi\u00f3n que desean adquirir la formaci\u00f3n necesaria para acceder a la Educaci\u00f3n Secundaria Obligatoria(ESO) para personas adultas,&#46;&#46;&#46;<\/p>\n","protected":false},"author":6747,"featured_media":0,"parent":0,"menu_order":0,"comment_status":"closed","ping_status":"closed","template":"","meta":{"ngg_post_thumbnail":0,"footnotes":""},"aioseo_notices":[],"_links":{"self":[{"href":"https:\/\/blogsaverroes.juntadeandalucia.es\/cepermontilla\/wp-json\/wp\/v2\/pages\/212"}],"collection":[{"href":"https:\/\/blogsaverroes.juntadeandalucia.es\/cepermontilla\/wp-json\/wp\/v2\/pages"}],"about":[{"href":"https:\/\/blogsaverroes.juntadeandalucia.es\/cepermontilla\/wp-json\/wp\/v2\/types\/page"}],"author":[{"embeddable":true,"href":"https:\/\/blogsaverroes.juntadeandalucia.es\/cepermontilla\/wp-json\/wp\/v2\/users\/6747"}],"replies":[{"embeddable":true,"href":"https:\/\/blogsaverroes.juntadeandalucia.es\/cepermontilla\/wp-json\/wp\/v2\/comments?post=212"}],"version-history":[{"count":5,"href":"https:\/\/blogsaverroes.juntadeandalucia.es\/cepermontilla\/wp-json\/wp\/v2\/pages\/212\/revisions"}],"predecessor-version":[{"id":958,"href":"https:\/\/blogsaverroes.juntadeandalucia.es\/cepermontilla\/wp-json\/wp\/v2\/pages\/212\/revisions\/958"}],"wp:attachment":[{"href":"https:\/\/blogsaverroes.juntadeandalucia.es\/cepermontilla\/wp-json\/wp\/v2\/media?parent=212"}],"curies":[{"name":"wp","href":"https:\/\/api.w.org\/{rel}","templated":true}]}}