{"id":303,"date":"2019-01-27T11:38:12","date_gmt":"2019-01-27T11:38:12","guid":{"rendered":"https:\/\/blogsaverroes.juntadeandalucia.es\/cepermontilla\/?page_id=303"},"modified":"2022-09-29T10:58:28","modified_gmt":"2022-09-29T10:58:28","slug":"s-e-per-alcalde-serrano","status":"publish","type":"page","link":"https:\/\/blogsaverroes.juntadeandalucia.es\/cepermontilla\/s-e-per-alcalde-serrano\/","title":{"rendered":"S.E.PER. Alcalde Serrano"},"content":{"rendered":"<p>La S.E.PER. Alcalde Serrano es una de las secciones de Educaci\u00f3n Permanente del C.E.PER Antonio Gala de Montilla ubicada en el pueblo de Santaella (C\u00f3rdoba).<\/p>\n<p>&nbsp;<\/p>\n<p>&nbsp;<\/p>\n<p>&nbsp;<\/p>\n<p>Nuestros datos son los siguientes:<\/p>\n<ul>\n<li>C\/Granada, s\/n en Santaella, C\u00f3rdoba<\/li>\n<li>C\/Santo Rosario, s\/n en La Guijarrosa, C\u00f3rdoba<\/li>\n<\/ul>\n<p>Tfno: 618241639<\/p>\n<p>Direcci\u00f3n\u00a0 de correo: 14500042.edu@juntadeandalucia.es<\/p>\n<p>Nuestro centro cuenta con un amplia variedad de planes y programas<\/p>\n<ul>\n<li>Obtenci\u00f3n titulaci\u00f3n b\u00e1sica:\n<ul>\n<li>Prueba Libre y Tutor\u00eda de Apoyo al Estudio (ESO).<\/li>\n<\/ul>\n<\/li>\n<\/ul>\n<ul>\n<li>Uso b\u00e1sico idioma extranjero:\u00a0 Ingl\u00e9s.<\/li>\n<li>Cultura emprendedora.<\/li>\n<\/ul>\n<p>&nbsp;<\/p>\n<p><a href=\"https:\/\/blogsaverroes.juntadeandalucia.es\/cepermontilla\/category\/s-e-p-alcalde-serrano\/\">NOTICIAS DEL CENTRO<\/a><\/p>\n","protected":false},"excerpt":{"rendered":"<p>La S.E.PER. Alcalde Serrano es una de las secciones de Educaci\u00f3n Permanente del C.E.PER Antonio Gala de Montilla ubicada en el pueblo de Santaella (C\u00f3rdoba). &nbsp; &nbsp; &nbsp; Nuestros datos son los siguientes: C\/Granada,&#46;&#46;&#46;<\/p>\n","protected":false},"author":6747,"featured_media":436,"parent":0,"menu_order":0,"comment_status":"closed","ping_status":"closed","template":"","meta":{"ngg_post_thumbnail":0,"footnotes":""},"aioseo_notices":[],"_links":{"self":[{"href":"https:\/\/blogsaverroes.juntadeandalucia.es\/cepermontilla\/wp-json\/wp\/v2\/pages\/303"}],"collection":[{"href":"https:\/\/blogsaverroes.juntadeandalucia.es\/cepermontilla\/wp-json\/wp\/v2\/pages"}],"about":[{"href":"https:\/\/blogsaverroes.juntadeandalucia.es\/cepermontilla\/wp-json\/wp\/v2\/types\/page"}],"author":[{"embeddable":true,"href":"https:\/\/blogsaverroes.juntadeandalucia.es\/cepermontilla\/wp-json\/wp\/v2\/users\/6747"}],"replies":[{"embeddable":true,"href":"https:\/\/blogsaverroes.juntadeandalucia.es\/cepermontilla\/wp-json\/wp\/v2\/comments?post=303"}],"version-history":[{"count":9,"href":"https:\/\/blogsaverroes.juntadeandalucia.es\/cepermontilla\/wp-json\/wp\/v2\/pages\/303\/revisions"}],"predecessor-version":[{"id":2089,"href":"https:\/\/blogsaverroes.juntadeandalucia.es\/cepermontilla\/wp-json\/wp\/v2\/pages\/303\/revisions\/2089"}],"wp:featuredmedia":[{"embeddable":true,"href":"https:\/\/blogsaverroes.juntadeandalucia.es\/cepermontilla\/wp-json\/wp\/v2\/media\/436"}],"wp:attachment":[{"href":"https:\/\/blogsaverroes.juntadeandalucia.es\/cepermontilla\/wp-json\/wp\/v2\/media?parent=303"}],"curies":[{"name":"wp","href":"https:\/\/api.w.org\/{rel}","templated":true}]}}