{"id":382,"date":"2019-02-20T20:35:29","date_gmt":"2019-02-20T20:35:29","guid":{"rendered":"https:\/\/blogsaverroes.juntadeandalucia.es\/cepermontilla\/?page_id=382"},"modified":"2019-02-20T20:35:29","modified_gmt":"2019-02-20T20:35:29","slug":"noticias-secciones","status":"publish","type":"page","link":"https:\/\/blogsaverroes.juntadeandalucia.es\/cepermontilla\/noticias-secciones\/","title":{"rendered":"Noticias secciones"},"content":{"rendered":"<p>Elija en el submen\u00fa la secci\u00f3n que le interese y podr\u00e1 leer todas las actividades y noticias relacionadas con la misma.<\/p>\n","protected":false},"excerpt":{"rendered":"<p>Elija en el submen\u00fa la secci\u00f3n que le interese y podr\u00e1 leer todas las actividades y noticias relacionadas con la misma.<\/p>\n","protected":false},"author":6747,"featured_media":0,"parent":0,"menu_order":0,"comment_status":"closed","ping_status":"closed","template":"","meta":{"ngg_post_thumbnail":0,"footnotes":""},"aioseo_notices":[],"_links":{"self":[{"href":"https:\/\/blogsaverroes.juntadeandalucia.es\/cepermontilla\/wp-json\/wp\/v2\/pages\/382"}],"collection":[{"href":"https:\/\/blogsaverroes.juntadeandalucia.es\/cepermontilla\/wp-json\/wp\/v2\/pages"}],"about":[{"href":"https:\/\/blogsaverroes.juntadeandalucia.es\/cepermontilla\/wp-json\/wp\/v2\/types\/page"}],"author":[{"embeddable":true,"href":"https:\/\/blogsaverroes.juntadeandalucia.es\/cepermontilla\/wp-json\/wp\/v2\/users\/6747"}],"replies":[{"embeddable":true,"href":"https:\/\/blogsaverroes.juntadeandalucia.es\/cepermontilla\/wp-json\/wp\/v2\/comments?post=382"}],"version-history":[{"count":1,"href":"https:\/\/blogsaverroes.juntadeandalucia.es\/cepermontilla\/wp-json\/wp\/v2\/pages\/382\/revisions"}],"predecessor-version":[{"id":383,"href":"https:\/\/blogsaverroes.juntadeandalucia.es\/cepermontilla\/wp-json\/wp\/v2\/pages\/382\/revisions\/383"}],"wp:attachment":[{"href":"https:\/\/blogsaverroes.juntadeandalucia.es\/cepermontilla\/wp-json\/wp\/v2\/media?parent=382"}],"curies":[{"name":"wp","href":"https:\/\/api.w.org\/{rel}","templated":true}]}}