{"id":147,"date":"2015-03-17T07:46:52","date_gmt":"2015-03-17T07:46:52","guid":{"rendered":"http:\/\/blogsaverroes.juntadeandalucia.es\/pre\/ceip\/?page_id=147"},"modified":"2020-11-03T18:44:47","modified_gmt":"2020-11-03T18:44:47","slug":"acceso","status":"publish","type":"page","link":"https:\/\/blogsaverroes.juntadeandalucia.es\/ceperpedrodeescavias\/acceso\/","title":{"rendered":"\ud83e\uddd1\u200d\ud83c\udf93 Acceso a la Universidad"},"content":{"rendered":"<p><img loading=\"lazy\" decoding=\"async\" class=\"alignnone size-full wp-image-3560\" src=\"https:\/\/blogsaverroes.juntadeandalucia.es\/ceperpedrodeescavias\/files\/2020\/11\/ujaen.jpg\" alt=\"\" width=\"624\" height=\"385\" srcset=\"https:\/\/blogsaverroes.juntadeandalucia.es\/ceperpedrodeescavias\/files\/2020\/11\/ujaen.jpg 624w, https:\/\/blogsaverroes.juntadeandalucia.es\/ceperpedrodeescavias\/files\/2020\/11\/ujaen-300x185.jpg 300w, https:\/\/blogsaverroes.juntadeandalucia.es\/ceperpedrodeescavias\/files\/2020\/11\/ujaen-24x15.jpg 24w, https:\/\/blogsaverroes.juntadeandalucia.es\/ceperpedrodeescavias\/files\/2020\/11\/ujaen-36x22.jpg 36w, https:\/\/blogsaverroes.juntadeandalucia.es\/ceperpedrodeescavias\/files\/2020\/11\/ujaen-48x30.jpg 48w\" sizes=\"(max-width: 624px) 100vw, 624px\" \/><\/p>\n<p style=\"text-align: justify\">En el CEPer \u00abPedro de Escavias\u00bb os preparamos para la prueba de acceso a la Universidad para mayores de 25 o 45 a\u00f1os, en la rama de <strong>HUMANIDADES<\/strong>.<\/p>\n<p>En esta rama, las asignaturas que debemos preparar son:<\/p>\n<ul>\n<li>Lengua castellana<\/li>\n<li>Comentario de texto<\/li>\n<li>Ingl\u00e9s<\/li>\n<li>Geograf\u00eda<\/li>\n<li>Historia General<\/li>\n<li>Historia del Arte<\/li>\n<\/ul>\n<p>Los mayores de 45 a\u00f1os pueden elegir examinarse solamente de Lengua castellana y comentario de texto.<\/p>\n<p>El examen suele ser a finales de mayo, as\u00ed que si est\u00e1s leyendo esto, p\u00e1sate por nuestro centro, <span style=\"color: #008000\"><strong>\u00a1todav\u00eda tenemos plazas libres!<\/strong><\/span><\/p>\n","protected":false},"excerpt":{"rendered":"<p>En el CEPer \u00abPedro de Escavias\u00bb os preparamos para la prueba de acceso a la Universidad para mayores de 25 o 45 a\u00f1os, en la rama de HUMANIDADES. En esta rama, las asignaturas que&#46;&#46;&#46;<\/p>\n","protected":false},"author":1,"featured_media":0,"parent":0,"menu_order":0,"comment_status":"open","ping_status":"open","template":"","meta":{"ngg_post_thumbnail":0,"footnotes":"","_mc_calendar":[]},"aioseo_notices":[],"_links":{"self":[{"href":"https:\/\/blogsaverroes.juntadeandalucia.es\/ceperpedrodeescavias\/wp-json\/wp\/v2\/pages\/147"}],"collection":[{"href":"https:\/\/blogsaverroes.juntadeandalucia.es\/ceperpedrodeescavias\/wp-json\/wp\/v2\/pages"}],"about":[{"href":"https:\/\/blogsaverroes.juntadeandalucia.es\/ceperpedrodeescavias\/wp-json\/wp\/v2\/types\/page"}],"author":[{"embeddable":true,"href":"https:\/\/blogsaverroes.juntadeandalucia.es\/ceperpedrodeescavias\/wp-json\/wp\/v2\/users\/1"}],"replies":[{"embeddable":true,"href":"https:\/\/blogsaverroes.juntadeandalucia.es\/ceperpedrodeescavias\/wp-json\/wp\/v2\/comments?post=147"}],"version-history":[{"count":17,"href":"https:\/\/blogsaverroes.juntadeandalucia.es\/ceperpedrodeescavias\/wp-json\/wp\/v2\/pages\/147\/revisions"}],"predecessor-version":[{"id":3561,"href":"https:\/\/blogsaverroes.juntadeandalucia.es\/ceperpedrodeescavias\/wp-json\/wp\/v2\/pages\/147\/revisions\/3561"}],"wp:attachment":[{"href":"https:\/\/blogsaverroes.juntadeandalucia.es\/ceperpedrodeescavias\/wp-json\/wp\/v2\/media?parent=147"}],"curies":[{"name":"wp","href":"https:\/\/api.w.org\/{rel}","templated":true}]}}