{"id":150,"date":"2015-03-17T07:48:04","date_gmt":"2015-03-17T07:48:04","guid":{"rendered":"http:\/\/blogsaverroes.juntadeandalucia.es\/pre\/ceip\/?page_id=150"},"modified":"2025-05-23T16:48:42","modified_gmt":"2025-05-23T14:48:42","slug":"patrimonio","status":"publish","type":"page","link":"https:\/\/blogsaverroes.juntadeandalucia.es\/ceperpedrodeescavias\/patrimonio\/","title":{"rendered":"\ud83d\udc83\ud83c\udffb Patrimonio Cultural Andaluz"},"content":{"rendered":"<p>El prop\u00f3sito de este plan educativo es permitir de la forma m\u00e1s<br \/>\ndid\u00e1ctica, amena y accesible posible, que el alumnado pueda conocer,<br \/>\napreciar y velar por la conservaci\u00f3n de los principales elementos<br \/>\npatrimoniales de tipo cultural y medioambiental que se encuentran<br \/>\ndentro de nuestra comunidad, desde la arquitectura popular o la<br \/>\ngastronom\u00eda hasta los registros documentales y monumentales, la<br \/>\nm\u00fasica y la industria tradicional, as\u00ed como las extensas playas<br \/>\natl\u00e1nticas o las ex\u00f3ticas calas de Cabo de Gata, las cumbres de Sierra<br \/>\nNevada y las dehesas de Sierra Morena o el f\u00e9rtil valle del Guadalquivir<\/p>\n<p><a href=\"https:\/\/www.juntadeandalucia.es\/educacion\/portals\/delegate\/content\/a6caf50f-5f3b-4422-a243-a3b22f01170e\">CONTENIDOS Y MATERIAL<\/a><\/p>\n","protected":false},"excerpt":{"rendered":"<p>El prop\u00f3sito de este plan educativo es permitir de la forma m\u00e1s did\u00e1ctica, amena y accesible posible, que el alumnado pueda conocer, apreciar y velar por la conservaci\u00f3n de los principales elementos patrimoniales de&#46;&#46;&#46;<\/p>\n","protected":false},"author":1,"featured_media":0,"parent":0,"menu_order":0,"comment_status":"open","ping_status":"open","template":"","meta":{"ngg_post_thumbnail":0,"footnotes":"","_mc_calendar":[]},"aioseo_notices":[],"_links":{"self":[{"href":"https:\/\/blogsaverroes.juntadeandalucia.es\/ceperpedrodeescavias\/wp-json\/wp\/v2\/pages\/150"}],"collection":[{"href":"https:\/\/blogsaverroes.juntadeandalucia.es\/ceperpedrodeescavias\/wp-json\/wp\/v2\/pages"}],"about":[{"href":"https:\/\/blogsaverroes.juntadeandalucia.es\/ceperpedrodeescavias\/wp-json\/wp\/v2\/types\/page"}],"author":[{"embeddable":true,"href":"https:\/\/blogsaverroes.juntadeandalucia.es\/ceperpedrodeescavias\/wp-json\/wp\/v2\/users\/1"}],"replies":[{"embeddable":true,"href":"https:\/\/blogsaverroes.juntadeandalucia.es\/ceperpedrodeescavias\/wp-json\/wp\/v2\/comments?post=150"}],"version-history":[{"count":14,"href":"https:\/\/blogsaverroes.juntadeandalucia.es\/ceperpedrodeescavias\/wp-json\/wp\/v2\/pages\/150\/revisions"}],"predecessor-version":[{"id":9547,"href":"https:\/\/blogsaverroes.juntadeandalucia.es\/ceperpedrodeescavias\/wp-json\/wp\/v2\/pages\/150\/revisions\/9547"}],"wp:attachment":[{"href":"https:\/\/blogsaverroes.juntadeandalucia.es\/ceperpedrodeescavias\/wp-json\/wp\/v2\/media?parent=150"}],"curies":[{"name":"wp","href":"https:\/\/api.w.org\/{rel}","templated":true}]}}