{"id":164,"date":"2015-03-17T07:52:28","date_gmt":"2015-03-17T07:52:28","guid":{"rendered":"http:\/\/blogsaverroes.juntadeandalucia.es\/pre\/ceip\/?page_id=164"},"modified":"2025-05-24T14:38:25","modified_gmt":"2025-05-24T12:38:25","slug":"ingles-2","status":"publish","type":"page","link":"https:\/\/blogsaverroes.juntadeandalucia.es\/ceperpedrodeescavias\/ingles-2\/","title":{"rendered":"\ud83c\uddec\ud83c\udde7 Uso b\u00e1sico de Idiomas: Ingl\u00e9s"},"content":{"rendered":"<p><img loading=\"lazy\" decoding=\"async\" class=\"aligncenter size-medium wp-image-2116\" src=\"https:\/\/blogsaverroes.juntadeandalucia.es\/ceperpedrodeescavias\/files\/2015\/03\/ingles-300x80.png\" alt=\"ingles\" width=\"300\" height=\"80\" srcset=\"https:\/\/blogsaverroes.juntadeandalucia.es\/ceperpedrodeescavias\/files\/2015\/03\/ingles-300x80.png 300w, https:\/\/blogsaverroes.juntadeandalucia.es\/ceperpedrodeescavias\/files\/2015\/03\/ingles.png 640w\" sizes=\"(max-width: 300px) 100vw, 300px\" \/><\/p>\n<p><strong><span style=\"font-family: sans-serif\"><span style=\"font-size: medium\">Primera Lengua Extranjera <\/span><\/span><\/strong><\/p>\n<p><span style=\"font-family: sans-serif\"><span style=\"font-size: medium\">La lengua es el instrumento por excelencia del aprendizaje y la comunicaci\u00f3n. Tanto las lenguas primeras como las lenguas extranjeras forman parte en la actualidad, y cada vez lo har\u00e1n m\u00e1s en el futuro, del bagaje vital de las personas en un mundo en continua expansi\u00f3n en el que, a la vez, las relaciones entre individuos, pa\u00edses, organismos y corporaciones se hacen m\u00e1s frecuentes y m\u00e1s estrechas. En la medida en que ese bagaje comprende diversos conocimientos, destrezas y actitudes en diversas lenguas, es decir un perfil pluriling\u00fce e intercultural, el individuo est\u00e1 mejor preparado para integrarse y participar en una variedad de contextos y de situaciones que suponen un est\u00edmulo para su desarrollo, y mejores oportunidades, en los \u00e1mbitos personal, p\u00fablico, educativo o acad\u00e9mico, ocupacional y profesional.<\/span><\/span><\/p>\n<h3 style=\"text-align: center\" data-start=\"173\" data-end=\"238\">\ud83d\udcd8&nbsp; USO B\u00c1SICO DE UN IDIOMA EXTRANJERO<\/h3>\n<p data-start=\"208\" data-end=\"445\">En nuestro centro ofrecemos el <strong data-start=\"239\" data-end=\"265\">Curso B\u00e1sico de Ingl\u00e9s<\/strong>, enmarcado dentro del plan de <strong>USO B\u00e1sico de un idioma extranjero<\/strong>, dirigido especialmente a personas adultas que desean iniciarse en el aprendizaje de una lengua extranjera.<\/p>\n<p data-start=\"447\" data-end=\"761\">\ud83d\udd39 <strong data-start=\"450\" data-end=\"485\">\u00bfQu\u00e9 objetivo tiene este curso?<\/strong><br data-start=\"485\" data-end=\"488\">Est\u00e1 basado en un enfoque comunicativo que prepara al alumnado para <strong data-start=\"556\" data-end=\"591\">afrontar situaciones cotidianas<\/strong> en ingl\u00e9s, como presentarse, pedir informaci\u00f3n, hacer compras, viajar o utilizar servicios b\u00e1sicos. El aprendizaje es pr\u00e1ctico, progresivo y adaptado al ritmo del grupo.<\/p>\n<p data-start=\"763\" data-end=\"861\">\ud83d\udd39 <strong data-start=\"766\" data-end=\"792\">\u00bfQu\u00e9 idioma se ofrece?<\/strong><br data-start=\"792\" data-end=\"795\">Actualmente, el idioma disponible en nuestro centro es <strong data-start=\"850\" data-end=\"860\">ingl\u00e9s<\/strong>.<\/p>\n<p data-start=\"863\" data-end=\"900\">\ud83d\udd39 <strong data-start=\"866\" data-end=\"898\">\u00bfQu\u00e9 materiales se utilizan?<\/strong><\/p>\n<ul data-start=\"901\" data-end=\"1535\">\n<li data-start=\"901\" data-end=\"1258\">\n<p data-start=\"903\" data-end=\"1258\">Para los cursos de iniciaci\u00f3n utilizamos los libros <strong data-start=\"955\" data-end=\"985\"><em data-start=\"957\" data-end=\"983\">English for Adults 1 y 2<\/em><\/strong> de la editorial <strong data-start=\"989\" data-end=\"1009\">Burlington Books<\/strong>. Son materiales dise\u00f1ados espec\u00edficamente para personas adultas que se inician desde cero.<br data-start=\"1100\" data-end=\"1103\">\ud83d\udc49&nbsp;<a href=\"https:\/\/burlingtonbooks.es\/students-resources\/#resources\">https:\/\/burlingtonbooks.es\/students-resources\/#resources<\/a><\/p>\n<\/li>\n<li data-start=\"1260\" data-end=\"1535\">\n<p data-start=\"1262\" data-end=\"1535\">Para niveles m\u00e1s avanzados trabajamos con el libro <strong data-start=\"1313\" data-end=\"1331\"><em data-start=\"1315\" data-end=\"1329\">English File<\/em><\/strong> de la editorial <strong data-start=\"1335\" data-end=\"1362\">Oxford University Press<\/strong>, que permite seguir progresando en la expresi\u00f3n y comprensi\u00f3n oral y escrita.<br data-start=\"1440\" data-end=\"1443\">\ud83d\udc49&nbsp;<a href=\"https:\/\/www.oup.es\/english-file-4th-edition\/\">https:\/\/www.oup.es\/english-file-4th-edition\/<\/a><\/p>\n<\/li>\n<\/ul>\n<p data-start=\"1537\" data-end=\"1667\">El curso se imparte en un entorno cercano, motivador y con apoyo visual y digital, adaptado a las necesidades del alumnado adulto.<\/p>\n<p data-start=\"1669\" data-end=\"1780\">\ud83d\udde3\ufe0f \u00a1Aprender ingl\u00e9s es posible a cualquier edad! Si est\u00e1s interesado\/a, no dudes en consultarnos en el centro.<\/p>\n<p data-start=\"1386\" data-end=\"1497\">&nbsp;<\/p>\n","protected":false},"excerpt":{"rendered":"<p>Primera Lengua Extranjera La lengua es el instrumento por excelencia del aprendizaje y la comunicaci\u00f3n. Tanto las lenguas primeras como las lenguas extranjeras forman parte en la actualidad, y cada vez lo har\u00e1n m\u00e1s&#46;&#46;&#46;<\/p>\n","protected":false},"author":1,"featured_media":0,"parent":0,"menu_order":0,"comment_status":"open","ping_status":"open","template":"","meta":{"ngg_post_thumbnail":0,"footnotes":"","_mc_calendar":[]},"aioseo_notices":[],"_links":{"self":[{"href":"https:\/\/blogsaverroes.juntadeandalucia.es\/ceperpedrodeescavias\/wp-json\/wp\/v2\/pages\/164"}],"collection":[{"href":"https:\/\/blogsaverroes.juntadeandalucia.es\/ceperpedrodeescavias\/wp-json\/wp\/v2\/pages"}],"about":[{"href":"https:\/\/blogsaverroes.juntadeandalucia.es\/ceperpedrodeescavias\/wp-json\/wp\/v2\/types\/page"}],"author":[{"embeddable":true,"href":"https:\/\/blogsaverroes.juntadeandalucia.es\/ceperpedrodeescavias\/wp-json\/wp\/v2\/users\/1"}],"replies":[{"embeddable":true,"href":"https:\/\/blogsaverroes.juntadeandalucia.es\/ceperpedrodeescavias\/wp-json\/wp\/v2\/comments?post=164"}],"version-history":[{"count":6,"href":"https:\/\/blogsaverroes.juntadeandalucia.es\/ceperpedrodeescavias\/wp-json\/wp\/v2\/pages\/164\/revisions"}],"predecessor-version":[{"id":9592,"href":"https:\/\/blogsaverroes.juntadeandalucia.es\/ceperpedrodeescavias\/wp-json\/wp\/v2\/pages\/164\/revisions\/9592"}],"wp:attachment":[{"href":"https:\/\/blogsaverroes.juntadeandalucia.es\/ceperpedrodeescavias\/wp-json\/wp\/v2\/media?parent=164"}],"curies":[{"name":"wp","href":"https:\/\/api.w.org\/{rel}","templated":true}]}}