{"id":170,"date":"2015-03-17T07:55:32","date_gmt":"2015-03-17T07:55:32","guid":{"rendered":"http:\/\/blogsaverroes.juntadeandalucia.es\/pre\/ceip\/?page_id=170"},"modified":"2025-05-23T16:41:43","modified_gmt":"2025-05-23T14:41:43","slug":"formacionbasica","status":"publish","type":"page","link":"https:\/\/blogsaverroes.juntadeandalucia.es\/ceperpedrodeescavias\/formacionbasica\/","title":{"rendered":"\ud83d\udcdd Formaci\u00f3n B\u00e1sica"},"content":{"rendered":"<p>&nbsp;<\/p>\n<p><a href=\"https:\/\/docs.google.com\/document\/d\/1HNFrohncyi3IkShhFxuwlOn3OwaaNE9w\/edit?usp=drive_link&amp;ouid=108089608943734328110&amp;rtpof=true&amp;sd=true\">PRUEBA VIA 21-22 ALFABETIZACI\u00d3N<\/a>&nbsp; <a href=\"https:\/\/docs.google.com\/document\/d\/1gPgxKc4-3rhE7URWDKcIFlCaHx9NYk5c\/edit?usp=drive_link&amp;ouid=108089608943734328110&amp;rtpof=true&amp;sd=true\">PRUEBA VIA NIVEL I<\/a>&nbsp; <a href=\"https:\/\/docs.google.com\/document\/d\/1Jv3JwDPMHOMujbkfLdU0RWh1mqUaI_Am\/edit?usp=drive_link&amp;ouid=108089608943734328110&amp;rtpof=true&amp;sd=true\">PRUEBA<\/a> VIA NIVEL II<\/p>\n<p><a href=\"https:\/\/drive.google.com\/file\/d\/1krWLYDMSjUq-KZJYlcoNmmdmFnV31Pdf\/view?usp=drive_link\">PRUEBA VIA PAR TODOS LOS CURSOS. PROCESO<\/a><\/p>\n<p><img loading=\"lazy\" decoding=\"async\" class=\"alignnone size-full wp-image-3552\" src=\"https:\/\/blogsaverroes.juntadeandalucia.es\/ceperpedrodeescavias\/files\/2020\/11\/educacion-adultos-1040x693-1.jpg\" alt=\"\" width=\"1040\" height=\"693\" srcset=\"https:\/\/blogsaverroes.juntadeandalucia.es\/ceperpedrodeescavias\/files\/2020\/11\/educacion-adultos-1040x693-1.jpg 1040w, https:\/\/blogsaverroes.juntadeandalucia.es\/ceperpedrodeescavias\/files\/2020\/11\/educacion-adultos-1040x693-1-300x200.jpg 300w, https:\/\/blogsaverroes.juntadeandalucia.es\/ceperpedrodeescavias\/files\/2020\/11\/educacion-adultos-1040x693-1-1024x682.jpg 1024w, https:\/\/blogsaverroes.juntadeandalucia.es\/ceperpedrodeescavias\/files\/2020\/11\/educacion-adultos-1040x693-1-768x512.jpg 768w, https:\/\/blogsaverroes.juntadeandalucia.es\/ceperpedrodeescavias\/files\/2020\/11\/educacion-adultos-1040x693-1-24x16.jpg 24w, https:\/\/blogsaverroes.juntadeandalucia.es\/ceperpedrodeescavias\/files\/2020\/11\/educacion-adultos-1040x693-1-36x24.jpg 36w, https:\/\/blogsaverroes.juntadeandalucia.es\/ceperpedrodeescavias\/files\/2020\/11\/educacion-adultos-1040x693-1-48x32.jpg 48w\" sizes=\"(max-width: 1040px) 100vw, 1040px\" \/><\/p>\n<p>Formaci\u00f3n b\u00e1sica es un plan dirigido a todas aquellas personas que en su d\u00eda no pudieron asistir o tuvieron que dejar el colegio.<\/p>\n<p>Ya que la educaci\u00f3n es un derecho, desde el CEPER \u201cPedro de Escavias\u201d queremos brindar a estas personas la oportunidad que no tuvieron en su infancia.<\/p>\n<p>Aqu\u00ed les ense\u00f1aremos a leer y escribir, a resolver operaciones sencillas y problemas, a tener cultura general&#8230;<\/p>\n<p>La formaci\u00f3n b\u00e1sica abarca los contenidos de los siguientes \u00e1mbitos:<\/p>\n<ul>\n<li>Cient\u00edfico &#8211; Tecnol\u00f3gico: Aqu\u00ed aprender\u00e1n todo lo relacionado con las matem\u00e1ticas, las ciencias naturales incluso algo de inform\u00e1tica!<\/li>\n<li>Comunicaci\u00f3n: Leer y escribir, comprender una lectura o ser capaz de escribir una peque\u00f1a carta.&nbsp;<\/li>\n<li>Social: Historia, geograf\u00eda, sociales&#8230; todo ello centrado en el entorno que nos rodea.<\/li>\n<\/ul>\n","protected":false},"excerpt":{"rendered":"<p>&nbsp; PRUEBA VIA 21-22 ALFABETIZACI\u00d3N&nbsp; PRUEBA VIA NIVEL I&nbsp; PRUEBA VIA NIVEL II PRUEBA VIA PAR TODOS LOS CURSOS. PROCESO Formaci\u00f3n b\u00e1sica es un plan dirigido a todas aquellas personas que en su d\u00eda&#46;&#46;&#46;<\/p>\n","protected":false},"author":1,"featured_media":0,"parent":0,"menu_order":0,"comment_status":"open","ping_status":"open","template":"","meta":{"ngg_post_thumbnail":0,"footnotes":"","_mc_calendar":[]},"aioseo_notices":[],"_links":{"self":[{"href":"https:\/\/blogsaverroes.juntadeandalucia.es\/ceperpedrodeescavias\/wp-json\/wp\/v2\/pages\/170"}],"collection":[{"href":"https:\/\/blogsaverroes.juntadeandalucia.es\/ceperpedrodeescavias\/wp-json\/wp\/v2\/pages"}],"about":[{"href":"https:\/\/blogsaverroes.juntadeandalucia.es\/ceperpedrodeescavias\/wp-json\/wp\/v2\/types\/page"}],"author":[{"embeddable":true,"href":"https:\/\/blogsaverroes.juntadeandalucia.es\/ceperpedrodeescavias\/wp-json\/wp\/v2\/users\/1"}],"replies":[{"embeddable":true,"href":"https:\/\/blogsaverroes.juntadeandalucia.es\/ceperpedrodeescavias\/wp-json\/wp\/v2\/comments?post=170"}],"version-history":[{"count":12,"href":"https:\/\/blogsaverroes.juntadeandalucia.es\/ceperpedrodeescavias\/wp-json\/wp\/v2\/pages\/170\/revisions"}],"predecessor-version":[{"id":9545,"href":"https:\/\/blogsaverroes.juntadeandalucia.es\/ceperpedrodeescavias\/wp-json\/wp\/v2\/pages\/170\/revisions\/9545"}],"wp:attachment":[{"href":"https:\/\/blogsaverroes.juntadeandalucia.es\/ceperpedrodeescavias\/wp-json\/wp\/v2\/media?parent=170"}],"curies":[{"name":"wp","href":"https:\/\/api.w.org\/{rel}","templated":true}]}}