{"id":3219,"date":"2020-10-28T09:58:02","date_gmt":"2020-10-28T09:58:02","guid":{"rendered":"https:\/\/blogsaverroes.juntadeandalucia.es\/ceperpedrodeescavias\/?page_id=3219"},"modified":"2025-04-23T19:59:23","modified_gmt":"2025-04-23T17:59:23","slug":"profesorado","status":"publish","type":"page","link":"https:\/\/blogsaverroes.juntadeandalucia.es\/ceperpedrodeescavias\/profesorado\/","title":{"rendered":"\ud83e\uddd1\ud83c\udffb\u200d\ud83c\udfeb Profesorado"},"content":{"rendered":"<p style=\"text-align: center\"><strong>CURSO 2024\/25<\/strong><\/p>\n<p>\u200b<\/p>\n<table style=\"border-collapse: collapse;width: 100%;height: 432px\">\n<tbody>\n<tr style=\"height: 108px\">\n<td style=\"width: 33.3333%;text-align: center;height: 108px\"><a href=\"https:\/\/blogsaverroes.juntadeandalucia.es\/ceperpedrodeescavias\/files\/2020\/12\/image.png\"><img loading=\"lazy\" decoding=\"async\" class=\"alignnone wp-image-4101 \" src=\"https:\/\/blogsaverroes.juntadeandalucia.es\/ceperpedrodeescavias\/files\/2020\/12\/image.png\" alt=\"\" width=\"92\" height=\"108\" srcset=\"https:\/\/blogsaverroes.juntadeandalucia.es\/ceperpedrodeescavias\/files\/2020\/12\/image.png 76w, https:\/\/blogsaverroes.juntadeandalucia.es\/ceperpedrodeescavias\/files\/2020\/12\/image-20x24.png 20w, https:\/\/blogsaverroes.juntadeandalucia.es\/ceperpedrodeescavias\/files\/2020\/12\/image-31x36.png 31w, https:\/\/blogsaverroes.juntadeandalucia.es\/ceperpedrodeescavias\/files\/2020\/12\/image-41x48.png 41w\" sizes=\"(max-width: 92px) 100vw, 92px\" \/><\/a><\/td>\n<td style=\"width: 33.3333%;text-align: center;height: 108px\"><a href=\"https:\/\/blogsaverroes.juntadeandalucia.es\/ceperpedrodeescavias\/files\/2025\/04\/47c488a7-e344-43d6-99a7-af701145a591.jpeg\"><img loading=\"lazy\" decoding=\"async\" class=\"alignnone wp-image-8935\" src=\"https:\/\/blogsaverroes.juntadeandalucia.es\/ceperpedrodeescavias\/files\/2025\/04\/47c488a7-e344-43d6-99a7-af701145a591-300x282.jpeg\" alt=\"\" width=\"113\" height=\"107\" srcset=\"https:\/\/blogsaverroes.juntadeandalucia.es\/ceperpedrodeescavias\/files\/2025\/04\/47c488a7-e344-43d6-99a7-af701145a591-300x282.jpeg 300w, https:\/\/blogsaverroes.juntadeandalucia.es\/ceperpedrodeescavias\/files\/2025\/04\/47c488a7-e344-43d6-99a7-af701145a591-1024x963.jpeg 1024w, https:\/\/blogsaverroes.juntadeandalucia.es\/ceperpedrodeescavias\/files\/2025\/04\/47c488a7-e344-43d6-99a7-af701145a591-768x722.jpeg 768w, https:\/\/blogsaverroes.juntadeandalucia.es\/ceperpedrodeescavias\/files\/2025\/04\/47c488a7-e344-43d6-99a7-af701145a591.jpeg 1217w\" sizes=\"(max-width: 113px) 100vw, 113px\" \/><\/a><\/td>\n<td style=\"width: 33.3333%;text-align: center;height: 108px\"><a href=\"https:\/\/blogsaverroes.juntadeandalucia.es\/ceperpedrodeescavias\/files\/2025\/04\/IMG_6204-1.jpg\"><img loading=\"lazy\" decoding=\"async\" class=\"alignnone wp-image-9061\" src=\"https:\/\/blogsaverroes.juntadeandalucia.es\/ceperpedrodeescavias\/files\/2025\/04\/IMG_6204-1.jpg\" alt=\"\" width=\"101\" height=\"135\" srcset=\"https:\/\/blogsaverroes.juntadeandalucia.es\/ceperpedrodeescavias\/files\/2025\/04\/IMG_6204-1.jpg 3024w, https:\/\/blogsaverroes.juntadeandalucia.es\/ceperpedrodeescavias\/files\/2025\/04\/IMG_6204-1-225x300.jpg 225w, https:\/\/blogsaverroes.juntadeandalucia.es\/ceperpedrodeescavias\/files\/2025\/04\/IMG_6204-1-768x1024.jpg 768w, https:\/\/blogsaverroes.juntadeandalucia.es\/ceperpedrodeescavias\/files\/2025\/04\/IMG_6204-1-1152x1536.jpg 1152w, https:\/\/blogsaverroes.juntadeandalucia.es\/ceperpedrodeescavias\/files\/2025\/04\/IMG_6204-1-1536x2048.jpg 1536w\" sizes=\"(max-width: 101px) 100vw, 101px\" \/><\/a><\/td>\n<\/tr>\n<tr style=\"height: 26px\">\n<td style=\"width: 33.3333%;text-align: center;height: 26px\"><strong><a href=\"https:\/\/blogsaverroes.juntadeandalucia.es\/ceperpedrodeescavias\/lourdes-velazquez\/\">Lourdes Vel\u00e1zquez<\/a><br \/>\n<\/strong><\/td>\n<td style=\"width: 33.3333%;text-align: center;height: 26px\"><span style=\"text-decoration: underline\"><b>Mar\u00eda Soriano&nbsp;<\/b><\/span><\/td>\n<td style=\"width: 33.3333%;text-align: center;height: 26px\"><a href=\"https:\/\/blogsaverroes.juntadeandalucia.es\/ceperpedrodeescavias\/patricia-hernandez-de-vera\/\"><span style=\"text-decoration: underline\"><b>Patricia Hern\u00e1ndez<\/b><\/span><\/a><\/td>\n<\/tr>\n<tr style=\"height: 118px\">\n<td style=\"width: 33.3333%;text-align: center;height: 118px\"><a href=\"https:\/\/blogsaverroes.juntadeandalucia.es\/ceperpedrodeescavias\/raquel-barrios\/\"><img loading=\"lazy\" decoding=\"async\" class=\"alignnone wp-image-3933\" style=\"text-align: start\" src=\"https:\/\/blogsaverroes.juntadeandalucia.es\/ceperpedrodeescavias\/files\/2020\/11\/Captura-de-pantalla-2020-11-25-a-las-18.18.37.png\" alt=\"\" width=\"98\" height=\"110\" srcset=\"https:\/\/blogsaverroes.juntadeandalucia.es\/ceperpedrodeescavias\/files\/2020\/11\/Captura-de-pantalla-2020-11-25-a-las-18.18.37.png 634w, https:\/\/blogsaverroes.juntadeandalucia.es\/ceperpedrodeescavias\/files\/2020\/11\/Captura-de-pantalla-2020-11-25-a-las-18.18.37-266x300.png 266w, https:\/\/blogsaverroes.juntadeandalucia.es\/ceperpedrodeescavias\/files\/2020\/11\/Captura-de-pantalla-2020-11-25-a-las-18.18.37-21x24.png 21w, https:\/\/blogsaverroes.juntadeandalucia.es\/ceperpedrodeescavias\/files\/2020\/11\/Captura-de-pantalla-2020-11-25-a-las-18.18.37-32x36.png 32w, https:\/\/blogsaverroes.juntadeandalucia.es\/ceperpedrodeescavias\/files\/2020\/11\/Captura-de-pantalla-2020-11-25-a-las-18.18.37-43x48.png 43w\" sizes=\"(max-width: 98px) 100vw, 98px\" \/><\/a><\/td>\n<td style=\"width: 33.3333%;text-align: center;height: 118px\">&nbsp;<\/td>\n<td style=\"width: 33.3333%;text-align: center;height: 118px\">&nbsp;<\/td>\n<\/tr>\n<tr style=\"height: 26px\">\n<td style=\"width: 33.3333%;text-align: center;height: 26px\"><a href=\"https:\/\/blogsaverroes.juntadeandalucia.es\/ceperpedrodeescavias\/raquel-barrios\/\"><strong>Raquel Barrios<\/strong><\/a><\/td>\n<td style=\"width: 33.3333%;text-align: center;height: 26px\"><span style=\"text-decoration: underline\"><strong>Alicia Ruiz Martos<\/strong><\/span><\/td>\n<td style=\"width: 33.3333%;text-align: center;height: 26px\"><span style=\"text-decoration: underline\"><b>M\u00aa Jos\u00e9 Toscano<\/b><\/span><\/td>\n<\/tr>\n<tr style=\"height: 128px\">\n<td style=\"width: 33.3333%;text-align: center;height: 128px\">&nbsp;<\/td>\n<td style=\"width: 33.3333%;text-align: center;height: 128px\">&nbsp;<\/td>\n<td style=\"width: 33.3333%;text-align: center;height: 128px\"><a href=\"https:\/\/blogsaverroes.juntadeandalucia.es\/ceperpedrodeescavias\/files\/2025\/04\/775691d3-1d70-40a8-8b37-1f900a197854.jpeg\"><img loading=\"lazy\" decoding=\"async\" class=\"alignnone wp-image-8937\" src=\"https:\/\/blogsaverroes.juntadeandalucia.es\/ceperpedrodeescavias\/files\/2025\/04\/775691d3-1d70-40a8-8b37-1f900a197854-205x300.jpeg\" alt=\"\" width=\"89\" height=\"130\" srcset=\"https:\/\/blogsaverroes.juntadeandalucia.es\/ceperpedrodeescavias\/files\/2025\/04\/775691d3-1d70-40a8-8b37-1f900a197854-205x300.jpeg 205w, https:\/\/blogsaverroes.juntadeandalucia.es\/ceperpedrodeescavias\/files\/2025\/04\/775691d3-1d70-40a8-8b37-1f900a197854-699x1024.jpeg 699w, https:\/\/blogsaverroes.juntadeandalucia.es\/ceperpedrodeescavias\/files\/2025\/04\/775691d3-1d70-40a8-8b37-1f900a197854-768x1126.jpeg 768w, https:\/\/blogsaverroes.juntadeandalucia.es\/ceperpedrodeescavias\/files\/2025\/04\/775691d3-1d70-40a8-8b37-1f900a197854-1048x1536.jpeg 1048w, https:\/\/blogsaverroes.juntadeandalucia.es\/ceperpedrodeescavias\/files\/2025\/04\/775691d3-1d70-40a8-8b37-1f900a197854.jpeg 1092w\" sizes=\"(max-width: 89px) 100vw, 89px\" \/><\/a><\/td>\n<\/tr>\n<tr style=\"height: 26px\">\n<td style=\"width: 33.3333%;text-align: center;height: 26px\"><span style=\"text-decoration: underline\"><b>Isabel Parra<\/b><\/span><\/td>\n<td style=\"width: 33.3333%;text-align: center;height: 26px\"><span style=\"text-decoration: underline\"><b>Ana Moreno<\/b><\/span><\/td>\n<td style=\"width: 33.3333%;text-align: center;height: 26px\"><a href=\"https:\/\/blogsaverroes.juntadeandalucia.es\/ceperpedrodeescavias\/montserrat-garcia\/\"><strong>Montserrat Garc\u00eda<\/strong><\/a><\/td>\n<\/tr>\n<\/tbody>\n<\/table>\n","protected":false},"excerpt":{"rendered":"<p>CURSO 2024\/25 \u200b Lourdes Vel\u00e1zquez Mar\u00eda Soriano&nbsp; Patricia Hern\u00e1ndez &nbsp; &nbsp; Raquel Barrios Alicia Ruiz Martos M\u00aa Jos\u00e9 Toscano &nbsp; &nbsp; Isabel Parra Ana Moreno Montserrat Garc\u00eda<\/p>\n","protected":false},"author":9142,"featured_media":0,"parent":0,"menu_order":0,"comment_status":"closed","ping_status":"closed","template":"","meta":{"ngg_post_thumbnail":0,"footnotes":"","_mc_calendar":[]},"aioseo_notices":[],"_links":{"self":[{"href":"https:\/\/blogsaverroes.juntadeandalucia.es\/ceperpedrodeescavias\/wp-json\/wp\/v2\/pages\/3219"}],"collection":[{"href":"https:\/\/blogsaverroes.juntadeandalucia.es\/ceperpedrodeescavias\/wp-json\/wp\/v2\/pages"}],"about":[{"href":"https:\/\/blogsaverroes.juntadeandalucia.es\/ceperpedrodeescavias\/wp-json\/wp\/v2\/types\/page"}],"author":[{"embeddable":true,"href":"https:\/\/blogsaverroes.juntadeandalucia.es\/ceperpedrodeescavias\/wp-json\/wp\/v2\/users\/9142"}],"replies":[{"embeddable":true,"href":"https:\/\/blogsaverroes.juntadeandalucia.es\/ceperpedrodeescavias\/wp-json\/wp\/v2\/comments?post=3219"}],"version-history":[{"count":37,"href":"https:\/\/blogsaverroes.juntadeandalucia.es\/ceperpedrodeescavias\/wp-json\/wp\/v2\/pages\/3219\/revisions"}],"predecessor-version":[{"id":9064,"href":"https:\/\/blogsaverroes.juntadeandalucia.es\/ceperpedrodeescavias\/wp-json\/wp\/v2\/pages\/3219\/revisions\/9064"}],"wp:attachment":[{"href":"https:\/\/blogsaverroes.juntadeandalucia.es\/ceperpedrodeescavias\/wp-json\/wp\/v2\/media?parent=3219"}],"curies":[{"name":"wp","href":"https:\/\/api.w.org\/{rel}","templated":true}]}}