{"id":3228,"date":"2020-10-28T10:15:26","date_gmt":"2020-10-28T10:15:26","guid":{"rendered":"https:\/\/blogsaverroes.juntadeandalucia.es\/ceperpedrodeescavias\/?page_id=3228"},"modified":"2025-05-23T09:12:04","modified_gmt":"2025-05-23T07:12:04","slug":"moodle","status":"publish","type":"page","link":"https:\/\/blogsaverroes.juntadeandalucia.es\/ceperpedrodeescavias\/app-moodle\/moodle\/","title":{"rendered":"\ud83d\udcbb Moodle"},"content":{"rendered":"<p style=\"text-align: justify\">Como consecuencia de la pandemia por COVID-19, la Junta de Andaluc\u00eda puso a disposici\u00f3n de todos los centros la plataforma Moodle.<\/p>\n<p style=\"text-align: justify\">Esta plataforma est\u00e1 destinada a mejorar el proceso de ense\u00f1anza-aprendizaje.<\/p>\n<p style=\"text-align: justify\">Os dejamos la direcci\u00f3n de la misma:&nbsp;<\/p>\n<p style=\"text-align: justify\"><a href=\"https:\/\/educacionadistancia.juntadeandalucia.es\/centros\/jaen\/\">https:\/\/educacionadistancia.juntadeandalucia.es\/centros\/jaen\/<\/a><\/p>\n<h2 style=\"text-align: center\"><strong><span style=\"color: #ff0000\">\u00a1IMPORTANTE!<\/span><\/strong><\/h2>\n<p>Si no tienes ni idea de como funciona Moodle, te dejamos este breve tutorial explicado paso a paso para que no tengas ning\u00fan problema!<\/p>\n<p><a href=\"https:\/\/iesalandalus.org\/educatic\/index.html\">https:\/\/iesalandalus.org\/educatic\/index.html<\/a><\/p>\n","protected":false},"excerpt":{"rendered":"<p>Como consecuencia de la pandemia por COVID-19, la Junta de Andaluc\u00eda puso a disposici\u00f3n de todos los centros la plataforma Moodle. Esta plataforma est\u00e1 destinada a mejorar el proceso de ense\u00f1anza-aprendizaje. Os dejamos la&#46;&#46;&#46;<\/p>\n","protected":false},"author":9142,"featured_media":0,"parent":3237,"menu_order":0,"comment_status":"closed","ping_status":"closed","template":"","meta":{"ngg_post_thumbnail":0,"footnotes":"","_mc_calendar":[]},"aioseo_notices":[],"_links":{"self":[{"href":"https:\/\/blogsaverroes.juntadeandalucia.es\/ceperpedrodeescavias\/wp-json\/wp\/v2\/pages\/3228"}],"collection":[{"href":"https:\/\/blogsaverroes.juntadeandalucia.es\/ceperpedrodeescavias\/wp-json\/wp\/v2\/pages"}],"about":[{"href":"https:\/\/blogsaverroes.juntadeandalucia.es\/ceperpedrodeescavias\/wp-json\/wp\/v2\/types\/page"}],"author":[{"embeddable":true,"href":"https:\/\/blogsaverroes.juntadeandalucia.es\/ceperpedrodeescavias\/wp-json\/wp\/v2\/users\/9142"}],"replies":[{"embeddable":true,"href":"https:\/\/blogsaverroes.juntadeandalucia.es\/ceperpedrodeescavias\/wp-json\/wp\/v2\/comments?post=3228"}],"version-history":[{"count":6,"href":"https:\/\/blogsaverroes.juntadeandalucia.es\/ceperpedrodeescavias\/wp-json\/wp\/v2\/pages\/3228\/revisions"}],"predecessor-version":[{"id":4002,"href":"https:\/\/blogsaverroes.juntadeandalucia.es\/ceperpedrodeescavias\/wp-json\/wp\/v2\/pages\/3228\/revisions\/4002"}],"up":[{"embeddable":true,"href":"https:\/\/blogsaverroes.juntadeandalucia.es\/ceperpedrodeescavias\/wp-json\/wp\/v2\/pages\/3237"}],"wp:attachment":[{"href":"https:\/\/blogsaverroes.juntadeandalucia.es\/ceperpedrodeescavias\/wp-json\/wp\/v2\/media?parent=3228"}],"curies":[{"name":"wp","href":"https:\/\/api.w.org\/{rel}","templated":true}]}}