{"id":3237,"date":"2020-10-28T10:31:47","date_gmt":"2020-10-28T10:31:47","guid":{"rendered":"https:\/\/blogsaverroes.juntadeandalucia.es\/ceperpedrodeescavias\/?page_id=3237"},"modified":"2020-10-31T21:47:42","modified_gmt":"2020-10-31T21:47:42","slug":"app-moodle","status":"publish","type":"page","link":"https:\/\/blogsaverroes.juntadeandalucia.es\/ceperpedrodeescavias\/app-moodle\/","title":{"rendered":"\ud83d\udcf2 App Moodle"},"content":{"rendered":"<p style=\"text-align: justify\">La app Moodle est\u00e1 disponible tanto en Android como en IOS.<\/p>\n<p style=\"text-align: justify\">Te recomendamos que la descargues para tener acceso a la plataforma desde tu smartphone o tablet. Pulsa en la imagen correspondiente para descargar la app.<\/p>\n<p><a href=\"https:\/\/play.google.com\/store\/apps\/details?id=com.moodle.moodlemobile&amp;gl=ES\"><img loading=\"lazy\" decoding=\"async\" class=\"alignnone size-full wp-image-3250\" src=\"https:\/\/blogsaverroes.juntadeandalucia.es\/ceperpedrodeescavias\/files\/2020\/10\/Captura-de-pantalla-2020-10-28-a-las-11.46.45-1.png\" alt=\"\" width=\"156\" height=\"149\" srcset=\"https:\/\/blogsaverroes.juntadeandalucia.es\/ceperpedrodeescavias\/files\/2020\/10\/Captura-de-pantalla-2020-10-28-a-las-11.46.45-1.png 156w, https:\/\/blogsaverroes.juntadeandalucia.es\/ceperpedrodeescavias\/files\/2020\/10\/Captura-de-pantalla-2020-10-28-a-las-11.46.45-1-24x24.png 24w, https:\/\/blogsaverroes.juntadeandalucia.es\/ceperpedrodeescavias\/files\/2020\/10\/Captura-de-pantalla-2020-10-28-a-las-11.46.45-1-36x34.png 36w, https:\/\/blogsaverroes.juntadeandalucia.es\/ceperpedrodeescavias\/files\/2020\/10\/Captura-de-pantalla-2020-10-28-a-las-11.46.45-1-48x46.png 48w\" sizes=\"(max-width: 156px) 100vw, 156px\" \/><\/a>&nbsp; &nbsp; &nbsp; &nbsp; &nbsp;&nbsp; &nbsp;&nbsp; &nbsp;&nbsp; &nbsp;&nbsp; &nbsp;&nbsp; &nbsp;&nbsp; &nbsp;&nbsp; <a href=\"https:\/\/apps.apple.com\/es\/app\/moodle\/id633359593\"><img loading=\"lazy\" decoding=\"async\" class=\"alignnone size-full wp-image-3251\" src=\"https:\/\/blogsaverroes.juntadeandalucia.es\/ceperpedrodeescavias\/files\/2020\/10\/Captura-de-pantalla-2020-10-28-a-las-11.46.45-copia.png\" alt=\"\" width=\"156\" height=\"149\" srcset=\"https:\/\/blogsaverroes.juntadeandalucia.es\/ceperpedrodeescavias\/files\/2020\/10\/Captura-de-pantalla-2020-10-28-a-las-11.46.45-copia.png 156w, https:\/\/blogsaverroes.juntadeandalucia.es\/ceperpedrodeescavias\/files\/2020\/10\/Captura-de-pantalla-2020-10-28-a-las-11.46.45-copia-24x24.png 24w, https:\/\/blogsaverroes.juntadeandalucia.es\/ceperpedrodeescavias\/files\/2020\/10\/Captura-de-pantalla-2020-10-28-a-las-11.46.45-copia-36x34.png 36w, https:\/\/blogsaverroes.juntadeandalucia.es\/ceperpedrodeescavias\/files\/2020\/10\/Captura-de-pantalla-2020-10-28-a-las-11.46.45-copia-48x46.png 48w\" sizes=\"(max-width: 156px) 100vw, 156px\" \/><\/a><\/p>\n<p>Una vez la teng\u00e1is descargada, y tras indicar que eres estudiante, la app nos solicita que escribamos la direcci\u00f3n de nuestro sitio.<\/p>\n<p><img loading=\"lazy\" decoding=\"async\" class=\"size-full wp-image-3253 aligncenter\" src=\"https:\/\/blogsaverroes.juntadeandalucia.es\/ceperpedrodeescavias\/files\/2020\/10\/Captura-de-pantalla-2020-10-28-a-las-12.11.19.png\" alt=\"\" width=\"332\" height=\"373\" srcset=\"https:\/\/blogsaverroes.juntadeandalucia.es\/ceperpedrodeescavias\/files\/2020\/10\/Captura-de-pantalla-2020-10-28-a-las-12.11.19.png 332w, https:\/\/blogsaverroes.juntadeandalucia.es\/ceperpedrodeescavias\/files\/2020\/10\/Captura-de-pantalla-2020-10-28-a-las-12.11.19-267x300.png 267w, https:\/\/blogsaverroes.juntadeandalucia.es\/ceperpedrodeescavias\/files\/2020\/10\/Captura-de-pantalla-2020-10-28-a-las-12.11.19-21x24.png 21w, https:\/\/blogsaverroes.juntadeandalucia.es\/ceperpedrodeescavias\/files\/2020\/10\/Captura-de-pantalla-2020-10-28-a-las-12.11.19-32x36.png 32w, https:\/\/blogsaverroes.juntadeandalucia.es\/ceperpedrodeescavias\/files\/2020\/10\/Captura-de-pantalla-2020-10-28-a-las-12.11.19-43x48.png 43w\" sizes=\"(max-width: 332px) 100vw, 332px\" \/><\/p>\n<p>Puedes copiarla y pegarla de aqui:<\/p>\n<p>Direcci\u00f3n Moodle CEPer Pedro de Escavias<\/p>\n<p>https:\/\/educacionadistancia.juntadeandalucia.es\/centros\/jaen\/<\/p>\n<p>Direcci\u00f3n Moodle IES Nuestra Se\u00f1ora de la Cabeza (para el alumnado de TAE ESO)<\/p>\n<p>https:\/\/educacionadistancia.juntadeandalucia.es\/semi\/login\/index.php<\/p>\n<p>Tambi\u00e9n puedes hacerlo con la opci\u00f3n escanear c\u00f3digo QR<\/p>\n<p><img loading=\"lazy\" decoding=\"async\" class=\"size-full wp-image-3254 aligncenter\" src=\"https:\/\/blogsaverroes.juntadeandalucia.es\/ceperpedrodeescavias\/files\/2020\/10\/Captura-de-pantalla-2020-10-28-a-las-12.11.37.png\" alt=\"\" width=\"330\" height=\"371\" srcset=\"https:\/\/blogsaverroes.juntadeandalucia.es\/ceperpedrodeescavias\/files\/2020\/10\/Captura-de-pantalla-2020-10-28-a-las-12.11.37.png 330w, https:\/\/blogsaverroes.juntadeandalucia.es\/ceperpedrodeescavias\/files\/2020\/10\/Captura-de-pantalla-2020-10-28-a-las-12.11.37-267x300.png 267w, https:\/\/blogsaverroes.juntadeandalucia.es\/ceperpedrodeescavias\/files\/2020\/10\/Captura-de-pantalla-2020-10-28-a-las-12.11.37-21x24.png 21w, https:\/\/blogsaverroes.juntadeandalucia.es\/ceperpedrodeescavias\/files\/2020\/10\/Captura-de-pantalla-2020-10-28-a-las-12.11.37-32x36.png 32w, https:\/\/blogsaverroes.juntadeandalucia.es\/ceperpedrodeescavias\/files\/2020\/10\/Captura-de-pantalla-2020-10-28-a-las-12.11.37-43x48.png 43w\" sizes=\"(max-width: 330px) 100vw, 330px\" \/><\/p>\n<p>Al pulsar esta opci\u00f3n, deberemos dar permiso para que la app utilice la c\u00e1mara, y tan solo tendremos que enfocar uno de los siguientes c\u00f3digos:<\/p>\n<p>Para Moodle del centro:<\/p>\n<p><img loading=\"lazy\" decoding=\"async\" class=\"size-full wp-image-3255 aligncenter\" src=\"https:\/\/blogsaverroes.juntadeandalucia.es\/ceperpedrodeescavias\/files\/2020\/10\/Captura-de-pantalla-2020-10-28-a-las-12.16.05.png\" alt=\"\" width=\"255\" height=\"250\" srcset=\"https:\/\/blogsaverroes.juntadeandalucia.es\/ceperpedrodeescavias\/files\/2020\/10\/Captura-de-pantalla-2020-10-28-a-las-12.16.05.png 255w, https:\/\/blogsaverroes.juntadeandalucia.es\/ceperpedrodeescavias\/files\/2020\/10\/Captura-de-pantalla-2020-10-28-a-las-12.16.05-24x24.png 24w, https:\/\/blogsaverroes.juntadeandalucia.es\/ceperpedrodeescavias\/files\/2020\/10\/Captura-de-pantalla-2020-10-28-a-las-12.16.05-36x36.png 36w, https:\/\/blogsaverroes.juntadeandalucia.es\/ceperpedrodeescavias\/files\/2020\/10\/Captura-de-pantalla-2020-10-28-a-las-12.16.05-48x48.png 48w\" sizes=\"(max-width: 255px) 100vw, 255px\" \/><\/p>\n<p>&nbsp;<\/p>\n<p>Para Moodle del IES Nuestra Se\u00f1ora de la Cabeza<\/p>\n<p><img loading=\"lazy\" decoding=\"async\" class=\"size-full wp-image-3256 aligncenter\" src=\"https:\/\/blogsaverroes.juntadeandalucia.es\/ceperpedrodeescavias\/files\/2020\/10\/Captura-de-pantalla-2020-10-28-a-las-12.18.03.png\" alt=\"\" width=\"251\" height=\"250\" srcset=\"https:\/\/blogsaverroes.juntadeandalucia.es\/ceperpedrodeescavias\/files\/2020\/10\/Captura-de-pantalla-2020-10-28-a-las-12.18.03.png 251w, https:\/\/blogsaverroes.juntadeandalucia.es\/ceperpedrodeescavias\/files\/2020\/10\/Captura-de-pantalla-2020-10-28-a-las-12.18.03-150x150.png 150w, https:\/\/blogsaverroes.juntadeandalucia.es\/ceperpedrodeescavias\/files\/2020\/10\/Captura-de-pantalla-2020-10-28-a-las-12.18.03-100x100.png 100w, https:\/\/blogsaverroes.juntadeandalucia.es\/ceperpedrodeescavias\/files\/2020\/10\/Captura-de-pantalla-2020-10-28-a-las-12.18.03-24x24.png 24w, https:\/\/blogsaverroes.juntadeandalucia.es\/ceperpedrodeescavias\/files\/2020\/10\/Captura-de-pantalla-2020-10-28-a-las-12.18.03-36x36.png 36w, https:\/\/blogsaverroes.juntadeandalucia.es\/ceperpedrodeescavias\/files\/2020\/10\/Captura-de-pantalla-2020-10-28-a-las-12.18.03-48x48.png 48w\" sizes=\"(max-width: 251px) 100vw, 251px\" \/><\/p>\n<p>Finalmente, deber\u00e1s escribir tu usuario y contrase\u00f1a. Si no dispones de el, puedes conseguirlo pinchando&nbsp;<a href=\"https:\/\/blogsaverroes.juntadeandalucia.es\/ceperpedrodeescavias\/obtener-usuario-y-contrasena-moodle\/\">aqu\u00ed<\/a><\/p>\n","protected":false},"excerpt":{"rendered":"<p>La app Moodle est\u00e1 disponible tanto en Android como en IOS. Te recomendamos que la descargues para tener acceso a la plataforma desde tu smartphone o tablet. Pulsa en la imagen correspondiente para descargar&#46;&#46;&#46;<\/p>\n","protected":false},"author":9142,"featured_media":0,"parent":0,"menu_order":0,"comment_status":"closed","ping_status":"closed","template":"","meta":{"ngg_post_thumbnail":0,"footnotes":"","_mc_calendar":[]},"aioseo_notices":[],"_links":{"self":[{"href":"https:\/\/blogsaverroes.juntadeandalucia.es\/ceperpedrodeescavias\/wp-json\/wp\/v2\/pages\/3237"}],"collection":[{"href":"https:\/\/blogsaverroes.juntadeandalucia.es\/ceperpedrodeescavias\/wp-json\/wp\/v2\/pages"}],"about":[{"href":"https:\/\/blogsaverroes.juntadeandalucia.es\/ceperpedrodeescavias\/wp-json\/wp\/v2\/types\/page"}],"author":[{"embeddable":true,"href":"https:\/\/blogsaverroes.juntadeandalucia.es\/ceperpedrodeescavias\/wp-json\/wp\/v2\/users\/9142"}],"replies":[{"embeddable":true,"href":"https:\/\/blogsaverroes.juntadeandalucia.es\/ceperpedrodeescavias\/wp-json\/wp\/v2\/comments?post=3237"}],"version-history":[{"count":7,"href":"https:\/\/blogsaverroes.juntadeandalucia.es\/ceperpedrodeescavias\/wp-json\/wp\/v2\/pages\/3237\/revisions"}],"predecessor-version":[{"id":3431,"href":"https:\/\/blogsaverroes.juntadeandalucia.es\/ceperpedrodeescavias\/wp-json\/wp\/v2\/pages\/3237\/revisions\/3431"}],"wp:attachment":[{"href":"https:\/\/blogsaverroes.juntadeandalucia.es\/ceperpedrodeescavias\/wp-json\/wp\/v2\/media?parent=3237"}],"curies":[{"name":"wp","href":"https:\/\/api.w.org\/{rel}","templated":true}]}}