{"id":3260,"date":"2020-10-28T11:48:17","date_gmt":"2020-10-28T11:48:17","guid":{"rendered":"https:\/\/blogsaverroes.juntadeandalucia.es\/ceperpedrodeescavias\/?page_id=3260"},"modified":"2021-09-06T18:51:53","modified_gmt":"2021-09-06T16:51:53","slug":"pablo-ruiz-leyva","status":"publish","type":"page","link":"https:\/\/blogsaverroes.juntadeandalucia.es\/ceperpedrodeescavias\/pablo-ruiz-leyva\/","title":{"rendered":"Pablo Ruiz Leyva"},"content":{"rendered":"<p><img loading=\"lazy\" decoding=\"async\" class=\"aligncenter wp-image-3262 size-thumbnail\" src=\"https:\/\/blogsaverroes.juntadeandalucia.es\/ceperpedrodeescavias\/files\/2020\/10\/IMG_FE706BFDEE13-1-150x150.jpeg\" alt=\"\" width=\"150\" height=\"150\" srcset=\"https:\/\/blogsaverroes.juntadeandalucia.es\/ceperpedrodeescavias\/files\/2020\/10\/IMG_FE706BFDEE13-1-150x150.jpeg 150w, https:\/\/blogsaverroes.juntadeandalucia.es\/ceperpedrodeescavias\/files\/2020\/10\/IMG_FE706BFDEE13-1-100x100.jpeg 100w\" sizes=\"(max-width: 150px) 100vw, 150px\" \/><\/p>\n<p>Trabajando como maestro desde el a\u00f1o 2007. Lleg\u00f3 al CEPer Pedro de Escavias en el a\u00f1o 2012.&nbsp;<\/p>\n<p>En la actualidad desempe\u00f1a el cargo de Jefe de estudios y coordinador del Plan de Transformaci\u00f3n digital.<\/p>\n<p>Imparte las clases de:<\/p>\n<ul>\n<li>\u00c1mbito Cient\u00edfico &#8211; Tecnol\u00f3gico en TAE ESO<\/li>\n<li>\u00c1mbito Cient\u00edfico &#8211; Tecnol\u00f3gico en Formaci\u00f3n B\u00e1sica<\/li>\n<li>Uso b\u00e1sico de las TIC<\/li>\n<\/ul>\n<p>Correo electr\u00f3nico: <a href=\"mailto:pruiley671@g.educaand.es\">pruiley671@g.educaand.es<\/a><\/p>\n","protected":false},"excerpt":{"rendered":"<p>Trabajando como maestro desde el a\u00f1o 2007. Lleg\u00f3 al CEPer Pedro de Escavias en el a\u00f1o 2012.&nbsp; En la actualidad desempe\u00f1a el cargo de Jefe de estudios y coordinador del Plan de Transformaci\u00f3n digital.&#46;&#46;&#46;<\/p>\n","protected":false},"author":9142,"featured_media":0,"parent":0,"menu_order":0,"comment_status":"closed","ping_status":"closed","template":"","meta":{"ngg_post_thumbnail":0,"footnotes":"","_mc_calendar":[]},"aioseo_notices":[],"_links":{"self":[{"href":"https:\/\/blogsaverroes.juntadeandalucia.es\/ceperpedrodeescavias\/wp-json\/wp\/v2\/pages\/3260"}],"collection":[{"href":"https:\/\/blogsaverroes.juntadeandalucia.es\/ceperpedrodeescavias\/wp-json\/wp\/v2\/pages"}],"about":[{"href":"https:\/\/blogsaverroes.juntadeandalucia.es\/ceperpedrodeescavias\/wp-json\/wp\/v2\/types\/page"}],"author":[{"embeddable":true,"href":"https:\/\/blogsaverroes.juntadeandalucia.es\/ceperpedrodeescavias\/wp-json\/wp\/v2\/users\/9142"}],"replies":[{"embeddable":true,"href":"https:\/\/blogsaverroes.juntadeandalucia.es\/ceperpedrodeescavias\/wp-json\/wp\/v2\/comments?post=3260"}],"version-history":[{"count":6,"href":"https:\/\/blogsaverroes.juntadeandalucia.es\/ceperpedrodeescavias\/wp-json\/wp\/v2\/pages\/3260\/revisions"}],"predecessor-version":[{"id":4804,"href":"https:\/\/blogsaverroes.juntadeandalucia.es\/ceperpedrodeescavias\/wp-json\/wp\/v2\/pages\/3260\/revisions\/4804"}],"wp:attachment":[{"href":"https:\/\/blogsaverroes.juntadeandalucia.es\/ceperpedrodeescavias\/wp-json\/wp\/v2\/media?parent=3260"}],"curies":[{"name":"wp","href":"https:\/\/api.w.org\/{rel}","templated":true}]}}