{"id":35,"date":"2015-03-13T08:21:43","date_gmt":"2015-03-13T08:21:43","guid":{"rendered":"http:\/\/blogsaverroes.juntadeandalucia.es\/pre\/ceip\/?page_id=35"},"modified":"2020-11-25T15:59:38","modified_gmt":"2020-11-25T15:59:38","slug":"datosdelcentro","status":"publish","type":"page","link":"https:\/\/blogsaverroes.juntadeandalucia.es\/ceperpedrodeescavias\/datosdelcentro\/","title":{"rendered":"\ud83d\uddc2 Datos del centro"},"content":{"rendered":"<p><img loading=\"lazy\" decoding=\"async\" class=\"alignnone size-full wp-image-3700 aligncenter\" src=\"https:\/\/blogsaverroes.juntadeandalucia.es\/ceperpedrodeescavias\/files\/2020\/11\/Logo_preview_rev_1.png\" alt=\"\" width=\"183\" height=\"180\" srcset=\"https:\/\/blogsaverroes.juntadeandalucia.es\/ceperpedrodeescavias\/files\/2020\/11\/Logo_preview_rev_1.png 183w, https:\/\/blogsaverroes.juntadeandalucia.es\/ceperpedrodeescavias\/files\/2020\/11\/Logo_preview_rev_1-24x24.png 24w, https:\/\/blogsaverroes.juntadeandalucia.es\/ceperpedrodeescavias\/files\/2020\/11\/Logo_preview_rev_1-36x36.png 36w, https:\/\/blogsaverroes.juntadeandalucia.es\/ceperpedrodeescavias\/files\/2020\/11\/Logo_preview_rev_1-48x48.png 48w\" sizes=\"(max-width: 183px) 100vw, 183px\" \/><\/p>\n<p>&nbsp;<\/p>\n<p><strong>\u2709\ufe0f&nbsp; Direcci\u00f3n Sede:<\/strong> &nbsp;Calle Maestra s\/n 23740 And\u00fajar, Ja\u00e9n<\/p>\n<p><strong>Aulas<\/strong>: IES \u00abSierra Morena\u00bb y CEIP \u00abRuiz de Gordoa\u00bb<\/p>\n<p><strong>Pedan\u00edas<\/strong>: Los Villares y El Sotillo<\/p>\n<p><strong>\u260e\ufe0f&nbsp; Tel\u00e9fono: <\/strong><a href=\"tel:953539536\">953539536<\/a><br \/>\n<strong>\ud83d\udda5&nbsp; Email:<\/strong>&nbsp; <a href=\"mailto:23500607.edu@juntadeandalucia.es\">23500607.edu@juntadeandalucia.es<\/a><\/p>\n<p>[googlemaps https:\/\/www.google.com\/maps\/embed?pb=!1m14!1m8!1m3!1d12569.82317889387!2d-4.0535266!3d38.0364647!3m2!1i1024!2i768!4f13.1!3m3!1m2!1s0x0%3A0x34138b1ef25dca4e!2sCentro+P%C3%BAblico+de+Educaci%C3%B3n+de+Personas+Adultas+Pedro+de+Escavias!5e0!3m2!1ses!2ses!4v1527248032545&amp;w=600&amp;h=450]<\/p>\n<p>&nbsp;<\/p>\n<h4>EL EDIFICIO<\/h4>\n<div id=\"comp-ixr8zo4i\" class=\"txtNew\" data-packed=\"true\" data-vertical-text=\"false\">\n<p class=\"font_8\" style=\"text-align: justify\">La casa de los Coello de Portugal linda con la calles Maestra y don Gome y en cada una de ellas presenta una fachada monumental de estilo diferente.<\/p>\n<p style=\"text-align: justify\">La fachada de la calle Maestra est\u00e1 realizada en ladrillo y tapial, reservando la piedra arenisca para la portada, pues el actual z\u00f3calo es un a\u00f1adido de la \u00faltima restauraci\u00f3n. La portada es de mediados siglo XVIII y est\u00e1 organizada en dos cuerpos.<\/p>\n<p style=\"text-align: justify\">El primero, con puerta adintelada, encuadrada entre pilastras toscanas con fustes almohadillados con despiece dispuesto a soga y tiz\u00f3n. El arquitrabe de la puerta con sillares resaltados, el friso liso sobre el que descansa el voladizo del balc\u00f3n. El segundo cuerpo, reproduce el esquema de la puerta aunque rematado por un front\u00f3n partido. En el lado derecho del balc\u00f3n, el escudo de armas del linajes Salcedo \u2013en plata un sauce de sinople con un escudete de oro con cinco panelas de sinople en sotuer, Serrano- de azur un castillo de oro- y Aguilar \u2013 de oro un \u00e1guila de&nbsp;sable. En el lado izquierdo el escudo de armas del linaje Argote: en campo de gules, veros azules en cruz.<\/p>\n<p style=\"text-align: justify\">La portada de la calle Don Gome, dispuesta en chafl\u00e1n, es de mediados del siglo XVII y se caracteriza por su simplicidad formal. El vano de la puerta y de la ventana responde a un mismo criterio: pilastras toscanas, arquitrabe muy desarrollado sobre el que descansa una cornisa, remat\u00e1ndose en la ventana con un front\u00f3n partido cuyo t\u00edmpano alberga un escudo con las armas Criado y Albarrac\u00edn. En el flanco derecho de la ventana el escudo de armas de los Criado y en el izquierdo, el de Salcedo y Aguilar. La her\u00e1ldica nos dice qui\u00e9nes fueron los moradores de esta casa solariega, siendo los Coello de Portugal, tan s\u00f3lo, uno de sus ocupantes.<\/p>\n<p style=\"text-align: justify\">En 1931 esta casa se encontraba desocupada y por ello el&nbsp; Ayuntamiento pens\u00f3,&nbsp; en un primer momento, establecer en ella el Colegio de Segunda Ense\u00f1anza que se iba crear en la ciudad. Tras la guerra Civil fue escuela p\u00fablica. Maestros inolvidables impartieron su magisterio en ella; todos recordamos con cari\u00f1o a don Sebasti\u00e1n y don Joaqu\u00edn. En la d\u00e9cada de los ochenta se convirti\u00f3 en Centro de Educaci\u00f3n Permanente, con el nombre de Pedro de Escavias, ilustre andujare\u00f1o que vivi\u00f3 entre 1417 y 1486?, que desempe\u00f1\u00f3 entre otros cargos el de alcaide de la ciudad, escribao del concejo, Guarda Mayor del rey Enrique IV y procurador por And\u00fajar en las Cortes de Ar\u00e9valo de 1454, seg\u00fan afirma Antonio Terrones en su obra Vida, martyrio, tranflusi\u00f3n y milagros de San Euphasio, Obispo y Patr\u00f3n de And\u00fajar, impresa en Granada en 1657.<\/p>\n<p style=\"text-align: justify\">Este edificio ha sufrido una rehabilitaci\u00f3n integral por los alumnos de la Escuela Taller. La primera actuaci\u00f3n, que afect\u00f3 la fachada, se realiz\u00f3 entre 1993 y 1994, la segunda, ya en este siglo, ha supuesto la rehabilitaci\u00f3n integral del inmueble, alter\u00e1ndose algunos de&nbsp;sus elementos m\u00e1s significativos como la escalera del siglo XVIII.<\/p>\n<p class=\"font_8\"><em><span class=\"wixGuard\">\u200b<\/span>Asociaci\u00f3n de Amigos del Patrimonio de And\u00fajar<\/em><\/p>\n<\/div>\n","protected":false},"excerpt":{"rendered":"<p>&nbsp; \u2709\ufe0f&nbsp; Direcci\u00f3n Sede: &nbsp;Calle Maestra s\/n 23740 And\u00fajar, Ja\u00e9n Aulas: IES \u00abSierra Morena\u00bb y CEIP \u00abRuiz de Gordoa\u00bb Pedan\u00edas: Los Villares y El Sotillo \u260e\ufe0f&nbsp; Tel\u00e9fono: 953539536 \ud83d\udda5&nbsp; Email:&nbsp; 23500607.edu@juntadeandalucia.es [googlemaps https:\/\/www.google.com\/maps\/embed?pb=!1m14!1m8!1m3!1d12569.82317889387!2d-4.0535266!3d38.0364647!3m2!1i1024!2i768!4f13.1!3m3!1m2!1s0x0%3A0x34138b1ef25dca4e!2sCentro+P%C3%BAblico+de+Educaci%C3%B3n+de+Personas+Adultas+Pedro+de+Escavias!5e0!3m2!1ses!2ses!4v1527248032545&amp;w=600&amp;h=450] &nbsp;&#46;&#46;&#46;<\/p>\n","protected":false},"author":1,"featured_media":0,"parent":0,"menu_order":0,"comment_status":"open","ping_status":"open","template":"","meta":{"ngg_post_thumbnail":0,"footnotes":"","_mc_calendar":[]},"aioseo_notices":[],"_links":{"self":[{"href":"https:\/\/blogsaverroes.juntadeandalucia.es\/ceperpedrodeescavias\/wp-json\/wp\/v2\/pages\/35"}],"collection":[{"href":"https:\/\/blogsaverroes.juntadeandalucia.es\/ceperpedrodeescavias\/wp-json\/wp\/v2\/pages"}],"about":[{"href":"https:\/\/blogsaverroes.juntadeandalucia.es\/ceperpedrodeescavias\/wp-json\/wp\/v2\/types\/page"}],"author":[{"embeddable":true,"href":"https:\/\/blogsaverroes.juntadeandalucia.es\/ceperpedrodeescavias\/wp-json\/wp\/v2\/users\/1"}],"replies":[{"embeddable":true,"href":"https:\/\/blogsaverroes.juntadeandalucia.es\/ceperpedrodeescavias\/wp-json\/wp\/v2\/comments?post=35"}],"version-history":[{"count":41,"href":"https:\/\/blogsaverroes.juntadeandalucia.es\/ceperpedrodeescavias\/wp-json\/wp\/v2\/pages\/35\/revisions"}],"predecessor-version":[{"id":3909,"href":"https:\/\/blogsaverroes.juntadeandalucia.es\/ceperpedrodeescavias\/wp-json\/wp\/v2\/pages\/35\/revisions\/3909"}],"wp:attachment":[{"href":"https:\/\/blogsaverroes.juntadeandalucia.es\/ceperpedrodeescavias\/wp-json\/wp\/v2\/media?parent=35"}],"curies":[{"name":"wp","href":"https:\/\/api.w.org\/{rel}","templated":true}]}}