{"id":3825,"date":"2020-11-16T10:59:53","date_gmt":"2020-11-16T10:59:53","guid":{"rendered":"https:\/\/blogsaverroes.juntadeandalucia.es\/ceperpedrodeescavias\/?page_id=3825"},"modified":"2025-04-12T11:49:00","modified_gmt":"2025-04-12T09:49:00","slug":"lopera","status":"publish","type":"page","link":"https:\/\/blogsaverroes.juntadeandalucia.es\/ceperpedrodeescavias\/lopera\/","title":{"rendered":"Lopera"},"content":{"rendered":"<h2 style=\"text-align: center\"><strong>SEPer \u00abLuparia\u00bb<\/strong><\/h2>\n<p><a href=\"https:\/\/blogsaverroes.juntadeandalucia.es\/sepluparia\/\">https:\/\/blogsaverroes.juntadeandalucia.es\/sepluparia\/<\/a><\/p>\n<p><a href=\"https:\/\/blogsaverroes.juntadeandalucia.es\/ceperpedrodeescavias\/files\/2020\/11\/Captura-de-pantalla-2020-11-26-a-las-11.08.43.png\"><img loading=\"lazy\" decoding=\"async\" class=\"alignnone size-full wp-image-3952\" src=\"https:\/\/blogsaverroes.juntadeandalucia.es\/ceperpedrodeescavias\/files\/2020\/11\/Captura-de-pantalla-2020-11-26-a-las-11.08.43.png\" alt=\"\" width=\"1296\" height=\"442\" srcset=\"https:\/\/blogsaverroes.juntadeandalucia.es\/ceperpedrodeescavias\/files\/2020\/11\/Captura-de-pantalla-2020-11-26-a-las-11.08.43.png 1296w, https:\/\/blogsaverroes.juntadeandalucia.es\/ceperpedrodeescavias\/files\/2020\/11\/Captura-de-pantalla-2020-11-26-a-las-11.08.43-300x102.png 300w, https:\/\/blogsaverroes.juntadeandalucia.es\/ceperpedrodeescavias\/files\/2020\/11\/Captura-de-pantalla-2020-11-26-a-las-11.08.43-1024x349.png 1024w, https:\/\/blogsaverroes.juntadeandalucia.es\/ceperpedrodeescavias\/files\/2020\/11\/Captura-de-pantalla-2020-11-26-a-las-11.08.43-768x262.png 768w, https:\/\/blogsaverroes.juntadeandalucia.es\/ceperpedrodeescavias\/files\/2020\/11\/Captura-de-pantalla-2020-11-26-a-las-11.08.43-24x8.png 24w, https:\/\/blogsaverroes.juntadeandalucia.es\/ceperpedrodeescavias\/files\/2020\/11\/Captura-de-pantalla-2020-11-26-a-las-11.08.43-36x12.png 36w, https:\/\/blogsaverroes.juntadeandalucia.es\/ceperpedrodeescavias\/files\/2020\/11\/Captura-de-pantalla-2020-11-26-a-las-11.08.43-48x16.png 48w\" sizes=\"(max-width: 1296px) 100vw, 1296px\" \/><\/a><\/p>\n<p><a href=\"https:\/\/blogsaverroes.juntadeandalucia.es\/ceperpedrodeescavias\/files\/2020\/11\/WhatsApp-Image-2020-11-16-at-09.39.50.jpeg\"><img loading=\"lazy\" decoding=\"async\" class=\" wp-image-3829 aligncenter\" src=\"https:\/\/blogsaverroes.juntadeandalucia.es\/ceperpedrodeescavias\/files\/2020\/11\/WhatsApp-Image-2020-11-16-at-09.39.50.jpeg\" alt=\"\" width=\"364\" height=\"273\" srcset=\"https:\/\/blogsaverroes.juntadeandalucia.es\/ceperpedrodeescavias\/files\/2020\/11\/WhatsApp-Image-2020-11-16-at-09.39.50.jpeg 259w, https:\/\/blogsaverroes.juntadeandalucia.es\/ceperpedrodeescavias\/files\/2020\/11\/WhatsApp-Image-2020-11-16-at-09.39.50-24x18.jpeg 24w, https:\/\/blogsaverroes.juntadeandalucia.es\/ceperpedrodeescavias\/files\/2020\/11\/WhatsApp-Image-2020-11-16-at-09.39.50-36x27.jpeg 36w, https:\/\/blogsaverroes.juntadeandalucia.es\/ceperpedrodeescavias\/files\/2020\/11\/WhatsApp-Image-2020-11-16-at-09.39.50-48x36.jpeg 48w\" sizes=\"(max-width: 364px) 100vw, 364px\" \/><\/a><\/p>\n<p>C\u00f3digo del Centro: 23500577<\/p>\n<p>Direcci\u00f3n: c\/Eleuterio Risoto&nbsp; 3,&nbsp; 23780 Lopera, Ja\u00e9n<\/p>\n<div class=\"googlemaps\">[googlemaps https:\/\/www.google.com\/maps\/embed?pb=!1m18!1m12!1m3!1d3146.3591186324015!2d-4.213188685313853!3d37.94539997972867!2m3!1f0!2f0!3f0!3m2!1i1024!2i768!4f13.1!3m3!1m2!1s0xd6c4d0a9c97a29f%3A0x9af6429a7ee59cb3!2sCalle%20Eleuterio%20Risoto%2C%203%2C%2023780%20Lopera%2C%20Ja%C3%A9n!5e0!3m2!1ses!2ses!4v1605524531875!5m2!1ses!2ses&amp;w=600&amp;h=450]<\/div>\n<p>&nbsp;<\/p>\n<p>Tel\u00e9fono: <a href=\"tel:953539607\">953539607<\/a><\/p>\n<p>Correo electr\u00f3nico:&nbsp;&nbsp;<\/p>\n<p><strong>Horario de atenci\u00f3n al p\u00fablico:<\/strong><\/p>\n<ul>\n<li>Viernes : 9:00 \u2013 14:00<\/li>\n<\/ul>\n<p><strong>Planes que se imparten:<\/strong><\/p>\n<div class=\"page\" title=\"Page 2\">\n<div class=\"layoutArea\">\n<div class=\"column\">\n<ul>\n<li><a href=\"https:\/\/blogsaverroes.juntadeandalucia.es\/ceperpedrodeescavias\/patrimonio\/\">Conocimiento y Conservaci\u00f3n del Patrimonio Cultural y Medio Ambiente de Andaluc\u00eda.<\/a><\/li>\n<li>H\u00e1bitos de vida saludable<\/li>\n<li><a href=\"https:\/\/blogsaverroes.juntadeandalucia.es\/ceperpedrodeescavias\/formacionbasica\/\">Formaci\u00f3n b\u00e1sica<\/a><\/li>\n<li><a href=\"https:\/\/blogsaverroes.juntadeandalucia.es\/ceperpedrodeescavias\/%f0%9f%92%bb-uso-basico-de-las-tic\/\">Inform\u00e1tica<\/a><\/li>\n<li><a href=\"https:\/\/blogsaverroes.juntadeandalucia.es\/ceperpedrodeescavias\/taeeso\/\">T\u00edtulo de ESO<\/a><\/li>\n<\/ul>\n<\/div>\n<\/div>\n<\/div>\n<p>&nbsp;<\/p>\n","protected":false},"excerpt":{"rendered":"<p>SEPer \u00abLuparia\u00bb https:\/\/blogsaverroes.juntadeandalucia.es\/sepluparia\/ C\u00f3digo del Centro: 23500577 Direcci\u00f3n: c\/Eleuterio Risoto&nbsp; 3,&nbsp; 23780 Lopera, Ja\u00e9n [googlemaps https:\/\/www.google.com\/maps\/embed?pb=!1m18!1m12!1m3!1d3146.3591186324015!2d-4.213188685313853!3d37.94539997972867!2m3!1f0!2f0!3f0!3m2!1i1024!2i768!4f13.1!3m3!1m2!1s0xd6c4d0a9c97a29f%3A0x9af6429a7ee59cb3!2sCalle%20Eleuterio%20Risoto%2C%203%2C%2023780%20Lopera%2C%20Ja%C3%A9n!5e0!3m2!1ses!2ses!4v1605524531875!5m2!1ses!2ses&amp;w=600&amp;h=450] &nbsp; Tel\u00e9fono: 953539607 Correo electr\u00f3nico:&nbsp;&nbsp; Horario de atenci\u00f3n al p\u00fablico: Viernes : 9:00 \u2013 14:00 Planes que se&#46;&#46;&#46;<\/p>\n","protected":false},"author":9142,"featured_media":0,"parent":0,"menu_order":0,"comment_status":"closed","ping_status":"closed","template":"","meta":{"ngg_post_thumbnail":0,"footnotes":"","_mc_calendar":[]},"aioseo_notices":[],"_links":{"self":[{"href":"https:\/\/blogsaverroes.juntadeandalucia.es\/ceperpedrodeescavias\/wp-json\/wp\/v2\/pages\/3825"}],"collection":[{"href":"https:\/\/blogsaverroes.juntadeandalucia.es\/ceperpedrodeescavias\/wp-json\/wp\/v2\/pages"}],"about":[{"href":"https:\/\/blogsaverroes.juntadeandalucia.es\/ceperpedrodeescavias\/wp-json\/wp\/v2\/types\/page"}],"author":[{"embeddable":true,"href":"https:\/\/blogsaverroes.juntadeandalucia.es\/ceperpedrodeescavias\/wp-json\/wp\/v2\/users\/9142"}],"replies":[{"embeddable":true,"href":"https:\/\/blogsaverroes.juntadeandalucia.es\/ceperpedrodeescavias\/wp-json\/wp\/v2\/comments?post=3825"}],"version-history":[{"count":6,"href":"https:\/\/blogsaverroes.juntadeandalucia.es\/ceperpedrodeescavias\/wp-json\/wp\/v2\/pages\/3825\/revisions"}],"predecessor-version":[{"id":8889,"href":"https:\/\/blogsaverroes.juntadeandalucia.es\/ceperpedrodeescavias\/wp-json\/wp\/v2\/pages\/3825\/revisions\/8889"}],"wp:attachment":[{"href":"https:\/\/blogsaverroes.juntadeandalucia.es\/ceperpedrodeescavias\/wp-json\/wp\/v2\/media?parent=3825"}],"curies":[{"name":"wp","href":"https:\/\/api.w.org\/{rel}","templated":true}]}}