{"id":3846,"date":"2020-11-23T12:27:59","date_gmt":"2020-11-23T12:27:59","guid":{"rendered":"https:\/\/blogsaverroes.juntadeandalucia.es\/ceperpedrodeescavias\/?page_id=3846"},"modified":"2025-05-26T15:34:48","modified_gmt":"2025-05-26T13:34:48","slug":"arjonilla","status":"publish","type":"page","link":"https:\/\/blogsaverroes.juntadeandalucia.es\/ceperpedrodeescavias\/arjonilla\/","title":{"rendered":"Arjonilla"},"content":{"rendered":"<h2 style=\"text-align: center\"><strong>SEPer \u00abTrovador Mac\u00edas\u00bb<\/strong><\/h2>\n<p><a href=\"https:\/\/blogsaverroes.juntadeandalucia.es\/septrovadormacias\/\">https:\/\/blogsaverroes.juntadeandalucia.es\/septrovadormacias\/<\/a><\/p>\n<p><a href=\"https:\/\/blogsaverroes.juntadeandalucia.es\/ceperpedrodeescavias\/files\/2020\/11\/Captura-de-pantalla-2020-11-25-a-las-17.20.07.png\"><img loading=\"lazy\" decoding=\"async\" class=\"alignnone size-full wp-image-3914\" src=\"https:\/\/blogsaverroes.juntadeandalucia.es\/ceperpedrodeescavias\/files\/2020\/11\/Captura-de-pantalla-2020-11-25-a-las-17.20.07.png\" alt=\"\" width=\"1600\" height=\"576\" srcset=\"https:\/\/blogsaverroes.juntadeandalucia.es\/ceperpedrodeescavias\/files\/2020\/11\/Captura-de-pantalla-2020-11-25-a-las-17.20.07.png 1600w, https:\/\/blogsaverroes.juntadeandalucia.es\/ceperpedrodeescavias\/files\/2020\/11\/Captura-de-pantalla-2020-11-25-a-las-17.20.07-300x108.png 300w, https:\/\/blogsaverroes.juntadeandalucia.es\/ceperpedrodeescavias\/files\/2020\/11\/Captura-de-pantalla-2020-11-25-a-las-17.20.07-1024x369.png 1024w, https:\/\/blogsaverroes.juntadeandalucia.es\/ceperpedrodeescavias\/files\/2020\/11\/Captura-de-pantalla-2020-11-25-a-las-17.20.07-768x277.png 768w, https:\/\/blogsaverroes.juntadeandalucia.es\/ceperpedrodeescavias\/files\/2020\/11\/Captura-de-pantalla-2020-11-25-a-las-17.20.07-1536x553.png 1536w, https:\/\/blogsaverroes.juntadeandalucia.es\/ceperpedrodeescavias\/files\/2020\/11\/Captura-de-pantalla-2020-11-25-a-las-17.20.07-24x9.png 24w, https:\/\/blogsaverroes.juntadeandalucia.es\/ceperpedrodeescavias\/files\/2020\/11\/Captura-de-pantalla-2020-11-25-a-las-17.20.07-36x13.png 36w, https:\/\/blogsaverroes.juntadeandalucia.es\/ceperpedrodeescavias\/files\/2020\/11\/Captura-de-pantalla-2020-11-25-a-las-17.20.07-48x17.png 48w\" sizes=\"(max-width: 1600px) 100vw, 1600px\" \/><\/a><\/p>\n<p><a href=\"https:\/\/blogsaverroes.juntadeandalucia.es\/ceperpedrodeescavias\/files\/2020\/11\/WhatsApp-Image-2020-11-16-at-19.37.32-1.jpeg\"><img loading=\"lazy\" decoding=\"async\" class=\"size-full wp-image-3851 aligncenter\" src=\"https:\/\/blogsaverroes.juntadeandalucia.es\/ceperpedrodeescavias\/files\/2020\/11\/WhatsApp-Image-2020-11-16-at-19.37.32-1.jpeg\" alt=\"\" width=\"1496\" height=\"844\" srcset=\"https:\/\/blogsaverroes.juntadeandalucia.es\/ceperpedrodeescavias\/files\/2020\/11\/WhatsApp-Image-2020-11-16-at-19.37.32-1.jpeg 1496w, https:\/\/blogsaverroes.juntadeandalucia.es\/ceperpedrodeescavias\/files\/2020\/11\/WhatsApp-Image-2020-11-16-at-19.37.32-1-300x169.jpeg 300w, https:\/\/blogsaverroes.juntadeandalucia.es\/ceperpedrodeescavias\/files\/2020\/11\/WhatsApp-Image-2020-11-16-at-19.37.32-1-1024x578.jpeg 1024w, https:\/\/blogsaverroes.juntadeandalucia.es\/ceperpedrodeescavias\/files\/2020\/11\/WhatsApp-Image-2020-11-16-at-19.37.32-1-768x433.jpeg 768w, https:\/\/blogsaverroes.juntadeandalucia.es\/ceperpedrodeescavias\/files\/2020\/11\/WhatsApp-Image-2020-11-16-at-19.37.32-1-24x14.jpeg 24w, https:\/\/blogsaverroes.juntadeandalucia.es\/ceperpedrodeescavias\/files\/2020\/11\/WhatsApp-Image-2020-11-16-at-19.37.32-1-36x20.jpeg 36w, https:\/\/blogsaverroes.juntadeandalucia.es\/ceperpedrodeescavias\/files\/2020\/11\/WhatsApp-Image-2020-11-16-at-19.37.32-1-48x27.jpeg 48w\" sizes=\"(max-width: 1496px) 100vw, 1496px\" \/><\/a><\/p>\n<p>C\u00f3digo del Centro:&nbsp;23500656<\/p>\n<p>Direcci\u00f3n: Avda. Andaluc\u00eda 13, 23750 Arjonilla, Ja\u00e9n<\/p>\n<div class=\"googlemaps\"><a href=\"https:\/\/maps.app.goo.gl\/o5aVuehwUxNxkx7a7\">https:\/\/maps.app.goo.gl\/o5aVuehwUxNxkx7a7<\/a><\/div>\n<p>&nbsp;<\/p>\n<p>Tel\u00e9fono: <a href=\"tel:953539603\"><span style=\"color: #222222\">953539603<\/span><\/a><\/p>\n<p>Correo electr\u00f3nico: &nbsp;<a href=\"mailto:23500656.edu@juntadeandalucia.es\"><span style=\"color: #222222\">23500656.edu@juntadeandalucia.es<\/span><\/a><\/p>\n<p><strong>Horario de atenci\u00f3n al p\u00fablico:<\/strong><\/p>\n<ul>\n<li>Lunes : 16:00 \u2013 21.00<\/li>\n<li>Martes: 9.00 &#8211; 11.00 y 16:00 \u2013 21.00<\/li>\n<li>Mi\u00e9rcoles: 16.00 \u2013 21.00<\/li>\n<li>Jueves: 16.00 \u2013 21.00<\/li>\n<li>Viernes: 9.00 \u2013 13.00<\/li>\n<\/ul>\n<p><strong>Planes que se imparten:<\/strong><\/p>\n<div class=\"page\" title=\"Page 2\">\n<div class=\"layoutArea\">\n<div class=\"column\">\n<ul>\n<li><a href=\"https:\/\/blogsaverroes.juntadeandalucia.es\/ceperpedrodeescavias\/patrimonio\/\">Conocimiento y Conservaci\u00f3n del Patrimonio Cultural y Medio Ambiente de Andaluc\u00eda.<\/a><\/li>\n<li><a href=\"https:\/\/blogsaverroes.juntadeandalucia.es\/ceperpedrodeescavias\/%f0%9f%92%bb-uso-basico-de-las-tic\/\">Inform\u00e1tica<\/a><\/li>\n<li><a href=\"https:\/\/blogsaverroes.juntadeandalucia.es\/ceperpedrodeescavias\/%f0%9f%87%ac%f0%9f%87%a7-ingles-2\/\">Ingl\u00e9s<\/a><\/li>\n<li><a href=\"https:\/\/blogsaverroes.juntadeandalucia.es\/ceperpedrodeescavias\/taeeso\/\">T\u00edtulo de ESO<\/a><\/li>\n<\/ul>\n<\/div>\n<\/div>\n<\/div>\n","protected":false},"excerpt":{"rendered":"<p>SEPer \u00abTrovador Mac\u00edas\u00bb https:\/\/blogsaverroes.juntadeandalucia.es\/septrovadormacias\/ C\u00f3digo del Centro:&nbsp;23500656 Direcci\u00f3n: Avda. Andaluc\u00eda 13, 23750 Arjonilla, Ja\u00e9n https:\/\/maps.app.goo.gl\/o5aVuehwUxNxkx7a7 &nbsp; Tel\u00e9fono: 953539603 Correo electr\u00f3nico: &nbsp;23500656.edu@juntadeandalucia.es Horario de atenci\u00f3n al p\u00fablico: Lunes : 16:00 \u2013 21.00 Martes: 9.00 &#8211;&#46;&#46;&#46;<\/p>\n","protected":false},"author":9142,"featured_media":0,"parent":0,"menu_order":0,"comment_status":"closed","ping_status":"closed","template":"","meta":{"ngg_post_thumbnail":0,"footnotes":"","_mc_calendar":[]},"aioseo_notices":[],"_links":{"self":[{"href":"https:\/\/blogsaverroes.juntadeandalucia.es\/ceperpedrodeescavias\/wp-json\/wp\/v2\/pages\/3846"}],"collection":[{"href":"https:\/\/blogsaverroes.juntadeandalucia.es\/ceperpedrodeescavias\/wp-json\/wp\/v2\/pages"}],"about":[{"href":"https:\/\/blogsaverroes.juntadeandalucia.es\/ceperpedrodeescavias\/wp-json\/wp\/v2\/types\/page"}],"author":[{"embeddable":true,"href":"https:\/\/blogsaverroes.juntadeandalucia.es\/ceperpedrodeescavias\/wp-json\/wp\/v2\/users\/9142"}],"replies":[{"embeddable":true,"href":"https:\/\/blogsaverroes.juntadeandalucia.es\/ceperpedrodeescavias\/wp-json\/wp\/v2\/comments?post=3846"}],"version-history":[{"count":9,"href":"https:\/\/blogsaverroes.juntadeandalucia.es\/ceperpedrodeescavias\/wp-json\/wp\/v2\/pages\/3846\/revisions"}],"predecessor-version":[{"id":9612,"href":"https:\/\/blogsaverroes.juntadeandalucia.es\/ceperpedrodeescavias\/wp-json\/wp\/v2\/pages\/3846\/revisions\/9612"}],"wp:attachment":[{"href":"https:\/\/blogsaverroes.juntadeandalucia.es\/ceperpedrodeescavias\/wp-json\/wp\/v2\/media?parent=3846"}],"curies":[{"name":"wp","href":"https:\/\/api.w.org\/{rel}","templated":true}]}}