{"id":3873,"date":"2020-11-25T09:46:17","date_gmt":"2020-11-25T09:46:17","guid":{"rendered":"https:\/\/blogsaverroes.juntadeandalucia.es\/ceperpedrodeescavias\/?page_id=3873"},"modified":"2025-04-12T11:34:36","modified_gmt":"2025-04-12T09:34:36","slug":"escanuela","status":"publish","type":"page","link":"https:\/\/blogsaverroes.juntadeandalucia.es\/ceperpedrodeescavias\/escanuela\/","title":{"rendered":"Esca\u00f1uela\/Villardompardo"},"content":{"rendered":"<div id=\"content\" class=\"site-content\">\n<div class=\"wrap\">\n<div id=\"primary\" class=\"content-area\">\n<article id=\"post-3846\" class=\"post-3846 page type-page status-publish hentry\">\n<div class=\"entry-content\">\n<h2 style=\"text-align: center\"><strong>SEPer \u00abEL PILAR\u00bb<\/strong><\/h2>\n<p><a href=\"https:\/\/blogsaverroes.juntadeandalucia.es\/sep-elpilar\/\">https:\/\/blogsaverroes.juntadeandalucia.es\/sep-elpilar\/<\/a><\/p>\n<p><a href=\"https:\/\/blogsaverroes.juntadeandalucia.es\/ceperpedrodeescavias\/files\/2020\/11\/Captura-de-pantalla-2020-11-25-a-las-18.07.10.png\"><img loading=\"lazy\" decoding=\"async\" class=\"alignnone size-full wp-image-3927\" src=\"https:\/\/blogsaverroes.juntadeandalucia.es\/ceperpedrodeescavias\/files\/2020\/11\/Captura-de-pantalla-2020-11-25-a-las-18.07.10.png\" alt=\"\" width=\"1212\" height=\"554\" srcset=\"https:\/\/blogsaverroes.juntadeandalucia.es\/ceperpedrodeescavias\/files\/2020\/11\/Captura-de-pantalla-2020-11-25-a-las-18.07.10.png 1212w, https:\/\/blogsaverroes.juntadeandalucia.es\/ceperpedrodeescavias\/files\/2020\/11\/Captura-de-pantalla-2020-11-25-a-las-18.07.10-300x137.png 300w, https:\/\/blogsaverroes.juntadeandalucia.es\/ceperpedrodeescavias\/files\/2020\/11\/Captura-de-pantalla-2020-11-25-a-las-18.07.10-1024x468.png 1024w, https:\/\/blogsaverroes.juntadeandalucia.es\/ceperpedrodeescavias\/files\/2020\/11\/Captura-de-pantalla-2020-11-25-a-las-18.07.10-768x351.png 768w, https:\/\/blogsaverroes.juntadeandalucia.es\/ceperpedrodeescavias\/files\/2020\/11\/Captura-de-pantalla-2020-11-25-a-las-18.07.10-24x11.png 24w, https:\/\/blogsaverroes.juntadeandalucia.es\/ceperpedrodeescavias\/files\/2020\/11\/Captura-de-pantalla-2020-11-25-a-las-18.07.10-36x16.png 36w, https:\/\/blogsaverroes.juntadeandalucia.es\/ceperpedrodeescavias\/files\/2020\/11\/Captura-de-pantalla-2020-11-25-a-las-18.07.10-48x22.png 48w\" sizes=\"(max-width: 1212px) 100vw, 1212px\" \/><\/a><\/p>\n<p><a href=\"https:\/\/blogsaverroes.juntadeandalucia.es\/ceperpedrodeescavias\/files\/2020\/11\/WhatsApp-Image-2020-11-24-at-13.13.24.jpeg\"><img loading=\"lazy\" decoding=\"async\" class=\"wp-image-3885 aligncenter\" src=\"https:\/\/blogsaverroes.juntadeandalucia.es\/ceperpedrodeescavias\/files\/2020\/11\/WhatsApp-Image-2020-11-24-at-13.13.24.jpeg\" alt=\"\" width=\"392\" height=\"523\" srcset=\"https:\/\/blogsaverroes.juntadeandalucia.es\/ceperpedrodeescavias\/files\/2020\/11\/WhatsApp-Image-2020-11-24-at-13.13.24.jpeg 1200w, https:\/\/blogsaverroes.juntadeandalucia.es\/ceperpedrodeescavias\/files\/2020\/11\/WhatsApp-Image-2020-11-24-at-13.13.24-225x300.jpeg 225w, https:\/\/blogsaverroes.juntadeandalucia.es\/ceperpedrodeescavias\/files\/2020\/11\/WhatsApp-Image-2020-11-24-at-13.13.24-768x1024.jpeg 768w, https:\/\/blogsaverroes.juntadeandalucia.es\/ceperpedrodeescavias\/files\/2020\/11\/WhatsApp-Image-2020-11-24-at-13.13.24-1152x1536.jpeg 1152w, https:\/\/blogsaverroes.juntadeandalucia.es\/ceperpedrodeescavias\/files\/2020\/11\/WhatsApp-Image-2020-11-24-at-13.13.24-18x24.jpeg 18w, https:\/\/blogsaverroes.juntadeandalucia.es\/ceperpedrodeescavias\/files\/2020\/11\/WhatsApp-Image-2020-11-24-at-13.13.24-27x36.jpeg 27w, https:\/\/blogsaverroes.juntadeandalucia.es\/ceperpedrodeescavias\/files\/2020\/11\/WhatsApp-Image-2020-11-24-at-13.13.24-36x48.jpeg 36w\" sizes=\"(max-width: 392px) 100vw, 392px\" \/><\/a><\/p>\n<p>Direcci\u00f3n: Plaza Primero de Mayo s\/n, 23657 Esca\u00f1uela, Ja\u00e9n<\/p>\n<div class=\"googlemaps\">\n<div class=\"googlemaps\">[googlemaps https:\/\/www.google.com\/maps\/embed?pb=!1m16!1m12!1m3!1d3755.499376488729!2d-4.03272221185991!3d37.8784972473852!2m3!1f0!2f0!3f0!3m2!1i1024!2i768!4f13.1!2m1!1splaza%20primero%20de%20mayo%20esca%C3%B1uela!5e0!3m2!1ses!2ses!4v1606298806087!5m2!1ses!2ses&amp;w=600&amp;h=450]<\/div>\n<\/div>\n<p>&nbsp;<\/p>\n<p><a href=\"https:\/\/blogsaverroes.juntadeandalucia.es\/ceperpedrodeescavias\/files\/2020\/11\/Captura-de-pantalla-2020-11-25-a-las-18.10.06.png\"><img loading=\"lazy\" decoding=\"async\" class=\"alignnone size-full wp-image-3928\" src=\"https:\/\/blogsaverroes.juntadeandalucia.es\/ceperpedrodeescavias\/files\/2020\/11\/Captura-de-pantalla-2020-11-25-a-las-18.10.06.png\" alt=\"\" width=\"1066\" height=\"370\" srcset=\"https:\/\/blogsaverroes.juntadeandalucia.es\/ceperpedrodeescavias\/files\/2020\/11\/Captura-de-pantalla-2020-11-25-a-las-18.10.06.png 1066w, https:\/\/blogsaverroes.juntadeandalucia.es\/ceperpedrodeescavias\/files\/2020\/11\/Captura-de-pantalla-2020-11-25-a-las-18.10.06-300x104.png 300w, https:\/\/blogsaverroes.juntadeandalucia.es\/ceperpedrodeescavias\/files\/2020\/11\/Captura-de-pantalla-2020-11-25-a-las-18.10.06-1024x355.png 1024w, https:\/\/blogsaverroes.juntadeandalucia.es\/ceperpedrodeescavias\/files\/2020\/11\/Captura-de-pantalla-2020-11-25-a-las-18.10.06-768x267.png 768w, https:\/\/blogsaverroes.juntadeandalucia.es\/ceperpedrodeescavias\/files\/2020\/11\/Captura-de-pantalla-2020-11-25-a-las-18.10.06-24x8.png 24w, https:\/\/blogsaverroes.juntadeandalucia.es\/ceperpedrodeescavias\/files\/2020\/11\/Captura-de-pantalla-2020-11-25-a-las-18.10.06-36x12.png 36w, https:\/\/blogsaverroes.juntadeandalucia.es\/ceperpedrodeescavias\/files\/2020\/11\/Captura-de-pantalla-2020-11-25-a-las-18.10.06-48x17.png 48w\" sizes=\"(max-width: 1066px) 100vw, 1066px\" \/><\/a><a href=\"https:\/\/blogsaverroes.juntadeandalucia.es\/ceperpedrodeescavias\/files\/2020\/11\/WhatsApp-Image-2020-11-24-at-13.13.24.jpeg\"><br \/>\n<\/a><\/p>\n<p>&nbsp;<\/p>\n<p><a href=\"https:\/\/blogsaverroes.juntadeandalucia.es\/ceperpedrodeescavias\/files\/2020\/11\/WhatsApp-Image-2020-11-26-at-11.12.54.jpeg\"><img loading=\"lazy\" decoding=\"async\" class=\"wp-image-3957 aligncenter\" src=\"https:\/\/blogsaverroes.juntadeandalucia.es\/ceperpedrodeescavias\/files\/2020\/11\/WhatsApp-Image-2020-11-26-at-11.12.54.jpeg\" alt=\"\" width=\"353\" height=\"495\" srcset=\"https:\/\/blogsaverroes.juntadeandalucia.es\/ceperpedrodeescavias\/files\/2020\/11\/WhatsApp-Image-2020-11-26-at-11.12.54.jpeg 1080w, https:\/\/blogsaverroes.juntadeandalucia.es\/ceperpedrodeescavias\/files\/2020\/11\/WhatsApp-Image-2020-11-26-at-11.12.54-214x300.jpeg 214w, https:\/\/blogsaverroes.juntadeandalucia.es\/ceperpedrodeescavias\/files\/2020\/11\/WhatsApp-Image-2020-11-26-at-11.12.54-730x1024.jpeg 730w, https:\/\/blogsaverroes.juntadeandalucia.es\/ceperpedrodeescavias\/files\/2020\/11\/WhatsApp-Image-2020-11-26-at-11.12.54-768x1077.jpeg 768w, https:\/\/blogsaverroes.juntadeandalucia.es\/ceperpedrodeescavias\/files\/2020\/11\/WhatsApp-Image-2020-11-26-at-11.12.54-17x24.jpeg 17w, https:\/\/blogsaverroes.juntadeandalucia.es\/ceperpedrodeescavias\/files\/2020\/11\/WhatsApp-Image-2020-11-26-at-11.12.54-26x36.jpeg 26w, https:\/\/blogsaverroes.juntadeandalucia.es\/ceperpedrodeescavias\/files\/2020\/11\/WhatsApp-Image-2020-11-26-at-11.12.54-34x48.jpeg 34w\" sizes=\"(max-width: 353px) 100vw, 353px\" \/><\/a><\/p>\n<p>Direcci\u00f3n: Traves\u00eda Plaza del Llano s\/n<\/p>\n<p>[googlemaps https:\/\/www.google.com\/maps\/embed?pb=!1m18!1m12!1m3!1d787.7354927031463!2d-4.00219137620143!3d37.83824434571878!2m3!1f0!2f0!3f0!3m2!1i1024!2i768!4f13.1!3m3!1m2!1s0xd6dcbef18ee7743%3A0x4ca5f1ee38141dbc!2sTraves%C3%ADa%20Plaza%20del%20Llano%2C%2023659%20Villardompardo%2C%20Ja%C3%A9n!5e0!3m2!1ses!2ses!4v1606385901619!5m2!1ses!2ses&amp;w=600&amp;h=450]<\/p>\n<p>C\u00f3digo del Centro:&nbsp;23500644<\/p>\n<p>Tel\u00e9fono: <a href=\"tel:953366445\">953366445<\/a><\/p>\n<p>Correo electr\u00f3nico: &nbsp;<a href=\"mailto:23500644.edu@juntadeandalucia.es\">23500644.edu@juntadeandalucia.es<\/a><\/p>\n<p><strong>Horario de atenci\u00f3n al p\u00fablico:<\/strong><\/p>\n<ul>\n<li>Lunes : 10.00 \u2013 14.00 y 16.00 &#8211; 21.00<\/li>\n<li>Martes: 16:00 \u2013 21.00<\/li>\n<li>Mi\u00e9rcoles: 16.00 \u2013 21.30<\/li>\n<li>Jueves: 16.00 \u2013 21.30<\/li>\n<li>Viernes: 16.00 \u2013 20.00<\/li>\n<\/ul>\n<p><span style=\"color: #993300\"><strong>De Lunes a Jueves, de 16 a 17.45 se atender\u00e1 en Villardompardo<\/strong><\/span><\/p>\n<p><strong>Planes que se imparten:<\/strong><\/p>\n<div class=\"page\" title=\"Page 2\">\n<div class=\"layoutArea\">\n<div class=\"column\">\n<ul>\n<li><a href=\"https:\/\/blogsaverroes.juntadeandalucia.es\/ceperpedrodeescavias\/patrimonio\/\">Conocimiento y Conservaci\u00f3n del Patrimonio Cultural y Medio Ambiente de Andaluc\u00eda.<\/a><\/li>\n<li><a href=\"https:\/\/blogsaverroes.juntadeandalucia.es\/ceperpedrodeescavias\/%f0%9f%92%bb-uso-basico-de-las-tic\/\">Inform\u00e1tica<\/a><\/li>\n<li><a href=\"https:\/\/blogsaverroes.juntadeandalucia.es\/ceperpedrodeescavias\/%f0%9f%87%ac%f0%9f%87%a7-ingles-2\/\">Ingl\u00e9s<\/a><\/li>\n<li><a href=\"https:\/\/blogsaverroes.juntadeandalucia.es\/ceperpedrodeescavias\/taeeso\/\">T\u00edtulo de ESO<\/a><\/li>\n<\/ul>\n<\/div>\n<\/div>\n<\/div>\n<\/div>\n<\/article>\n<\/div>\n<\/div>\n<\/div>\n<footer id=\"colophon\" class=\"site-footer\" role=\"contentinfo\">\n<div class=\"wrap\">\n<aside class=\"widget-area\" role=\"complementary\" aria-label=\"Pie de p\u00e1gina\">\n<div class=\"widget-column footer-widget-1\">\n<section id=\"ba_contador-4\" class=\"widget widget_ba_contador\">\n<div class=\"ba-contador-mes\">&nbsp;<\/div>\n<\/section>\n<\/div>\n<\/aside>\n<\/div>\n<\/footer>\n","protected":false},"excerpt":{"rendered":"<p>SEPer \u00abEL PILAR\u00bb https:\/\/blogsaverroes.juntadeandalucia.es\/sep-elpilar\/ Direcci\u00f3n: Plaza Primero de Mayo s\/n, 23657 Esca\u00f1uela, Ja\u00e9n [googlemaps https:\/\/www.google.com\/maps\/embed?pb=!1m16!1m12!1m3!1d3755.499376488729!2d-4.03272221185991!3d37.8784972473852!2m3!1f0!2f0!3f0!3m2!1i1024!2i768!4f13.1!2m1!1splaza%20primero%20de%20mayo%20esca%C3%B1uela!5e0!3m2!1ses!2ses!4v1606298806087!5m2!1ses!2ses&amp;w=600&amp;h=450] &nbsp; &nbsp; Direcci\u00f3n: Traves\u00eda Plaza del Llano s\/n [googlemaps https:\/\/www.google.com\/maps\/embed?pb=!1m18!1m12!1m3!1d787.7354927031463!2d-4.00219137620143!3d37.83824434571878!2m3!1f0!2f0!3f0!3m2!1i1024!2i768!4f13.1!3m3!1m2!1s0xd6dcbef18ee7743%3A0x4ca5f1ee38141dbc!2sTraves%C3%ADa%20Plaza%20del%20Llano%2C%2023659%20Villardompardo%2C%20Ja%C3%A9n!5e0!3m2!1ses!2ses!4v1606385901619!5m2!1ses!2ses&amp;w=600&amp;h=450] C\u00f3digo del Centro:&nbsp;23500644 Tel\u00e9fono: 953366445 Correo electr\u00f3nico: &nbsp;23500644.edu@juntadeandalucia.es Horario&#46;&#46;&#46;<\/p>\n","protected":false},"author":9142,"featured_media":0,"parent":0,"menu_order":0,"comment_status":"closed","ping_status":"closed","template":"","meta":{"ngg_post_thumbnail":0,"footnotes":"","_mc_calendar":[]},"aioseo_notices":[],"_links":{"self":[{"href":"https:\/\/blogsaverroes.juntadeandalucia.es\/ceperpedrodeescavias\/wp-json\/wp\/v2\/pages\/3873"}],"collection":[{"href":"https:\/\/blogsaverroes.juntadeandalucia.es\/ceperpedrodeescavias\/wp-json\/wp\/v2\/pages"}],"about":[{"href":"https:\/\/blogsaverroes.juntadeandalucia.es\/ceperpedrodeescavias\/wp-json\/wp\/v2\/types\/page"}],"author":[{"embeddable":true,"href":"https:\/\/blogsaverroes.juntadeandalucia.es\/ceperpedrodeescavias\/wp-json\/wp\/v2\/users\/9142"}],"replies":[{"embeddable":true,"href":"https:\/\/blogsaverroes.juntadeandalucia.es\/ceperpedrodeescavias\/wp-json\/wp\/v2\/comments?post=3873"}],"version-history":[{"count":11,"href":"https:\/\/blogsaverroes.juntadeandalucia.es\/ceperpedrodeescavias\/wp-json\/wp\/v2\/pages\/3873\/revisions"}],"predecessor-version":[{"id":8883,"href":"https:\/\/blogsaverroes.juntadeandalucia.es\/ceperpedrodeescavias\/wp-json\/wp\/v2\/pages\/3873\/revisions\/8883"}],"wp:attachment":[{"href":"https:\/\/blogsaverroes.juntadeandalucia.es\/ceperpedrodeescavias\/wp-json\/wp\/v2\/media?parent=3873"}],"curies":[{"name":"wp","href":"https:\/\/api.w.org\/{rel}","templated":true}]}}