{"id":3874,"date":"2020-11-25T09:46:17","date_gmt":"2020-11-25T09:46:17","guid":{"rendered":"https:\/\/blogsaverroes.juntadeandalucia.es\/ceperpedrodeescavias\/?page_id=3874"},"modified":"2025-04-12T11:00:44","modified_gmt":"2025-04-12T09:00:44","slug":"arjona","status":"publish","type":"page","link":"https:\/\/blogsaverroes.juntadeandalucia.es\/ceperpedrodeescavias\/arjona\/","title":{"rendered":"Arjona"},"content":{"rendered":"<h2 style=\"text-align: center\"><strong style=\"font-size: 1.25rem\">SEPer \u00abUrgavo\u00bb<\/strong><\/h2>\n<h2 style=\"text-align: center\"><strong><a href=\"https:\/\/blogsaverroes.juntadeandalucia.es\/sepurgavo\/\">https:\/\/blogsaverroes.juntadeandalucia.es\/sepurgavo\/<\/a><\/strong><\/h2>\n<p><a href=\"https:\/\/blogsaverroes.juntadeandalucia.es\/ceperpedrodeescavias\/files\/2020\/11\/Captura-de-pantalla-2020-11-25-a-las-17.08.07.png\"><img loading=\"lazy\" decoding=\"async\" class=\"alignnone size-full wp-image-3910\" src=\"https:\/\/blogsaverroes.juntadeandalucia.es\/ceperpedrodeescavias\/files\/2020\/11\/Captura-de-pantalla-2020-11-25-a-las-17.08.07.png\" alt=\"\" width=\"1600\" height=\"727\" srcset=\"https:\/\/blogsaverroes.juntadeandalucia.es\/ceperpedrodeescavias\/files\/2020\/11\/Captura-de-pantalla-2020-11-25-a-las-17.08.07.png 1600w, https:\/\/blogsaverroes.juntadeandalucia.es\/ceperpedrodeescavias\/files\/2020\/11\/Captura-de-pantalla-2020-11-25-a-las-17.08.07-300x136.png 300w, https:\/\/blogsaverroes.juntadeandalucia.es\/ceperpedrodeescavias\/files\/2020\/11\/Captura-de-pantalla-2020-11-25-a-las-17.08.07-1024x465.png 1024w, https:\/\/blogsaverroes.juntadeandalucia.es\/ceperpedrodeescavias\/files\/2020\/11\/Captura-de-pantalla-2020-11-25-a-las-17.08.07-768x349.png 768w, https:\/\/blogsaverroes.juntadeandalucia.es\/ceperpedrodeescavias\/files\/2020\/11\/Captura-de-pantalla-2020-11-25-a-las-17.08.07-1536x698.png 1536w, https:\/\/blogsaverroes.juntadeandalucia.es\/ceperpedrodeescavias\/files\/2020\/11\/Captura-de-pantalla-2020-11-25-a-las-17.08.07-24x11.png 24w, https:\/\/blogsaverroes.juntadeandalucia.es\/ceperpedrodeescavias\/files\/2020\/11\/Captura-de-pantalla-2020-11-25-a-las-17.08.07-36x16.png 36w, https:\/\/blogsaverroes.juntadeandalucia.es\/ceperpedrodeescavias\/files\/2020\/11\/Captura-de-pantalla-2020-11-25-a-las-17.08.07-48x22.png 48w\" sizes=\"(max-width: 1600px) 100vw, 1600px\" \/><\/a><\/p>\n<p><a href=\"https:\/\/blogsaverroes.juntadeandalucia.es\/ceperpedrodeescavias\/files\/2020\/11\/1606246380416blob.png\"><img loading=\"lazy\" decoding=\"async\" class=\"size-full wp-image-3881 aligncenter\" src=\"https:\/\/blogsaverroes.juntadeandalucia.es\/ceperpedrodeescavias\/files\/2020\/11\/1606246380416blob.png\" alt=\"\" width=\"439\" height=\"226\" srcset=\"https:\/\/blogsaverroes.juntadeandalucia.es\/ceperpedrodeescavias\/files\/2020\/11\/1606246380416blob.png 439w, https:\/\/blogsaverroes.juntadeandalucia.es\/ceperpedrodeescavias\/files\/2020\/11\/1606246380416blob-300x154.png 300w, https:\/\/blogsaverroes.juntadeandalucia.es\/ceperpedrodeescavias\/files\/2020\/11\/1606246380416blob-24x12.png 24w, https:\/\/blogsaverroes.juntadeandalucia.es\/ceperpedrodeescavias\/files\/2020\/11\/1606246380416blob-36x19.png 36w, https:\/\/blogsaverroes.juntadeandalucia.es\/ceperpedrodeescavias\/files\/2020\/11\/1606246380416blob-48x25.png 48w\" sizes=\"(max-width: 439px) 100vw, 439px\" \/><\/a><\/p>\n<p>C\u00f3digo del Centro:&nbsp;23500620<\/p>\n<p>Direcci\u00f3n: c\/ Eras 1, 23760 Arjona, Ja\u00e9n<\/p>\n<div class=\"googlemaps\">\n<div class=\"googlemaps\">[googlemaps https:\/\/www.google.com\/maps\/embed?pb=!1m18!1m12!1m3!1d12586.856308681135!2d-4.067674790790377!3d37.93710957567982!2m3!1f0!2f0!3f0!3m2!1i1024!2i768!4f13.1!3m3!1m2!1s0xd6c356f64ca247d%3A0x93798e0c9d8d4929!2sCalle%20Eras%2C%201%2C%2023760%20Arjona%2C%20Ja%C3%A9n!5e0!3m2!1ses!2ses!4v1606297829624!5m2!1ses!2ses&amp;w=600&amp;h=450]<\/div>\n<\/div>\n<p>&nbsp;<\/p>\n<p>Tel\u00e9fono: <a href=\"tel:953539601\">953539601<\/a><\/p>\n<p>Correo electr\u00f3nico: &nbsp;<\/p>\n<p><a href=\"mailto:23500620.edu@juntadeandalucia.es\">23500620.edu@juntadeandalucia.es<\/a><\/p>\n<p><a href=\"mailto:urgavotic@gmail.com\">urgavotic@gmail.com<\/a><\/p>\n<p>Redes sociales: <a href=\"https:\/\/es-es.facebook.com\/sep.urgavo.5\"><img loading=\"lazy\" decoding=\"async\" class=\"alignnone wp-image-3861\" src=\"https:\/\/blogsaverroes.juntadeandalucia.es\/ceperpedrodeescavias\/files\/2020\/11\/Facebook.png\" alt=\"\" width=\"32\" height=\"32\" srcset=\"https:\/\/blogsaverroes.juntadeandalucia.es\/ceperpedrodeescavias\/files\/2020\/11\/Facebook.png 225w, https:\/\/blogsaverroes.juntadeandalucia.es\/ceperpedrodeescavias\/files\/2020\/11\/Facebook-150x150.png 150w, https:\/\/blogsaverroes.juntadeandalucia.es\/ceperpedrodeescavias\/files\/2020\/11\/Facebook-100x100.png 100w, https:\/\/blogsaverroes.juntadeandalucia.es\/ceperpedrodeescavias\/files\/2020\/11\/Facebook-24x24.png 24w, https:\/\/blogsaverroes.juntadeandalucia.es\/ceperpedrodeescavias\/files\/2020\/11\/Facebook-36x36.png 36w, https:\/\/blogsaverroes.juntadeandalucia.es\/ceperpedrodeescavias\/files\/2020\/11\/Facebook-48x48.png 48w\" sizes=\"(max-width: 32px) 100vw, 32px\" \/><\/a><\/p>\n<p><strong>Horario de atenci\u00f3n al p\u00fablico:<\/strong><\/p>\n<ul>\n<li>Lunes : 9.00 &#8211; 12.00 y 15.30 \u2013 21.00<\/li>\n<li>Martes: 15.30 \u2013 21.00<\/li>\n<li>Mi\u00e9rcoles: 9.00 &#8211; 12.00 y 15.30 \u2013 21.00<\/li>\n<li>Jueves: 9.00 &#8211; 12.00 y 15.30 \u2013 21.00<\/li>\n<li>Viernes: 9.00 \u2013 12.30<\/li>\n<\/ul>\n<p><strong>Planes que se imparten:<\/strong><\/p>\n<div class=\"page\" title=\"Page 2\">\n<div class=\"layoutArea\">\n<div class=\"column\">\n<ul>\n<li><a href=\"https:\/\/blogsaverroes.juntadeandalucia.es\/ceperpedrodeescavias\/patrimonio\/\">Conocimiento y Conservaci\u00f3n del Patrimonio Cultural y Medio Ambiente de Andaluc\u00eda.<\/a><\/li>\n<li><a href=\"https:\/\/blogsaverroes.juntadeandalucia.es\/ceperpedrodeescavias\/%f0%9f%92%bb-uso-basico-de-las-tic\/\">Inform\u00e1tica<\/a><\/li>\n<li><a href=\"https:\/\/blogsaverroes.juntadeandalucia.es\/ceperpedrodeescavias\/%f0%9f%87%ac%f0%9f%87%a7-ingles-2\/\">Ingl\u00e9s<\/a><\/li>\n<li><a href=\"https:\/\/blogsaverroes.juntadeandalucia.es\/ceperpedrodeescavias\/taeeso\/\">T\u00edtulo de ESO<\/a><\/li>\n<li><a href=\"https:\/\/blogsaverroes.juntadeandalucia.es\/ceperpedrodeescavias\/acceso\/\">Acceso a la Universidad para mayores de 25 a\u00f1os<\/a><\/li>\n<li>H\u00e1bitos de vida saludable<\/li>\n<\/ul>\n<\/div>\n<\/div>\n<\/div>\n","protected":false},"excerpt":{"rendered":"<p>SEPer \u00abUrgavo\u00bb https:\/\/blogsaverroes.juntadeandalucia.es\/sepurgavo\/ C\u00f3digo del Centro:&nbsp;23500620 Direcci\u00f3n: c\/ Eras 1, 23760 Arjona, Ja\u00e9n [googlemaps https:\/\/www.google.com\/maps\/embed?pb=!1m18!1m12!1m3!1d12586.856308681135!2d-4.067674790790377!3d37.93710957567982!2m3!1f0!2f0!3f0!3m2!1i1024!2i768!4f13.1!3m3!1m2!1s0xd6c356f64ca247d%3A0x93798e0c9d8d4929!2sCalle%20Eras%2C%201%2C%2023760%20Arjona%2C%20Ja%C3%A9n!5e0!3m2!1ses!2ses!4v1606297829624!5m2!1ses!2ses&amp;w=600&amp;h=450] &nbsp; Tel\u00e9fono: 953539601 Correo electr\u00f3nico: &nbsp; 23500620.edu@juntadeandalucia.es urgavotic@gmail.com Redes sociales: Horario de atenci\u00f3n al p\u00fablico: Lunes : 9.00 &#8211;&#46;&#46;&#46;<\/p>\n","protected":false},"author":9142,"featured_media":0,"parent":0,"menu_order":0,"comment_status":"closed","ping_status":"closed","template":"","meta":{"ngg_post_thumbnail":0,"footnotes":"","_mc_calendar":[]},"aioseo_notices":[],"_links":{"self":[{"href":"https:\/\/blogsaverroes.juntadeandalucia.es\/ceperpedrodeescavias\/wp-json\/wp\/v2\/pages\/3874"}],"collection":[{"href":"https:\/\/blogsaverroes.juntadeandalucia.es\/ceperpedrodeescavias\/wp-json\/wp\/v2\/pages"}],"about":[{"href":"https:\/\/blogsaverroes.juntadeandalucia.es\/ceperpedrodeescavias\/wp-json\/wp\/v2\/types\/page"}],"author":[{"embeddable":true,"href":"https:\/\/blogsaverroes.juntadeandalucia.es\/ceperpedrodeescavias\/wp-json\/wp\/v2\/users\/9142"}],"replies":[{"embeddable":true,"href":"https:\/\/blogsaverroes.juntadeandalucia.es\/ceperpedrodeescavias\/wp-json\/wp\/v2\/comments?post=3874"}],"version-history":[{"count":10,"href":"https:\/\/blogsaverroes.juntadeandalucia.es\/ceperpedrodeescavias\/wp-json\/wp\/v2\/pages\/3874\/revisions"}],"predecessor-version":[{"id":8877,"href":"https:\/\/blogsaverroes.juntadeandalucia.es\/ceperpedrodeescavias\/wp-json\/wp\/v2\/pages\/3874\/revisions\/8877"}],"wp:attachment":[{"href":"https:\/\/blogsaverroes.juntadeandalucia.es\/ceperpedrodeescavias\/wp-json\/wp\/v2\/media?parent=3874"}],"curies":[{"name":"wp","href":"https:\/\/api.w.org\/{rel}","templated":true}]}}