{"id":4396,"date":"2021-05-21T12:24:46","date_gmt":"2021-05-21T10:24:46","guid":{"rendered":"https:\/\/blogsaverroes.juntadeandalucia.es\/ceperpedrodeescavias\/?page_id=4396"},"modified":"2021-05-21T12:27:23","modified_gmt":"2021-05-21T10:27:23","slug":"utilidades","status":"publish","type":"page","link":"https:\/\/blogsaverroes.juntadeandalucia.es\/ceperpedrodeescavias\/utilidades\/","title":{"rendered":"Utilidades"},"content":{"rendered":"<p><a href=\"https:\/\/www.youtube.com\/user\/pabloruizleyva\/videos\">Videotutoriales sobre Gesti\u00f3n administrativa y econ\u00f3mica en S\u00e9neca<\/a><\/p>\n<p>&nbsp;<\/p>\n","protected":false},"excerpt":{"rendered":"<p>Videotutoriales sobre Gesti\u00f3n administrativa y econ\u00f3mica en S\u00e9neca &nbsp;<\/p>\n","protected":false},"author":9142,"featured_media":0,"parent":0,"menu_order":0,"comment_status":"closed","ping_status":"closed","template":"","meta":{"ngg_post_thumbnail":0,"footnotes":"","_mc_calendar":[]},"aioseo_notices":[],"_links":{"self":[{"href":"https:\/\/blogsaverroes.juntadeandalucia.es\/ceperpedrodeescavias\/wp-json\/wp\/v2\/pages\/4396"}],"collection":[{"href":"https:\/\/blogsaverroes.juntadeandalucia.es\/ceperpedrodeescavias\/wp-json\/wp\/v2\/pages"}],"about":[{"href":"https:\/\/blogsaverroes.juntadeandalucia.es\/ceperpedrodeescavias\/wp-json\/wp\/v2\/types\/page"}],"author":[{"embeddable":true,"href":"https:\/\/blogsaverroes.juntadeandalucia.es\/ceperpedrodeescavias\/wp-json\/wp\/v2\/users\/9142"}],"replies":[{"embeddable":true,"href":"https:\/\/blogsaverroes.juntadeandalucia.es\/ceperpedrodeescavias\/wp-json\/wp\/v2\/comments?post=4396"}],"version-history":[{"count":4,"href":"https:\/\/blogsaverroes.juntadeandalucia.es\/ceperpedrodeescavias\/wp-json\/wp\/v2\/pages\/4396\/revisions"}],"predecessor-version":[{"id":4402,"href":"https:\/\/blogsaverroes.juntadeandalucia.es\/ceperpedrodeescavias\/wp-json\/wp\/v2\/pages\/4396\/revisions\/4402"}],"wp:attachment":[{"href":"https:\/\/blogsaverroes.juntadeandalucia.es\/ceperpedrodeescavias\/wp-json\/wp\/v2\/media?parent=4396"}],"curies":[{"name":"wp","href":"https:\/\/api.w.org\/{rel}","templated":true}]}}