{"id":1113,"date":"2015-03-12T11:00:55","date_gmt":"2015-03-12T11:00:55","guid":{"rendered":"http:\/\/blogsaverroes.juntadeandalucia.es\/pre\/ceip\/?page_id=2"},"modified":"2021-03-11T17:56:17","modified_gmt":"2021-03-11T17:56:17","slug":"pagina-ejemplo-2","status":"publish","type":"page","link":"https:\/\/blogsaverroes.juntadeandalucia.es\/ceperpueblosblancos\/pagina-ejemplo-2\/","title":{"rendered":"Inicio"},"content":{"rendered":"<p style=\"text-align: center\">&nbsp;<\/p>\n<p><a href=\"https:\/\/blogsaverroes.juntadeandalucia.es\/ceperpueblosblancos\/files\/2015\/03\/images.jpg\"><img loading=\"lazy\" decoding=\"async\" class=\"wp-image-2187 aligncenter\" src=\"https:\/\/blogsaverroes.juntadeandalucia.es\/ceperpueblosblancos\/files\/2015\/03\/images.jpg\" alt=\"\" width=\"440\" height=\"395\" srcset=\"https:\/\/blogsaverroes.juntadeandalucia.es\/ceperpueblosblancos\/files\/2015\/03\/images.jpg 237w, https:\/\/blogsaverroes.juntadeandalucia.es\/ceperpueblosblancos\/files\/2015\/03\/images-24x22.jpg 24w, https:\/\/blogsaverroes.juntadeandalucia.es\/ceperpueblosblancos\/files\/2015\/03\/images-36x32.jpg 36w, https:\/\/blogsaverroes.juntadeandalucia.es\/ceperpueblosblancos\/files\/2015\/03\/images-48x43.jpg 48w\" sizes=\"(max-width: 440px) 100vw, 440px\" \/><\/a><\/p>\n<p>&nbsp;<\/p>\n<p>La educaci\u00f3n permanente es un concepto contempor\u00e1neo que se refiere a que el aprendizaje es y debe ser constante, es decir a lo largo de la vida puesto que el aprendizaje no termina en un periodo determinado, sino que no acaba nunca sea cual sea el contenido o la finalidad. Siempre se puede y se debe aprender m\u00e1s.<\/p>\n<p>&nbsp;<\/p>\n<p>Seg\u00fan este concepto, toda la educaci\u00f3n que se imparte en CEPER (Centro de Educaci\u00f3n Permanente) y sus Secciones de educaci\u00f3n Permanente (SEP) es educaci\u00f3n permanente, aunque no toda la educaci\u00f3n permanente se imparte en ella.<\/p>\n<p>&nbsp;<\/p>\n<p>El CEPER es el centro matriz que coordina las SEP.<\/p>\n<p>&nbsp;<\/p>\n<p>Los CEPER y SEP son hoy lo que antiguamente se llamaba Centro de Educaci\u00f3n de adultos.<\/p>\n<p>&nbsp;<\/p>\n<p>A los CEPER y a los SEP puede acudir toda la poblaci\u00f3n sin l\u00edmite de renta, condici\u00f3n o titulaci\u00f3n; incluso los propios maestros y maestras del centro pueden matricularse para completar su formaci\u00f3n<\/p>\n<p>&nbsp;<\/p>\n<p>&nbsp;<\/p>\n","protected":false},"excerpt":{"rendered":"<p>&nbsp; &nbsp; La educaci\u00f3n permanente es un concepto contempor\u00e1neo que se refiere a que el aprendizaje es y debe ser constante, es decir a lo largo de la vida puesto que el aprendizaje no&#46;&#46;&#46;<\/p>\n","protected":false},"author":1,"featured_media":0,"parent":0,"menu_order":0,"comment_status":"open","ping_status":"open","template":"","meta":{"ngg_post_thumbnail":0,"footnotes":"","_mc_calendar":[]},"aioseo_notices":[],"_links":{"self":[{"href":"https:\/\/blogsaverroes.juntadeandalucia.es\/ceperpueblosblancos\/wp-json\/wp\/v2\/pages\/1113"}],"collection":[{"href":"https:\/\/blogsaverroes.juntadeandalucia.es\/ceperpueblosblancos\/wp-json\/wp\/v2\/pages"}],"about":[{"href":"https:\/\/blogsaverroes.juntadeandalucia.es\/ceperpueblosblancos\/wp-json\/wp\/v2\/types\/page"}],"author":[{"embeddable":true,"href":"https:\/\/blogsaverroes.juntadeandalucia.es\/ceperpueblosblancos\/wp-json\/wp\/v2\/users\/1"}],"replies":[{"embeddable":true,"href":"https:\/\/blogsaverroes.juntadeandalucia.es\/ceperpueblosblancos\/wp-json\/wp\/v2\/comments?post=1113"}],"version-history":[{"count":17,"href":"https:\/\/blogsaverroes.juntadeandalucia.es\/ceperpueblosblancos\/wp-json\/wp\/v2\/pages\/1113\/revisions"}],"predecessor-version":[{"id":2422,"href":"https:\/\/blogsaverroes.juntadeandalucia.es\/ceperpueblosblancos\/wp-json\/wp\/v2\/pages\/1113\/revisions\/2422"}],"wp:attachment":[{"href":"https:\/\/blogsaverroes.juntadeandalucia.es\/ceperpueblosblancos\/wp-json\/wp\/v2\/media?parent=1113"}],"curies":[{"name":"wp","href":"https:\/\/api.w.org\/{rel}","templated":true}]}}