{"id":2089,"date":"2016-12-22T08:54:29","date_gmt":"2016-12-22T08:54:29","guid":{"rendered":"http:\/\/blogsaverroes.juntadeandalucia.es\/ceperpueblosblancos\/?page_id=2089"},"modified":"2019-01-21T15:19:32","modified_gmt":"2019-01-21T15:19:32","slug":"formacion-basica-i","status":"publish","type":"page","link":"https:\/\/blogsaverroes.juntadeandalucia.es\/ceperpueblosblancos\/formacion-basica-i\/","title":{"rendered":"TAE I"},"content":{"rendered":"<p>El&nbsp; Plan Educativo para la Preparaci\u00f3n de las pruebas para la obtenci\u00f3n del t\u00edtulo de Graduado en ESO para mayores de 18 a\u00f1os est\u00e1 dividido en diferentes \u00e1mbito. En el siguiente enlace podremos ver con m\u00e1s detalles en que consiste cada uno de ellos<\/p>\n<p><a href=\"http:\/\/www.juntadeandalucia.es\/educacion\/permanente\/materiales\/index.php?etapa=1\">\u00c1MBITOS NIVEL I<\/a><\/p>\n","protected":false},"excerpt":{"rendered":"<p>El&nbsp; Plan Educativo para la Preparaci\u00f3n de las pruebas para la obtenci\u00f3n del t\u00edtulo de Graduado en ESO para mayores de 18 a\u00f1os est\u00e1 dividido en diferentes \u00e1mbito. En el siguiente enlace podremos ver&#46;&#46;&#46;<\/p>\n","protected":false},"author":2415,"featured_media":0,"parent":0,"menu_order":0,"comment_status":"open","ping_status":"open","template":"","meta":{"ngg_post_thumbnail":0,"footnotes":"","_mc_calendar":[]},"aioseo_notices":[],"_links":{"self":[{"href":"https:\/\/blogsaverroes.juntadeandalucia.es\/ceperpueblosblancos\/wp-json\/wp\/v2\/pages\/2089"}],"collection":[{"href":"https:\/\/blogsaverroes.juntadeandalucia.es\/ceperpueblosblancos\/wp-json\/wp\/v2\/pages"}],"about":[{"href":"https:\/\/blogsaverroes.juntadeandalucia.es\/ceperpueblosblancos\/wp-json\/wp\/v2\/types\/page"}],"author":[{"embeddable":true,"href":"https:\/\/blogsaverroes.juntadeandalucia.es\/ceperpueblosblancos\/wp-json\/wp\/v2\/users\/2415"}],"replies":[{"embeddable":true,"href":"https:\/\/blogsaverroes.juntadeandalucia.es\/ceperpueblosblancos\/wp-json\/wp\/v2\/comments?post=2089"}],"version-history":[{"count":4,"href":"https:\/\/blogsaverroes.juntadeandalucia.es\/ceperpueblosblancos\/wp-json\/wp\/v2\/pages\/2089\/revisions"}],"predecessor-version":[{"id":2194,"href":"https:\/\/blogsaverroes.juntadeandalucia.es\/ceperpueblosblancos\/wp-json\/wp\/v2\/pages\/2089\/revisions\/2194"}],"wp:attachment":[{"href":"https:\/\/blogsaverroes.juntadeandalucia.es\/ceperpueblosblancos\/wp-json\/wp\/v2\/media?parent=2089"}],"curies":[{"name":"wp","href":"https:\/\/api.w.org\/{rel}","templated":true}]}}