{"id":2092,"date":"2016-12-22T09:01:07","date_gmt":"2016-12-22T09:01:07","guid":{"rendered":"http:\/\/blogsaverroes.juntadeandalucia.es\/ceperpueblosblancos\/?page_id=2092"},"modified":"2019-01-21T15:20:02","modified_gmt":"2019-01-21T15:20:02","slug":"formacion-basica-ii","status":"publish","type":"page","link":"https:\/\/blogsaverroes.juntadeandalucia.es\/ceperpueblosblancos\/formacion-basica-ii\/","title":{"rendered":"TAE II"},"content":{"rendered":"<p>Este es un Plan Educativo para la Preparaci\u00f3n de las pruebas para la obtenci\u00f3n del t\u00edtulo de Graduado en ESO para mayores de 18 a\u00f1os. Una vez superado el nivel I (primer ciclo de la ESO) puedes continuar con el nivel II (segundo ciclo de la ESO). La superaci\u00f3n de este segundo nivel permite obtener el t\u00edtulo de Educaci\u00f3n Secundaria Obligatoria. En el siguiente enlace podr\u00e9is ver los \u00e1mbitos en que se divide el plan.<\/p>\n<p><a href=\"http:\/\/www.juntadeandalucia.es\/educacion\/permanente\/materiales\/index.php?etapa=2\">\u00c1MBITOS NIVEL II<\/a><\/p>\n","protected":false},"excerpt":{"rendered":"<p>Este es un Plan Educativo para la Preparaci\u00f3n de las pruebas para la obtenci\u00f3n del t\u00edtulo de Graduado en ESO para mayores de 18 a\u00f1os. Una vez superado el nivel I (primer ciclo de&#46;&#46;&#46;<\/p>\n","protected":false},"author":2415,"featured_media":0,"parent":0,"menu_order":0,"comment_status":"open","ping_status":"open","template":"","meta":{"ngg_post_thumbnail":0,"footnotes":"","_mc_calendar":[]},"aioseo_notices":[],"_links":{"self":[{"href":"https:\/\/blogsaverroes.juntadeandalucia.es\/ceperpueblosblancos\/wp-json\/wp\/v2\/pages\/2092"}],"collection":[{"href":"https:\/\/blogsaverroes.juntadeandalucia.es\/ceperpueblosblancos\/wp-json\/wp\/v2\/pages"}],"about":[{"href":"https:\/\/blogsaverroes.juntadeandalucia.es\/ceperpueblosblancos\/wp-json\/wp\/v2\/types\/page"}],"author":[{"embeddable":true,"href":"https:\/\/blogsaverroes.juntadeandalucia.es\/ceperpueblosblancos\/wp-json\/wp\/v2\/users\/2415"}],"replies":[{"embeddable":true,"href":"https:\/\/blogsaverroes.juntadeandalucia.es\/ceperpueblosblancos\/wp-json\/wp\/v2\/comments?post=2092"}],"version-history":[{"count":4,"href":"https:\/\/blogsaverroes.juntadeandalucia.es\/ceperpueblosblancos\/wp-json\/wp\/v2\/pages\/2092\/revisions"}],"predecessor-version":[{"id":2195,"href":"https:\/\/blogsaverroes.juntadeandalucia.es\/ceperpueblosblancos\/wp-json\/wp\/v2\/pages\/2092\/revisions\/2195"}],"wp:attachment":[{"href":"https:\/\/blogsaverroes.juntadeandalucia.es\/ceperpueblosblancos\/wp-json\/wp\/v2\/media?parent=2092"}],"curies":[{"name":"wp","href":"https:\/\/api.w.org\/{rel}","templated":true}]}}