{"id":2095,"date":"2016-12-22T09:09:48","date_gmt":"2016-12-22T09:09:48","guid":{"rendered":"http:\/\/blogsaverroes.juntadeandalucia.es\/ceperpueblosblancos\/?page_id=2095"},"modified":"2018-02-13T10:03:16","modified_gmt":"2018-02-13T10:03:16","slug":"planes-no-formales","status":"publish","type":"page","link":"https:\/\/blogsaverroes.juntadeandalucia.es\/ceperpueblosblancos\/planes-no-formales\/","title":{"rendered":"NIVEL B\u00c1SICO DE IDIOMAS"},"content":{"rendered":"<p align=\"justify\">En esta secci\u00f3n encontrar\u00e1s acceso a materiales did\u00e1cticos en formato multimedia que se corresponden con los desarrollos curriculares de algunas de las ense\u00f1anzas ofertadas a distancia en Andaluc\u00eda disponibles desde el&nbsp;<a href=\"http:\/\/agrega.juntadeandalucia.es\/\" target=\"_blank\" rel=\"noopener\">nodo andaluz del repositorio AGREGA<\/a>. Del mismo modo podr\u00e1s encontrar material de apoyo curricular y ayudas a la producci\u00f3n y revisi\u00f3n de materiales.<\/p>\n<p align=\"justify\">Estos materiales de apoyo curricular responden a una metodolog\u00eda pr\u00e1ctica enfocada a la adquisici\u00f3n de competencias mediante la resoluci\u00f3n de tareas y el \u00ab<b>aprender haciendo<\/b>\u00ab; los mismos son puestos a disposici\u00f3n de la comunidad educativa en particular, y de la ciudadan\u00eda andaluza en general, especialmente en el \u00e1mbito de las ense\u00f1anzas de Educaci\u00f3n Permanente de Personas Adultas, para favorecer la preparaci\u00f3n de la obtenci\u00f3n de titulaciones oficiales del sistema educativo o el acceso a la formaci\u00f3n profesional.<\/p>\n<p align=\"justify\">Dentro de este plan podemos encontrar diferentes niveles que depender\u00e1n de las caracter\u00edsticas propias del alumnado en cada centro. En el siguiente enlace os ofrecemos material que se pueden utilizar en los diferentes cursos.<\/p>\n<p align=\"justify\"><a href=\"http:\/\/www.juntadeandalucia.es\/educacion\/permanente\/materiales\/index.php?etapa=7\">NIVEL B\u00c1SICO DE INGL\u00c9S<\/a><\/p>\n","protected":false},"excerpt":{"rendered":"<p>En esta secci\u00f3n encontrar\u00e1s acceso a materiales did\u00e1cticos en formato multimedia que se corresponden con los desarrollos curriculares de algunas de las ense\u00f1anzas ofertadas a distancia en Andaluc\u00eda disponibles desde el&nbsp;nodo andaluz del repositorio&#46;&#46;&#46;<\/p>\n","protected":false},"author":2415,"featured_media":0,"parent":0,"menu_order":0,"comment_status":"open","ping_status":"open","template":"","meta":{"ngg_post_thumbnail":0,"footnotes":"","_mc_calendar":[]},"aioseo_notices":[],"_links":{"self":[{"href":"https:\/\/blogsaverroes.juntadeandalucia.es\/ceperpueblosblancos\/wp-json\/wp\/v2\/pages\/2095"}],"collection":[{"href":"https:\/\/blogsaverroes.juntadeandalucia.es\/ceperpueblosblancos\/wp-json\/wp\/v2\/pages"}],"about":[{"href":"https:\/\/blogsaverroes.juntadeandalucia.es\/ceperpueblosblancos\/wp-json\/wp\/v2\/types\/page"}],"author":[{"embeddable":true,"href":"https:\/\/blogsaverroes.juntadeandalucia.es\/ceperpueblosblancos\/wp-json\/wp\/v2\/users\/2415"}],"replies":[{"embeddable":true,"href":"https:\/\/blogsaverroes.juntadeandalucia.es\/ceperpueblosblancos\/wp-json\/wp\/v2\/comments?post=2095"}],"version-history":[{"count":3,"href":"https:\/\/blogsaverroes.juntadeandalucia.es\/ceperpueblosblancos\/wp-json\/wp\/v2\/pages\/2095\/revisions"}],"predecessor-version":[{"id":2168,"href":"https:\/\/blogsaverroes.juntadeandalucia.es\/ceperpueblosblancos\/wp-json\/wp\/v2\/pages\/2095\/revisions\/2168"}],"wp:attachment":[{"href":"https:\/\/blogsaverroes.juntadeandalucia.es\/ceperpueblosblancos\/wp-json\/wp\/v2\/media?parent=2095"}],"curies":[{"name":"wp","href":"https:\/\/api.w.org\/{rel}","templated":true}]}}