{"id":2098,"date":"2016-12-22T09:11:04","date_gmt":"2016-12-22T09:11:04","guid":{"rendered":"http:\/\/blogsaverroes.juntadeandalucia.es\/ceperpueblosblancos\/?page_id=2098"},"modified":"2018-02-13T09:55:28","modified_gmt":"2018-02-13T09:55:28","slug":"t-a-e","status":"publish","type":"page","link":"https:\/\/blogsaverroes.juntadeandalucia.es\/ceperpueblosblancos\/t-a-e\/","title":{"rendered":"H\u00c1BITOS DE VIDA SALUDABLE"},"content":{"rendered":"<p style=\"text-align: justify\">El plan educativo para la adquisici\u00f3n de h\u00e1bitos de vida saludable y prevenci\u00f3n de enfermedades y riesgos profesionales est\u00e1 incluido en los Planes Educativos para el Fomento de la Ciudadan\u00eda Activa, regulados en la Orden de 24 de septiembre de 2007 de la Consejer\u00eda de Educaci\u00f3n de la Junta de Andaluc\u00eda por la que se regulan los planes educativos de car\u00e1cter no formal para personas adultas. La Ley 17\/2007, de 10 de diciembre, de Educaci\u00f3n de Andaluc\u00eda, establece que la finalidad de la educaci\u00f3n de personas adultas es ofrecer la posibilidad de adquirir, actualizar, completar o ampliar conocimientos y aptitudes para su desarrollo personal y profesional.<\/p>\n<p style=\"text-align: justify\">\nLa Uni\u00f3n Europea, a trav\u00e9s del documento Recomendaci\u00f3n del Parlamento Europeo y el Consejo, de 18 de diciembre de 2006, ha instado a desarrollar una oferta educativa que garantice que j\u00f3venes y personas adultas adquieran las competencias clave, especialmente para aquellos grupos que necesiten un apoyo para desarrollar su potencial educativo.<\/p>\n<p>En este enlace se puede ver el material que dispone este curso.<\/p>\n<p><a href=\"http:\/\/www.juntadeandalucia.es\/educacion\/permanente\/materiales\/index.php?habitos#space\">MATERIALES<\/a><\/p>\n","protected":false},"excerpt":{"rendered":"<p>El plan educativo para la adquisici\u00f3n de h\u00e1bitos de vida saludable y prevenci\u00f3n de enfermedades y riesgos profesionales est\u00e1 incluido en los Planes Educativos para el Fomento de la Ciudadan\u00eda Activa, regulados en la&#46;&#46;&#46;<\/p>\n","protected":false},"author":2415,"featured_media":0,"parent":0,"menu_order":0,"comment_status":"open","ping_status":"open","template":"","meta":{"ngg_post_thumbnail":0,"footnotes":"","_mc_calendar":[]},"aioseo_notices":[],"_links":{"self":[{"href":"https:\/\/blogsaverroes.juntadeandalucia.es\/ceperpueblosblancos\/wp-json\/wp\/v2\/pages\/2098"}],"collection":[{"href":"https:\/\/blogsaverroes.juntadeandalucia.es\/ceperpueblosblancos\/wp-json\/wp\/v2\/pages"}],"about":[{"href":"https:\/\/blogsaverroes.juntadeandalucia.es\/ceperpueblosblancos\/wp-json\/wp\/v2\/types\/page"}],"author":[{"embeddable":true,"href":"https:\/\/blogsaverroes.juntadeandalucia.es\/ceperpueblosblancos\/wp-json\/wp\/v2\/users\/2415"}],"replies":[{"embeddable":true,"href":"https:\/\/blogsaverroes.juntadeandalucia.es\/ceperpueblosblancos\/wp-json\/wp\/v2\/comments?post=2098"}],"version-history":[{"count":3,"href":"https:\/\/blogsaverroes.juntadeandalucia.es\/ceperpueblosblancos\/wp-json\/wp\/v2\/pages\/2098\/revisions"}],"predecessor-version":[{"id":2166,"href":"https:\/\/blogsaverroes.juntadeandalucia.es\/ceperpueblosblancos\/wp-json\/wp\/v2\/pages\/2098\/revisions\/2166"}],"wp:attachment":[{"href":"https:\/\/blogsaverroes.juntadeandalucia.es\/ceperpueblosblancos\/wp-json\/wp\/v2\/media?parent=2098"}],"curies":[{"name":"wp","href":"https:\/\/api.w.org\/{rel}","templated":true}]}}