{"id":2389,"date":"2020-12-01T12:15:01","date_gmt":"2020-12-01T12:15:01","guid":{"rendered":"http:\/\/blogsaverroes.juntadeandalucia.es\/ceperpueblosblancos\/?page_id=2389"},"modified":"2021-11-08T17:26:46","modified_gmt":"2021-11-08T17:26:46","slug":"programaciones","status":"publish","type":"page","link":"https:\/\/blogsaverroes.juntadeandalucia.es\/ceperpueblosblancos\/programaciones\/","title":{"rendered":"Programaciones"},"content":{"rendered":"<p>&nbsp;<\/p>\n<p>Programaciones did\u00e1cticas para el curso 2021-2022 de los Planes de Estudio que se pueden cursar en las distintas secciones del CEPER Pueblos Blancos.<\/p>\n<p><a href=\"https:\/\/blogsaverroes.juntadeandalucia.es\/ceperpueblosblancos\/files\/2021\/11\/PROGRAMACI\u00d3N-CULTURA-EMPRENDEDORA.pdf\">Cultura Emprendedora<\/a><\/p>\n<p><a href=\"https:\/\/blogsaverroes.juntadeandalucia.es\/ceperpueblosblancos\/files\/2021\/11\/PROG.FB1_.-2021-22.pdf\">Formaci\u00f3n B\u00e1sica I<\/a><\/p>\n<p><a href=\"https:\/\/blogsaverroes.juntadeandalucia.es\/ceperpueblosblancos\/files\/2021\/11\/PROGRAMACION-FBII-2021-22.pdf\">Formaci\u00f3n B\u00e1sica II<\/a><\/p>\n<p><a href=\"https:\/\/blogsaverroes.juntadeandalucia.es\/ceperpueblosblancos\/files\/2021\/11\/Programaci\u00f3n-vida-saludable-HVA-2021-2022.pdf\">H\u00e1bitos de vida saludable<\/a><\/p>\n<p><a href=\"https:\/\/blogsaverroes.juntadeandalucia.es\/ceperpueblosblancos\/files\/2021\/11\/Programaci\u00f3n.-UBIA1.pdf\">Ingl\u00e9s<\/a><\/p>\n<p><a href=\"https:\/\/blogsaverroes.juntadeandalucia.es\/ceperpueblosblancos\/files\/2021\/11\/Programaci\u00f3n.-UBIA2.pdf\">Ingl\u00e9s II<\/a><\/p>\n<p><a href=\"https:\/\/blogsaverroes.juntadeandalucia.es\/ceperpueblosblancos\/files\/2020\/12\/Ingl\u00e9s-confinamiento.docx\">Ingl\u00e9s confinamiento<\/a><\/p>\n<p><a href=\"https:\/\/blogsaverroes.juntadeandalucia.es\/ceperpueblosblancos\/files\/2020\/12\/Interculturalidad.-Espa\u00f1ol-para-extanjeros.docx\">Interculturalidad. <\/a><\/p>\n<p><a href=\"https:\/\/blogsaverroes.juntadeandalucia.es\/ceperpueblosblancos\/files\/2020\/12\/Interculturalidad.-Espa\u00f1ol-para-extanjeros.docx\">Espa\u00f1ol para extranjeros<\/a><\/p>\n<p><a href=\"https:\/\/blogsaverroes.juntadeandalucia.es\/ceperpueblosblancos\/files\/2021\/11\/PROGRAMACI\u00d3N-PATRIMONIO-ANDALUZ-2021-22.pdf\">Patrimonio de Andaluc\u00eda<\/a><\/p>\n<p><a href=\"https:\/\/blogsaverroes.juntadeandalucia.es\/ceperpueblosblancos\/files\/2021\/11\/Programaci\u00f3n-TIC-2021-2022.pdf\">TIC<\/a><\/p>\n<p>&nbsp;<\/p>\n","protected":false},"excerpt":{"rendered":"<p>&nbsp; Programaciones did\u00e1cticas para el curso 2021-2022 de los Planes de Estudio que se pueden cursar en las distintas secciones del CEPER Pueblos Blancos. Cultura Emprendedora Formaci\u00f3n B\u00e1sica I Formaci\u00f3n B\u00e1sica II H\u00e1bitos de&#46;&#46;&#46;<\/p>\n","protected":false},"author":2415,"featured_media":0,"parent":0,"menu_order":0,"comment_status":"closed","ping_status":"closed","template":"","meta":{"ngg_post_thumbnail":0,"footnotes":"","_mc_calendar":[]},"aioseo_notices":[],"_links":{"self":[{"href":"https:\/\/blogsaverroes.juntadeandalucia.es\/ceperpueblosblancos\/wp-json\/wp\/v2\/pages\/2389"}],"collection":[{"href":"https:\/\/blogsaverroes.juntadeandalucia.es\/ceperpueblosblancos\/wp-json\/wp\/v2\/pages"}],"about":[{"href":"https:\/\/blogsaverroes.juntadeandalucia.es\/ceperpueblosblancos\/wp-json\/wp\/v2\/types\/page"}],"author":[{"embeddable":true,"href":"https:\/\/blogsaverroes.juntadeandalucia.es\/ceperpueblosblancos\/wp-json\/wp\/v2\/users\/2415"}],"replies":[{"embeddable":true,"href":"https:\/\/blogsaverroes.juntadeandalucia.es\/ceperpueblosblancos\/wp-json\/wp\/v2\/comments?post=2389"}],"version-history":[{"count":7,"href":"https:\/\/blogsaverroes.juntadeandalucia.es\/ceperpueblosblancos\/wp-json\/wp\/v2\/pages\/2389\/revisions"}],"predecessor-version":[{"id":2465,"href":"https:\/\/blogsaverroes.juntadeandalucia.es\/ceperpueblosblancos\/wp-json\/wp\/v2\/pages\/2389\/revisions\/2465"}],"wp:attachment":[{"href":"https:\/\/blogsaverroes.juntadeandalucia.es\/ceperpueblosblancos\/wp-json\/wp\/v2\/media?parent=2389"}],"curies":[{"name":"wp","href":"https:\/\/api.w.org\/{rel}","templated":true}]}}