{"id":2797,"date":"2022-02-10T16:02:12","date_gmt":"2022-02-10T15:02:12","guid":{"rendered":"http:\/\/blogsaverroes.juntadeandalucia.es\/ceperpueblosblancos\/?page_id=2797"},"modified":"2022-02-10T16:02:12","modified_gmt":"2022-02-10T15:02:12","slug":"actividades-dia-de-la-paz-sep-castillo-de-zahara-zahara-de-la-sierra","status":"publish","type":"page","link":"https:\/\/blogsaverroes.juntadeandalucia.es\/ceperpueblosblancos\/actividades-dia-de-la-paz-sep-castillo-de-zahara-zahara-de-la-sierra\/","title":{"rendered":"Actividades D\u00eda de la Paz. SEP Castillo de Zahara. Zahara de la Sierra"},"content":{"rendered":"<p>Los del Plan de Estudios de patrimonio han realizado un trabajo en el ordenador sobre algunos premios Nobel, los de Formaci\u00f3n B\u00e1sica han trabajado algunas biograf\u00edas, elaborando preguntas y componiendo textos. En el Uso B\u00e1sico de Idiomas, Ingl\u00e9s, se hizo un fill the gaps con la canci\u00f3n Imagine de John Lennon.&nbsp;<\/p>\n<p><a href=\"https:\/\/blogsaverroes.juntadeandalucia.es\/ceperpueblosblancos\/files\/2022\/02\/WhatsApp-Image-2022-02-04-at-13.14.35-1.jpeg\"><img loading=\"lazy\" decoding=\"async\" class=\"alignnone size-medium wp-image-2792\" src=\"https:\/\/blogsaverroes.juntadeandalucia.es\/ceperpueblosblancos\/files\/2022\/02\/WhatsApp-Image-2022-02-04-at-13.14.35-1-225x300.jpeg\" alt=\"\" width=\"225\" height=\"300\" srcset=\"https:\/\/blogsaverroes.juntadeandalucia.es\/ceperpueblosblancos\/files\/2022\/02\/WhatsApp-Image-2022-02-04-at-13.14.35-1-225x300.jpeg 225w, https:\/\/blogsaverroes.juntadeandalucia.es\/ceperpueblosblancos\/files\/2022\/02\/WhatsApp-Image-2022-02-04-at-13.14.35-1-768x1024.jpeg 768w, https:\/\/blogsaverroes.juntadeandalucia.es\/ceperpueblosblancos\/files\/2022\/02\/WhatsApp-Image-2022-02-04-at-13.14.35-1-1152x1536.jpeg 1152w, https:\/\/blogsaverroes.juntadeandalucia.es\/ceperpueblosblancos\/files\/2022\/02\/WhatsApp-Image-2022-02-04-at-13.14.35-1.jpeg 1200w\" sizes=\"(max-width: 225px) 100vw, 225px\" \/><\/a> <a href=\"https:\/\/blogsaverroes.juntadeandalucia.es\/ceperpueblosblancos\/files\/2022\/02\/WhatsApp-Image-2022-02-04-at-13.14.35.jpeg\"><img loading=\"lazy\" decoding=\"async\" class=\"alignnone size-medium wp-image-2793\" src=\"https:\/\/blogsaverroes.juntadeandalucia.es\/ceperpueblosblancos\/files\/2022\/02\/WhatsApp-Image-2022-02-04-at-13.14.35-300x225.jpeg\" alt=\"\" width=\"300\" height=\"225\" srcset=\"https:\/\/blogsaverroes.juntadeandalucia.es\/ceperpueblosblancos\/files\/2022\/02\/WhatsApp-Image-2022-02-04-at-13.14.35-300x225.jpeg 300w, https:\/\/blogsaverroes.juntadeandalucia.es\/ceperpueblosblancos\/files\/2022\/02\/WhatsApp-Image-2022-02-04-at-13.14.35-1024x768.jpeg 1024w, https:\/\/blogsaverroes.juntadeandalucia.es\/ceperpueblosblancos\/files\/2022\/02\/WhatsApp-Image-2022-02-04-at-13.14.35-768x576.jpeg 768w, https:\/\/blogsaverroes.juntadeandalucia.es\/ceperpueblosblancos\/files\/2022\/02\/WhatsApp-Image-2022-02-04-at-13.14.35-1536x1152.jpeg 1536w, https:\/\/blogsaverroes.juntadeandalucia.es\/ceperpueblosblancos\/files\/2022\/02\/WhatsApp-Image-2022-02-04-at-13.14.35.jpeg 1600w\" sizes=\"(max-width: 300px) 100vw, 300px\" \/><\/a> <a href=\"https:\/\/blogsaverroes.juntadeandalucia.es\/ceperpueblosblancos\/files\/2022\/02\/WhatsApp-Image-2022-02-04-at-13.14.34.jpeg\"><img loading=\"lazy\" decoding=\"async\" class=\"alignnone size-medium wp-image-2794\" src=\"https:\/\/blogsaverroes.juntadeandalucia.es\/ceperpueblosblancos\/files\/2022\/02\/WhatsApp-Image-2022-02-04-at-13.14.34-225x300.jpeg\" alt=\"\" width=\"225\" height=\"300\" srcset=\"https:\/\/blogsaverroes.juntadeandalucia.es\/ceperpueblosblancos\/files\/2022\/02\/WhatsApp-Image-2022-02-04-at-13.14.34-225x300.jpeg 225w, https:\/\/blogsaverroes.juntadeandalucia.es\/ceperpueblosblancos\/files\/2022\/02\/WhatsApp-Image-2022-02-04-at-13.14.34-768x1024.jpeg 768w, https:\/\/blogsaverroes.juntadeandalucia.es\/ceperpueblosblancos\/files\/2022\/02\/WhatsApp-Image-2022-02-04-at-13.14.34-1152x1536.jpeg 1152w, https:\/\/blogsaverroes.juntadeandalucia.es\/ceperpueblosblancos\/files\/2022\/02\/WhatsApp-Image-2022-02-04-at-13.14.34.jpeg 1200w\" sizes=\"(max-width: 225px) 100vw, 225px\" \/><\/a> <a href=\"https:\/\/blogsaverroes.juntadeandalucia.es\/ceperpueblosblancos\/files\/2022\/02\/WhatsApp-Image-2022-02-04-at-13.14.35-2.jpeg\"><img loading=\"lazy\" decoding=\"async\" class=\"alignnone size-medium wp-image-2791\" src=\"https:\/\/blogsaverroes.juntadeandalucia.es\/ceperpueblosblancos\/files\/2022\/02\/WhatsApp-Image-2022-02-04-at-13.14.35-2-169x300.jpeg\" alt=\"\" width=\"169\" height=\"300\" srcset=\"https:\/\/blogsaverroes.juntadeandalucia.es\/ceperpueblosblancos\/files\/2022\/02\/WhatsApp-Image-2022-02-04-at-13.14.35-2-169x300.jpeg 169w, https:\/\/blogsaverroes.juntadeandalucia.es\/ceperpueblosblancos\/files\/2022\/02\/WhatsApp-Image-2022-02-04-at-13.14.35-2-576x1024.jpeg 576w, https:\/\/blogsaverroes.juntadeandalucia.es\/ceperpueblosblancos\/files\/2022\/02\/WhatsApp-Image-2022-02-04-at-13.14.35-2-768x1366.jpeg 768w, https:\/\/blogsaverroes.juntadeandalucia.es\/ceperpueblosblancos\/files\/2022\/02\/WhatsApp-Image-2022-02-04-at-13.14.35-2-864x1536.jpeg 864w, https:\/\/blogsaverroes.juntadeandalucia.es\/ceperpueblosblancos\/files\/2022\/02\/WhatsApp-Image-2022-02-04-at-13.14.35-2.jpeg 899w\" sizes=\"(max-width: 169px) 100vw, 169px\" \/><\/a> <a href=\"https:\/\/blogsaverroes.juntadeandalucia.es\/ceperpueblosblancos\/files\/2022\/02\/WhatsApp-Image-2022-02-04-at-13.15.01.jpeg\"><img loading=\"lazy\" decoding=\"async\" class=\"alignnone size-medium wp-image-2790\" src=\"https:\/\/blogsaverroes.juntadeandalucia.es\/ceperpueblosblancos\/files\/2022\/02\/WhatsApp-Image-2022-02-04-at-13.15.01-169x300.jpeg\" alt=\"\" width=\"169\" height=\"300\" srcset=\"https:\/\/blogsaverroes.juntadeandalucia.es\/ceperpueblosblancos\/files\/2022\/02\/WhatsApp-Image-2022-02-04-at-13.15.01-169x300.jpeg 169w, https:\/\/blogsaverroes.juntadeandalucia.es\/ceperpueblosblancos\/files\/2022\/02\/WhatsApp-Image-2022-02-04-at-13.15.01-576x1024.jpeg 576w, https:\/\/blogsaverroes.juntadeandalucia.es\/ceperpueblosblancos\/files\/2022\/02\/WhatsApp-Image-2022-02-04-at-13.15.01-768x1365.jpeg 768w, https:\/\/blogsaverroes.juntadeandalucia.es\/ceperpueblosblancos\/files\/2022\/02\/WhatsApp-Image-2022-02-04-at-13.15.01-864x1536.jpeg 864w, https:\/\/blogsaverroes.juntadeandalucia.es\/ceperpueblosblancos\/files\/2022\/02\/WhatsApp-Image-2022-02-04-at-13.15.01.jpeg 900w\" sizes=\"(max-width: 169px) 100vw, 169px\" \/><\/a> <a href=\"https:\/\/blogsaverroes.juntadeandalucia.es\/ceperpueblosblancos\/files\/2022\/02\/WhatsApp-Image-2022-02-04-at-13.15.02-4.jpeg\"><img loading=\"lazy\" decoding=\"async\" class=\"alignnone size-medium wp-image-2785\" src=\"https:\/\/blogsaverroes.juntadeandalucia.es\/ceperpueblosblancos\/files\/2022\/02\/WhatsApp-Image-2022-02-04-at-13.15.02-4-300x135.jpeg\" alt=\"\" width=\"300\" height=\"135\" srcset=\"https:\/\/blogsaverroes.juntadeandalucia.es\/ceperpueblosblancos\/files\/2022\/02\/WhatsApp-Image-2022-02-04-at-13.15.02-4-300x135.jpeg 300w, https:\/\/blogsaverroes.juntadeandalucia.es\/ceperpueblosblancos\/files\/2022\/02\/WhatsApp-Image-2022-02-04-at-13.15.02-4-1024x461.jpeg 1024w, https:\/\/blogsaverroes.juntadeandalucia.es\/ceperpueblosblancos\/files\/2022\/02\/WhatsApp-Image-2022-02-04-at-13.15.02-4-768x346.jpeg 768w, https:\/\/blogsaverroes.juntadeandalucia.es\/ceperpueblosblancos\/files\/2022\/02\/WhatsApp-Image-2022-02-04-at-13.15.02-4-1536x691.jpeg 1536w, https:\/\/blogsaverroes.juntadeandalucia.es\/ceperpueblosblancos\/files\/2022\/02\/WhatsApp-Image-2022-02-04-at-13.15.02-4.jpeg 1600w\" sizes=\"(max-width: 300px) 100vw, 300px\" \/><\/a> <a href=\"https:\/\/blogsaverroes.juntadeandalucia.es\/ceperpueblosblancos\/files\/2022\/02\/WhatsApp-Image-2022-02-04-at-13.15.02-3.jpeg\"><img loading=\"lazy\" decoding=\"async\" class=\"alignnone size-medium wp-image-2786\" src=\"https:\/\/blogsaverroes.juntadeandalucia.es\/ceperpueblosblancos\/files\/2022\/02\/WhatsApp-Image-2022-02-04-at-13.15.02-3-169x300.jpeg\" alt=\"\" width=\"169\" height=\"300\" srcset=\"https:\/\/blogsaverroes.juntadeandalucia.es\/ceperpueblosblancos\/files\/2022\/02\/WhatsApp-Image-2022-02-04-at-13.15.02-3-169x300.jpeg 169w, https:\/\/blogsaverroes.juntadeandalucia.es\/ceperpueblosblancos\/files\/2022\/02\/WhatsApp-Image-2022-02-04-at-13.15.02-3-576x1024.jpeg 576w, https:\/\/blogsaverroes.juntadeandalucia.es\/ceperpueblosblancos\/files\/2022\/02\/WhatsApp-Image-2022-02-04-at-13.15.02-3-768x1365.jpeg 768w, https:\/\/blogsaverroes.juntadeandalucia.es\/ceperpueblosblancos\/files\/2022\/02\/WhatsApp-Image-2022-02-04-at-13.15.02-3-864x1536.jpeg 864w, https:\/\/blogsaverroes.juntadeandalucia.es\/ceperpueblosblancos\/files\/2022\/02\/WhatsApp-Image-2022-02-04-at-13.15.02-3.jpeg 900w\" sizes=\"(max-width: 169px) 100vw, 169px\" \/><\/a> <a href=\"https:\/\/blogsaverroes.juntadeandalucia.es\/ceperpueblosblancos\/files\/2022\/02\/WhatsApp-Image-2022-02-04-at-13.15.02-2.jpeg\"><img loading=\"lazy\" decoding=\"async\" class=\"alignnone size-medium wp-image-2787\" src=\"https:\/\/blogsaverroes.juntadeandalucia.es\/ceperpueblosblancos\/files\/2022\/02\/WhatsApp-Image-2022-02-04-at-13.15.02-2-169x300.jpeg\" alt=\"\" width=\"169\" height=\"300\" srcset=\"https:\/\/blogsaverroes.juntadeandalucia.es\/ceperpueblosblancos\/files\/2022\/02\/WhatsApp-Image-2022-02-04-at-13.15.02-2-169x300.jpeg 169w, https:\/\/blogsaverroes.juntadeandalucia.es\/ceperpueblosblancos\/files\/2022\/02\/WhatsApp-Image-2022-02-04-at-13.15.02-2-576x1024.jpeg 576w, https:\/\/blogsaverroes.juntadeandalucia.es\/ceperpueblosblancos\/files\/2022\/02\/WhatsApp-Image-2022-02-04-at-13.15.02-2-768x1365.jpeg 768w, https:\/\/blogsaverroes.juntadeandalucia.es\/ceperpueblosblancos\/files\/2022\/02\/WhatsApp-Image-2022-02-04-at-13.15.02-2-864x1536.jpeg 864w, https:\/\/blogsaverroes.juntadeandalucia.es\/ceperpueblosblancos\/files\/2022\/02\/WhatsApp-Image-2022-02-04-at-13.15.02-2.jpeg 900w\" sizes=\"(max-width: 169px) 100vw, 169px\" \/><\/a> <a href=\"https:\/\/blogsaverroes.juntadeandalucia.es\/ceperpueblosblancos\/files\/2022\/02\/WhatsApp-Image-2022-02-04-at-13.15.02-1.jpeg\"><img loading=\"lazy\" decoding=\"async\" class=\"alignnone size-medium wp-image-2788\" src=\"https:\/\/blogsaverroes.juntadeandalucia.es\/ceperpueblosblancos\/files\/2022\/02\/WhatsApp-Image-2022-02-04-at-13.15.02-1-169x300.jpeg\" alt=\"\" width=\"169\" height=\"300\" srcset=\"https:\/\/blogsaverroes.juntadeandalucia.es\/ceperpueblosblancos\/files\/2022\/02\/WhatsApp-Image-2022-02-04-at-13.15.02-1-169x300.jpeg 169w, https:\/\/blogsaverroes.juntadeandalucia.es\/ceperpueblosblancos\/files\/2022\/02\/WhatsApp-Image-2022-02-04-at-13.15.02-1-576x1024.jpeg 576w, https:\/\/blogsaverroes.juntadeandalucia.es\/ceperpueblosblancos\/files\/2022\/02\/WhatsApp-Image-2022-02-04-at-13.15.02-1-768x1365.jpeg 768w, https:\/\/blogsaverroes.juntadeandalucia.es\/ceperpueblosblancos\/files\/2022\/02\/WhatsApp-Image-2022-02-04-at-13.15.02-1-864x1536.jpeg 864w, https:\/\/blogsaverroes.juntadeandalucia.es\/ceperpueblosblancos\/files\/2022\/02\/WhatsApp-Image-2022-02-04-at-13.15.02-1.jpeg 900w\" sizes=\"(max-width: 169px) 100vw, 169px\" \/><\/a> <a href=\"https:\/\/blogsaverroes.juntadeandalucia.es\/ceperpueblosblancos\/files\/2022\/02\/WhatsApp-Image-2022-02-04-at-13.15.02.jpeg\"><img loading=\"lazy\" decoding=\"async\" class=\"alignnone size-medium wp-image-2789\" src=\"https:\/\/blogsaverroes.juntadeandalucia.es\/ceperpueblosblancos\/files\/2022\/02\/WhatsApp-Image-2022-02-04-at-13.15.02-169x300.jpeg\" alt=\"\" width=\"169\" height=\"300\" srcset=\"https:\/\/blogsaverroes.juntadeandalucia.es\/ceperpueblosblancos\/files\/2022\/02\/WhatsApp-Image-2022-02-04-at-13.15.02-169x300.jpeg 169w, https:\/\/blogsaverroes.juntadeandalucia.es\/ceperpueblosblancos\/files\/2022\/02\/WhatsApp-Image-2022-02-04-at-13.15.02-576x1024.jpeg 576w, https:\/\/blogsaverroes.juntadeandalucia.es\/ceperpueblosblancos\/files\/2022\/02\/WhatsApp-Image-2022-02-04-at-13.15.02-768x1365.jpeg 768w, https:\/\/blogsaverroes.juntadeandalucia.es\/ceperpueblosblancos\/files\/2022\/02\/WhatsApp-Image-2022-02-04-at-13.15.02-864x1536.jpeg 864w, https:\/\/blogsaverroes.juntadeandalucia.es\/ceperpueblosblancos\/files\/2022\/02\/WhatsApp-Image-2022-02-04-at-13.15.02.jpeg 900w\" sizes=\"(max-width: 169px) 100vw, 169px\" \/><\/a><\/p>\n","protected":false},"excerpt":{"rendered":"<p>Los del Plan de Estudios de patrimonio han realizado un trabajo en el ordenador sobre algunos premios Nobel, los de Formaci\u00f3n B\u00e1sica han trabajado algunas biograf\u00edas, elaborando preguntas y componiendo textos. En el Uso&#46;&#46;&#46;<\/p>\n","protected":false},"author":2415,"featured_media":0,"parent":0,"menu_order":0,"comment_status":"closed","ping_status":"closed","template":"","meta":{"ngg_post_thumbnail":0,"footnotes":"","_mc_calendar":[]},"aioseo_notices":[],"_links":{"self":[{"href":"https:\/\/blogsaverroes.juntadeandalucia.es\/ceperpueblosblancos\/wp-json\/wp\/v2\/pages\/2797"}],"collection":[{"href":"https:\/\/blogsaverroes.juntadeandalucia.es\/ceperpueblosblancos\/wp-json\/wp\/v2\/pages"}],"about":[{"href":"https:\/\/blogsaverroes.juntadeandalucia.es\/ceperpueblosblancos\/wp-json\/wp\/v2\/types\/page"}],"author":[{"embeddable":true,"href":"https:\/\/blogsaverroes.juntadeandalucia.es\/ceperpueblosblancos\/wp-json\/wp\/v2\/users\/2415"}],"replies":[{"embeddable":true,"href":"https:\/\/blogsaverroes.juntadeandalucia.es\/ceperpueblosblancos\/wp-json\/wp\/v2\/comments?post=2797"}],"version-history":[{"count":1,"href":"https:\/\/blogsaverroes.juntadeandalucia.es\/ceperpueblosblancos\/wp-json\/wp\/v2\/pages\/2797\/revisions"}],"predecessor-version":[{"id":2798,"href":"https:\/\/blogsaverroes.juntadeandalucia.es\/ceperpueblosblancos\/wp-json\/wp\/v2\/pages\/2797\/revisions\/2798"}],"wp:attachment":[{"href":"https:\/\/blogsaverroes.juntadeandalucia.es\/ceperpueblosblancos\/wp-json\/wp\/v2\/media?parent=2797"}],"curies":[{"name":"wp","href":"https:\/\/api.w.org\/{rel}","templated":true}]}}