{"id":42,"date":"2015-03-13T08:40:47","date_gmt":"2015-03-13T08:40:47","guid":{"rendered":"http:\/\/blogsaverroes.juntadeandalucia.es\/pre\/ceip\/?page_id=42"},"modified":"2018-01-30T10:42:05","modified_gmt":"2018-01-30T10:42:05","slug":"equipo-directivo","status":"publish","type":"page","link":"https:\/\/blogsaverroes.juntadeandalucia.es\/ceperpueblosblancos\/equipo-directivo\/","title":{"rendered":"Equipo directivo"},"content":{"rendered":"<p>El equipo directivo est\u00e1 compuesto por:<\/p>\n<p><strong>Direcci\u00f3n: <\/strong>\u00c1GUEDA RIVERA BERM\u00daDEZ<\/p>\n<p><strong>Jefatura de estudios:<\/strong> DOLORES RAYAS CRUCES<\/p>\n<p><strong>Secretar\u00eda: <\/strong>DOLORES RAYAS CRUCES<\/p>\n<p>Este equipo directivo tiene su centro de operaciones en en Centro de adultos de Olvera. Despu\u00e9s cada pueblo que conforma el CEPER tiene su propio jefe de estudio.<\/p>\n","protected":false},"excerpt":{"rendered":"<p>El equipo directivo est\u00e1 compuesto por: Direcci\u00f3n: \u00c1GUEDA RIVERA BERM\u00daDEZ Jefatura de estudios: DOLORES RAYAS CRUCES Secretar\u00eda: DOLORES RAYAS CRUCES Este equipo directivo tiene su centro de operaciones en en Centro de adultos de&#46;&#46;&#46;<\/p>\n","protected":false},"author":1,"featured_media":0,"parent":0,"menu_order":0,"comment_status":"open","ping_status":"open","template":"page-templates\/child-menu.php","meta":{"ngg_post_thumbnail":0,"footnotes":"","_mc_calendar":[]},"aioseo_notices":[],"_links":{"self":[{"href":"https:\/\/blogsaverroes.juntadeandalucia.es\/ceperpueblosblancos\/wp-json\/wp\/v2\/pages\/42"}],"collection":[{"href":"https:\/\/blogsaverroes.juntadeandalucia.es\/ceperpueblosblancos\/wp-json\/wp\/v2\/pages"}],"about":[{"href":"https:\/\/blogsaverroes.juntadeandalucia.es\/ceperpueblosblancos\/wp-json\/wp\/v2\/types\/page"}],"author":[{"embeddable":true,"href":"https:\/\/blogsaverroes.juntadeandalucia.es\/ceperpueblosblancos\/wp-json\/wp\/v2\/users\/1"}],"replies":[{"embeddable":true,"href":"https:\/\/blogsaverroes.juntadeandalucia.es\/ceperpueblosblancos\/wp-json\/wp\/v2\/comments?post=42"}],"version-history":[{"count":6,"href":"https:\/\/blogsaverroes.juntadeandalucia.es\/ceperpueblosblancos\/wp-json\/wp\/v2\/pages\/42\/revisions"}],"predecessor-version":[{"id":2140,"href":"https:\/\/blogsaverroes.juntadeandalucia.es\/ceperpueblosblancos\/wp-json\/wp\/v2\/pages\/42\/revisions\/2140"}],"wp:attachment":[{"href":"https:\/\/blogsaverroes.juntadeandalucia.es\/ceperpueblosblancos\/wp-json\/wp\/v2\/media?parent=42"}],"curies":[{"name":"wp","href":"https:\/\/api.w.org\/{rel}","templated":true}]}}