{"id":44,"date":"2015-03-13T08:42:15","date_gmt":"2015-03-13T08:42:15","guid":{"rendered":"http:\/\/blogsaverroes.juntadeandalucia.es\/pre\/ceip\/?page_id=44"},"modified":"2018-01-31T12:41:48","modified_gmt":"2018-01-31T12:41:48","slug":"planes-y-proyectos","status":"publish","type":"page","link":"https:\/\/blogsaverroes.juntadeandalucia.es\/ceperpueblosblancos\/planes-y-proyectos\/","title":{"rendered":"Planes y Programas"},"content":{"rendered":"<p style=\"text-align: justify\">En&nbsp;&nbsp;<strong>Educaci\u00f3n Permanente<\/strong>&nbsp;o Educaci\u00f3n para personas adultas se ofertan cursos, denominados Planes Educativos, que facilitan tu incorporaci\u00f3n al sistema educativo. Se desarrollan a lo largo de un curso escolar y casi exclusivamente se imparten en modalidad presencial.<\/p>\n<p style=\"text-align: justify\">Si tienes dificultades de lectoescritura o de comprensi\u00f3n o de expresi\u00f3n puedes iniciar tu formaci\u00f3n cursando el&nbsp;<strong>Plan educativo de Formaci\u00f3n B\u00e1sica<\/strong>.<\/p>\n<p style=\"text-align: justify\">Sin embargo, si no tienes estas dificultades y tienes inquietud por ampliar tus conocimientos en temas de gran inter\u00e9s hoy en d\u00eda, tienes la posibilidad de acceder a cursos denominados&nbsp;<strong>Planes educativos no Formales<\/strong>&nbsp;entre los que puedes contar con formaci\u00f3n en el uso de las nuevas tecnolog\u00edas, uso b\u00e1sico de idiomas, cultura emprendedora, patrimonio cultural y medioambiental de la comunidad aut\u00f3noma de Andaluc\u00eda, h\u00e1bitos de vida saludable, aprendizaje de la lengua castellana para personas extranjeras etc&#8230;<\/p>\n<p><a href=\"http:\/\/www.juntadeandalucia.es\/educacion\/portals\/web\/educacion-permanente\/planes\/formacion-basica\" target=\"_blank\" rel=\"noopener\"><strong><span style=\"color: #008000\">PLANES DE FORMACI\u00d3N B\u00c1SICA<\/span><\/strong><\/a><\/p>\n<p><a href=\"http:\/\/www.juntadeandalucia.es\/educacion\/portals\/web\/educacion-permanente\/planes\/no-formales\" target=\"_blank\" rel=\"noopener\"><strong><span style=\"color: #008000\">PLANES EDUCATIVOS NO FORMALES<\/span><\/strong><\/a><\/p>\n<p>&nbsp; &nbsp; &nbsp; &nbsp; &nbsp; &nbsp; &nbsp; <strong>&nbsp; <span style=\"color: #0000ff\">&nbsp;&#8211;&nbsp;<a href=\"http:\/\/www.juntadeandalucia.es\/educacion\/portals\/web\/educacion-permanente\/planes\/acceso-a-otros-niveles\" target=\"_blank\" rel=\"noopener\">Acceso a otros niveles<\/a>.<\/span><\/strong><\/p>\n<p><strong>&nbsp; &nbsp; &nbsp; &nbsp; &nbsp; &nbsp; &nbsp; &nbsp; &nbsp;&#8211; <a href=\"http:\/\/www.juntadeandalucia.es\/educacion\/portals\/web\/educacion-permanente\/planes\/preparacion-titulos-oficiales\" target=\"_blank\" rel=\"noopener\"><span style=\"color: #0000ff\">Preparaci\u00f3n de t\u00edtulos oficiales.<\/span><\/a><\/strong><\/p>\n<p><strong>&nbsp; &nbsp; &nbsp; &nbsp; &nbsp; &nbsp; &nbsp; &nbsp; &nbsp;&#8211; <a href=\"http:\/\/www.juntadeandalucia.es\/educacion\/portals\/web\/educacion-permanente\/planes\/fomento-de-la-ciudadania-activa\" target=\"_blank\" rel=\"noopener\"><span style=\"color: #0000ff\">Fomento de la ciudadan\u00eda activa.<\/span><\/a><\/strong><\/p>\n<p>&nbsp;<\/p>\n<p>Adem\u00e1s cada centro personaliza y adapta su Proyecto Educativo adheriendose a diferentes <strong>Planes y Programas<\/strong> promovidos desde la Consejer\u00eda de Educaci\u00f3n, Cultura y Deporte.<\/p>\n<p>Este apartado recoger\u00eda la descripci\u00f3n, finalidades, actividades, coordinador\/a, etc. de estos Planes y Programas desarrollados por el centro. A continuaci\u00f3n se muestran algunos de ellos:<\/p>\n<ul>\n<li><strong>Plan de igualdad.<\/strong><\/li>\n<li><strong>Plan de apertura.<\/strong><\/li>\n<li><strong>Proyecto biling\u00fce.<\/strong><\/li>\n<\/ul>\n<p>&nbsp;<\/p>\n","protected":false},"excerpt":{"rendered":"<p>En&nbsp;&nbsp;Educaci\u00f3n Permanente&nbsp;o Educaci\u00f3n para personas adultas se ofertan cursos, denominados Planes Educativos, que facilitan tu incorporaci\u00f3n al sistema educativo. Se desarrollan a lo largo de un curso escolar y casi exclusivamente se imparten en&#46;&#46;&#46;<\/p>\n","protected":false},"author":1,"featured_media":0,"parent":0,"menu_order":0,"comment_status":"open","ping_status":"closed","template":"page-templates\/child-menu.php","meta":{"ngg_post_thumbnail":0,"footnotes":"","_mc_calendar":[]},"aioseo_notices":[],"_links":{"self":[{"href":"https:\/\/blogsaverroes.juntadeandalucia.es\/ceperpueblosblancos\/wp-json\/wp\/v2\/pages\/44"}],"collection":[{"href":"https:\/\/blogsaverroes.juntadeandalucia.es\/ceperpueblosblancos\/wp-json\/wp\/v2\/pages"}],"about":[{"href":"https:\/\/blogsaverroes.juntadeandalucia.es\/ceperpueblosblancos\/wp-json\/wp\/v2\/types\/page"}],"author":[{"embeddable":true,"href":"https:\/\/blogsaverroes.juntadeandalucia.es\/ceperpueblosblancos\/wp-json\/wp\/v2\/users\/1"}],"replies":[{"embeddable":true,"href":"https:\/\/blogsaverroes.juntadeandalucia.es\/ceperpueblosblancos\/wp-json\/wp\/v2\/comments?post=44"}],"version-history":[{"count":11,"href":"https:\/\/blogsaverroes.juntadeandalucia.es\/ceperpueblosblancos\/wp-json\/wp\/v2\/pages\/44\/revisions"}],"predecessor-version":[{"id":2160,"href":"https:\/\/blogsaverroes.juntadeandalucia.es\/ceperpueblosblancos\/wp-json\/wp\/v2\/pages\/44\/revisions\/2160"}],"wp:attachment":[{"href":"https:\/\/blogsaverroes.juntadeandalucia.es\/ceperpueblosblancos\/wp-json\/wp\/v2\/media?parent=44"}],"curies":[{"name":"wp","href":"https:\/\/api.w.org\/{rel}","templated":true}]}}