{"id":1077,"date":"2021-10-19T17:27:43","date_gmt":"2021-10-19T16:27:43","guid":{"rendered":"https:\/\/blogsaverroes.juntadeandalucia.es\/ceperretamar\/?page_id=1077"},"modified":"2023-10-25T17:15:10","modified_gmt":"2023-10-25T16:15:10","slug":"oferta-formativa","status":"publish","type":"page","link":"https:\/\/blogsaverroes.juntadeandalucia.es\/ceperretamar\/oferta-formativa\/","title":{"rendered":"Oferta formativa"},"content":{"rendered":"<p class=\"western\" align=\"justify\"><span style=\"color: #c9211e;font-size: 12pt\"><span style=\"color: #000000\"><span style=\"font-family: Ubuntu\"><span lang=\"es-ES\">El C<\/span><\/span><span style=\"font-family: Ubuntu\"><span lang=\"es-ES\">entro de <\/span><strong><span lang=\"es-ES\">E<\/span><span lang=\"es-ES\">ducaci\u00f3n <\/span><span lang=\"es-ES\">Per<\/span><span lang=\"es-ES\">manente <\/span><\/strong><span lang=\"es-ES\"><strong>Retamar<\/strong> oferta los siguientes<strong> PLANES EDUCATIVOS<\/strong>, para el curso 21- 22:<\/span><\/span><\/span><\/span><\/p>\n<p class=\"western\" align=\"justify\"><strong><span style=\"color: #ff0000\"><span style=\"font-size: 12pt\"><span style=\"font-family: Ubuntu\"><span lang=\"es-ES\">Planes <\/span><\/span><span style=\"font-family: Ubuntu\"><span lang=\"es-ES\">E<\/span><\/span><\/span><span style=\"font-size: 12pt\"><span style=\"font-family: Ubuntu\"><span lang=\"es-ES\">ducativos de Formaci\u00f3n B\u00e1sica<\/span><\/span><\/span><\/span><\/strong><span style=\"color: #c9211e;font-size: 12pt\"><span style=\"color: #000000\"><span style=\"font-family: Ubuntu\"><span lang=\"es-ES\">: <\/span><\/span><\/span><\/span><\/p>\n<ul>\n<li class=\"western\"><span style=\"color: #c9211e;font-size: 12pt\"><span style=\"color: #000000\"><span style=\"font-family: Ubuntu\"><span lang=\"es-ES\">Nivel I<\/span><\/span><\/span><\/span><\/li>\n<li class=\"western\"><span style=\"color: #c9211e;font-size: 12pt\"><span style=\"color: #000000\"><span style=\"font-family: Ubuntu\"><span lang=\"es-ES\">Nivel II<\/span><\/span><\/span><\/span><\/li>\n<\/ul>\n<p class=\"western\" align=\"justify\"><strong><span style=\"color: #c9211e;font-size: 12pt\"><span style=\"color: #000000\"><span style=\"font-family: Ubuntu;color: #ff0000\"><span lang=\"es-ES\">Planes Educativos no formales:<\/span><\/span><\/span><\/span><\/strong><\/p>\n<p><span style=\"color: #c9211e;font-size: 12pt\"><span style=\"color: #000000\"><span style=\"font-family: Ubuntu\"><span lang=\"es-ES\">1. Planes Educativos de Acceso a otros niveles del sistema educativo.<\/span><\/span><\/span><\/span><\/p>\n<ul>\n<li class=\"western\"><span style=\"color: #c9211e;font-size: 12pt\"><span style=\"color: #000000\">&nbsp;<span style=\"font-family: Ubuntu\"><span lang=\"es-ES\">P<\/span><span lang=\"es-ES\">reparaci\u00f3n de la Prueba de <\/span><span lang=\"es-ES\">A<\/span><span lang=\"es-ES\">cceso a Ciclos Formativos de Grado Medio de Formaci\u00f3n Profesional.<\/span><\/span><\/span><\/span><\/li>\n<\/ul>\n<p><span style=\"color: #c9211e;font-size: 12pt\"><span style=\"color: #000000\"><span style=\"font-family: Ubuntu\"><span lang=\"es-ES\">2. Planes Educativos de Preparaci\u00f3n para la <\/span><\/span><span style=\"font-family: Ubuntu\"><span lang=\"es-ES\">O<\/span><span lang=\"es-ES\">btenci\u00f3n de <\/span><span lang=\"es-ES\">T<\/span><span lang=\"es-ES\">itulaciones <\/span><span lang=\"es-ES\">O<\/span><span lang=\"es-ES\">ficiales.<\/span><\/span><\/span><\/span><\/p>\n<ul>\n<li class=\"western\"><span style=\"color: #c9211e;font-size: 12pt\"><span style=\"color: #000000\"><span style=\"font-family: Ubuntu\"><span lang=\"es-ES\">Preparaci\u00f3n de la <\/span><\/span><span style=\"font-family: Ubuntu\"><span lang=\"es-ES\">P<\/span><span lang=\"es-ES\">rueba para la <\/span><span lang=\"es-ES\">O<\/span><span lang=\"es-ES\">btenci\u00f3n del <\/span><span lang=\"es-ES\">T<\/span><span lang=\"es-ES\">\u00edtulo de Graduado en <\/span><span lang=\"es-ES\">Secundaria.<\/span><\/span><\/span><\/span><\/li>\n<li class=\"western\"><span style=\"color: #c9211e;font-size: 12pt\"> <span style=\"font-family: Ubuntu\"><span style=\"color: #000000\"><span lang=\"es-ES\">Plan de <\/span><\/span><span style=\"color: #000000\"><span lang=\"es-ES\">Tutor\u00eda de <\/span><\/span><span style=\"color: #000000\"><span lang=\"es-ES\">A<\/span><\/span><span style=\"color: #000000\"><span lang=\"es-ES\">poyo al <\/span><\/span><span style=\"color: #000000\"><span lang=\"es-ES\">E<\/span><\/span><span style=\"color: #000000\"><span lang=\"es-ES\">studio para el <\/span><\/span><span style=\"color: #000000\"><span lang=\"es-ES\">S<\/span><\/span><span style=\"color: #000000\"><span lang=\"es-ES\">eguimiento de la modalidad semipresencial <\/span><\/span><span style=\"color: #000000\"><span lang=\"es-ES\">d<\/span><\/span><span style=\"color: #000000\"><span lang=\"es-ES\">e Secundaria<\/span><\/span><span style=\"color: #000000\"><span lang=\"es-ES\"> para personas adultas en los <\/span><\/span><span style=\"color: #000000\"><span lang=\"es-ES\">N<\/span><\/span><span style=\"color: #000000\"><span lang=\"es-ES\">iveles 1 y 2 (<\/span><\/span><span style=\"color: #000000\"><span lang=\"es-ES\">TAES 1 y TAES 2), <\/span><\/span><span style=\"color: #000000\"><span lang=\"es-ES\">con <\/span><\/span><span style=\"color: #000000\"><span lang=\"es-ES\">el IES Albaida<\/span><\/span><\/span><\/span><\/li>\n<\/ul>\n<p><strong><span style=\"color: #ff0000;font-size: 12pt\"><span style=\"font-family: Ubuntu\"><span lang=\"es-ES\">Planes Educativos para el Fomento de la Ciudadan\u00eda Activa:<\/span><\/span><\/span><\/strong><\/p>\n<ul>\n<li class=\"western\"><span style=\"color: #c9211e;font-size: 12pt\"><span style=\"color: #000000\"><span style=\"font-family: Ubuntu\"><span lang=\"es-ES\">Fomento de la Cultura Emprendedora. Creando Empresa.<\/span><\/span><\/span><\/span><\/li>\n<li class=\"western\"><span style=\"color: #c9211e;font-size: 12pt\"><span style=\"color: #000000\"><span style=\"font-family: Ubuntu\"><span lang=\"es-ES\">Interculturalidad, <\/span><\/span><span style=\"font-family: Ubuntu\"><span lang=\"es-ES\">C<\/span><span lang=\"es-ES\">ultura y <\/span><span lang=\"es-ES\">L<\/span><span lang=\"es-ES\">engua <\/span><span lang=\"es-ES\">E<\/span><span lang=\"es-ES\">spa\u00f1ola para personas procedentes de otros pa\u00edses.<\/span><\/span><\/span><\/span><\/li>\n<li class=\"western\"><span style=\"color: #c9211e;font-size: 12pt\"><span style=\"color: #000000\"><span style=\"font-family: Ubuntu\"><span lang=\"es-ES\">Plan de H\u00e1bitos de <\/span><\/span><span style=\"font-family: Ubuntu\"><span lang=\"es-ES\">V<\/span><span lang=\"es-ES\">ida <\/span><span lang=\"es-ES\">S<\/span><span lang=\"es-ES\">aludable y <\/span><span lang=\"es-ES\">P<\/span><span lang=\"es-ES\">revenci\u00f3n de <\/span><span lang=\"es-ES\">E<\/span><span lang=\"es-ES\">nfermedades y <\/span><span lang=\"es-ES\">R<\/span><span lang=\"es-ES\">iesgos<\/span><\/span><\/span><span style=\"font-family: Ubuntu\"> <span style=\"color: #000000\"><span lang=\"es-ES\">P<\/span><\/span><span style=\"color: #000000\"><span lang=\"es-ES\">rofesionales.<\/span><\/span><\/span><\/span><\/li>\n<li class=\"western\"><span style=\"color: #c9211e;font-size: 12pt\"><span style=\"color: #000000\"> <span style=\"font-family: Ubuntu\"><span lang=\"es-ES\">Plan de de <\/span><\/span><span style=\"font-family: Ubuntu\"><span lang=\"es-ES\">U<\/span><span lang=\"es-ES\">so <\/span><span lang=\"es-ES\">B<\/span><span lang=\"es-ES\">\u00e1sico de <\/span><span lang=\"es-ES\">L<\/span><span lang=\"es-ES\">engua <\/span><span lang=\"es-ES\">E<\/span><span lang=\"es-ES\">xtranjera (Ingl\u00e9s)<\/span><\/span><\/span><\/span><\/li>\n<li>Uso B\u00e1sico TIC<\/li>\n<\/ul>\n","protected":false},"excerpt":{"rendered":"<p>El Centro de Educaci\u00f3n Permanente Retamar oferta los siguientes PLANES EDUCATIVOS, para el curso 21- 22: Planes Educativos de Formaci\u00f3n B\u00e1sica: Nivel I Nivel II Planes Educativos no formales: 1. Planes Educativos de Acceso a otros niveles del sistema educativo.&#46;&#46;&#46;<\/p>\n","protected":false},"author":13652,"featured_media":0,"parent":0,"menu_order":0,"comment_status":"closed","ping_status":"closed","template":"","meta":{"ngg_post_thumbnail":0,"footnotes":""},"aioseo_notices":[],"_links":{"self":[{"href":"https:\/\/blogsaverroes.juntadeandalucia.es\/ceperretamar\/wp-json\/wp\/v2\/pages\/1077"}],"collection":[{"href":"https:\/\/blogsaverroes.juntadeandalucia.es\/ceperretamar\/wp-json\/wp\/v2\/pages"}],"about":[{"href":"https:\/\/blogsaverroes.juntadeandalucia.es\/ceperretamar\/wp-json\/wp\/v2\/types\/page"}],"author":[{"embeddable":true,"href":"https:\/\/blogsaverroes.juntadeandalucia.es\/ceperretamar\/wp-json\/wp\/v2\/users\/13652"}],"replies":[{"embeddable":true,"href":"https:\/\/blogsaverroes.juntadeandalucia.es\/ceperretamar\/wp-json\/wp\/v2\/comments?post=1077"}],"version-history":[{"count":4,"href":"https:\/\/blogsaverroes.juntadeandalucia.es\/ceperretamar\/wp-json\/wp\/v2\/pages\/1077\/revisions"}],"predecessor-version":[{"id":3330,"href":"https:\/\/blogsaverroes.juntadeandalucia.es\/ceperretamar\/wp-json\/wp\/v2\/pages\/1077\/revisions\/3330"}],"wp:attachment":[{"href":"https:\/\/blogsaverroes.juntadeandalucia.es\/ceperretamar\/wp-json\/wp\/v2\/media?parent=1077"}],"curies":[{"name":"wp","href":"https:\/\/api.w.org\/{rel}","templated":true}]}}