{"id":1162,"date":"2021-11-10T20:00:23","date_gmt":"2021-11-10T19:00:23","guid":{"rendered":"https:\/\/blogsaverroes.juntadeandalucia.es\/ceperretamar\/?page_id=1162"},"modified":"2021-11-11T12:46:23","modified_gmt":"2021-11-11T11:46:23","slug":"escuela-espacio-de-paz","status":"publish","type":"page","link":"https:\/\/blogsaverroes.juntadeandalucia.es\/ceperretamar\/planes-y-proyectos\/escuela-espacio-de-paz\/","title":{"rendered":"Escuela ESPACIO DE PAZ"},"content":{"rendered":"<p>&nbsp;<\/p>\n<p><img loading=\"lazy\" decoding=\"async\" class=\"alignleft\" src=\"https:\/\/www.juntadeandalucia.es\/educacion\/portals\/delegate\/thumbnail\/abaco_big\/8eed4aa5-fab2-4d86-af20-b4c18ff21e15\" alt=\"Logotipos RAEEP y Convivencia plus (Logo RAEEP color 590x423.jpg)\" width=\"305\" height=\"219\">La <span style=\"color: #008000\"><strong>Red Andaluza \u00abEscuela: Espacio de Paz\u00bb<\/strong><\/span> es una red de centros interesados en compartir iniciativas, recursos y experiencias para la mejora de la convivencia escolar y la difusi\u00f3n de la Cultura de Paz, contrayendo un compromiso de profundizaci\u00f3n en aspectos concretos de su Plan de Convivencia. La normativa que regula el funcionamiento de la Red pone el acento en la cultura de la evaluaci\u00f3n, en la necesidad de visibilizar las buenas pr\u00e1cticas desarrolladas en los centros y en la voluntad de trabajar en red compartiendo propuestas, estrategias y recursos con toda la comunidad educativa.<\/p>\n<p>Entre las se\u00f1as de identidad de los centros que integran la Red Andaluza \u00abEscuela: Espacio de Paz\u00bb destacan la promoci\u00f3n de los valores propios de una sociedad democr\u00e1tica, el respeto mutuo, la igualdad, el di\u00e1logo, la solidaridad y la resoluci\u00f3n pac\u00edfica de los conflictos, contando con la participaci\u00f3n de toda la comunidad educativa en la vida de los centros y la vinculaci\u00f3n e implicaci\u00f3n con su entorno.<\/p>\n","protected":false},"excerpt":{"rendered":"<p>&nbsp; La Red Andaluza \u00abEscuela: Espacio de Paz\u00bb es una red de centros interesados en compartir iniciativas, recursos y experiencias para la mejora de la convivencia escolar y la difusi\u00f3n de la Cultura de Paz, contrayendo un compromiso de profundizaci\u00f3n&#46;&#46;&#46;<\/p>\n","protected":false},"author":13612,"featured_media":0,"parent":850,"menu_order":0,"comment_status":"closed","ping_status":"closed","template":"","meta":{"ngg_post_thumbnail":0,"footnotes":""},"aioseo_notices":[],"_links":{"self":[{"href":"https:\/\/blogsaverroes.juntadeandalucia.es\/ceperretamar\/wp-json\/wp\/v2\/pages\/1162"}],"collection":[{"href":"https:\/\/blogsaverroes.juntadeandalucia.es\/ceperretamar\/wp-json\/wp\/v2\/pages"}],"about":[{"href":"https:\/\/blogsaverroes.juntadeandalucia.es\/ceperretamar\/wp-json\/wp\/v2\/types\/page"}],"author":[{"embeddable":true,"href":"https:\/\/blogsaverroes.juntadeandalucia.es\/ceperretamar\/wp-json\/wp\/v2\/users\/13612"}],"replies":[{"embeddable":true,"href":"https:\/\/blogsaverroes.juntadeandalucia.es\/ceperretamar\/wp-json\/wp\/v2\/comments?post=1162"}],"version-history":[{"count":5,"href":"https:\/\/blogsaverroes.juntadeandalucia.es\/ceperretamar\/wp-json\/wp\/v2\/pages\/1162\/revisions"}],"predecessor-version":[{"id":1239,"href":"https:\/\/blogsaverroes.juntadeandalucia.es\/ceperretamar\/wp-json\/wp\/v2\/pages\/1162\/revisions\/1239"}],"up":[{"embeddable":true,"href":"https:\/\/blogsaverroes.juntadeandalucia.es\/ceperretamar\/wp-json\/wp\/v2\/pages\/850"}],"wp:attachment":[{"href":"https:\/\/blogsaverroes.juntadeandalucia.es\/ceperretamar\/wp-json\/wp\/v2\/media?parent=1162"}],"curies":[{"name":"wp","href":"https:\/\/api.w.org\/{rel}","templated":true}]}}