{"id":1270,"date":"2021-11-11T17:10:38","date_gmt":"2021-11-11T16:10:38","guid":{"rendered":"https:\/\/blogsaverroes.juntadeandalucia.es\/ceperretamar\/?page_id=1270"},"modified":"2021-11-17T13:33:36","modified_gmt":"2021-11-17T12:33:36","slug":"formacion-basica","status":"publish","type":"page","link":"https:\/\/blogsaverroes.juntadeandalucia.es\/ceperretamar\/formacion-basica\/","title":{"rendered":"FORMACI\u00d3N B\u00c1SICA"},"content":{"rendered":"<div class=\"inner_cuerpo\">\n<p>La Consejer\u00eda de Educaci\u00f3n y Deporte pone a tu disposici\u00f3n materiales educativos para la preparaci\u00f3n del Nivel I y Nivel II de la Formaci\u00f3n B\u00e1sica para personas adultas basados en los contenidos m\u00ednimos de estas ense\u00f1anzas.<\/p>\n<p>Material correspondiente a la <u><strong><a href=\"http:\/\/www.juntadeandalucia.es\/educacion\/permanente\/materiales\/index.php?formacionbasica#space\">Formaci\u00f3n b\u00e1sica<\/a><\/strong><\/u>.<\/p>\n<p id=\"aui_3_2_0_1159\">Puedes utilizarlos con o sin conexi\u00f3n, y contienen actividades interactivas. Te recomendamos descargarlos en tu equipo para poder utilizarlos sin conexi\u00f3n siempre que lo necesites. Recuerda que est\u00e1n dise\u00f1ados para ser utilizados en un ordenador por lo que no es recomendable su impresi\u00f3n.<\/p>\n<\/div>\n","protected":false},"excerpt":{"rendered":"<p>La Consejer\u00eda de Educaci\u00f3n y Deporte pone a tu disposici\u00f3n materiales educativos para la preparaci\u00f3n del Nivel I y Nivel II de la Formaci\u00f3n B\u00e1sica para personas adultas basados en los contenidos m\u00ednimos de estas ense\u00f1anzas. Material correspondiente a la&#46;&#46;&#46;<\/p>\n","protected":false},"author":13612,"featured_media":0,"parent":0,"menu_order":0,"comment_status":"closed","ping_status":"closed","template":"","meta":{"ngg_post_thumbnail":0,"footnotes":""},"aioseo_notices":[],"_links":{"self":[{"href":"https:\/\/blogsaverroes.juntadeandalucia.es\/ceperretamar\/wp-json\/wp\/v2\/pages\/1270"}],"collection":[{"href":"https:\/\/blogsaverroes.juntadeandalucia.es\/ceperretamar\/wp-json\/wp\/v2\/pages"}],"about":[{"href":"https:\/\/blogsaverroes.juntadeandalucia.es\/ceperretamar\/wp-json\/wp\/v2\/types\/page"}],"author":[{"embeddable":true,"href":"https:\/\/blogsaverroes.juntadeandalucia.es\/ceperretamar\/wp-json\/wp\/v2\/users\/13612"}],"replies":[{"embeddable":true,"href":"https:\/\/blogsaverroes.juntadeandalucia.es\/ceperretamar\/wp-json\/wp\/v2\/comments?post=1270"}],"version-history":[{"count":2,"href":"https:\/\/blogsaverroes.juntadeandalucia.es\/ceperretamar\/wp-json\/wp\/v2\/pages\/1270\/revisions"}],"predecessor-version":[{"id":1383,"href":"https:\/\/blogsaverroes.juntadeandalucia.es\/ceperretamar\/wp-json\/wp\/v2\/pages\/1270\/revisions\/1383"}],"wp:attachment":[{"href":"https:\/\/blogsaverroes.juntadeandalucia.es\/ceperretamar\/wp-json\/wp\/v2\/media?parent=1270"}],"curies":[{"name":"wp","href":"https:\/\/api.w.org\/{rel}","templated":true}]}}