{"id":1391,"date":"2021-11-17T13:44:28","date_gmt":"2021-11-17T12:44:28","guid":{"rendered":"https:\/\/blogsaverroes.juntadeandalucia.es\/ceperretamar\/?page_id=1391"},"modified":"2021-12-09T09:34:40","modified_gmt":"2021-12-09T08:34:40","slug":"titulo-de-graduado-en-eso","status":"publish","type":"page","link":"https:\/\/blogsaverroes.juntadeandalucia.es\/ceperretamar\/titulo-de-graduado-en-eso\/","title":{"rendered":"T\u00edtulo de GRADUADO en ESO"},"content":{"rendered":"<p>En lo referente a la <strong>Educaci\u00f3n Secundaria Obligatoria<\/strong>, este curso escolar se pretende continuar con dos grupos de alumnos (TAES 1 y TAES 2) en la modalidad de semipresencial para alumnado de Secundaria, atendidos a trav\u00e9s de las <strong>Tutor\u00edas de Apoyo al Estudio<\/strong>, en colaboraci\u00f3n con el IES Albaida. Estos dos grupos est\u00e1n ubicados en el m\u00f3dulo educativo, por lo que no pueden acceder las alumnas.<\/p>\n<p>Por ello, se mantiene tambi\u00e9n un <strong>grupo mixto<\/strong> para la <strong>preparaci\u00f3n de la prueba libre y la obtenci\u00f3n del Graduado en Educaci\u00f3n Secundaria<\/strong>, que recibe clases diariamente en el aula central. El grupo mixto se nutre de alumnado, que por circunstancias laborales (destinos), mujeres, m\u00f3dulos de respeto o por razones penitenciarias&nbsp; no pueden trasladarse al m\u00f3dulo educativo.<\/p>\n<div class=\"listaPlegable\">\n<h3 id=\"consejeria\" class=\"TituloPlegable seccionPlegada\">&nbsp;<\/h3>\n<\/div>\n","protected":false},"excerpt":{"rendered":"<p>En lo referente a la Educaci\u00f3n Secundaria Obligatoria, este curso escolar se pretende continuar con dos grupos de alumnos (TAES 1 y TAES 2) en la modalidad de semipresencial para alumnado de Secundaria, atendidos a trav\u00e9s de las Tutor\u00edas de&#46;&#46;&#46;<\/p>\n","protected":false},"author":13652,"featured_media":0,"parent":0,"menu_order":0,"comment_status":"closed","ping_status":"closed","template":"","meta":{"ngg_post_thumbnail":0,"footnotes":""},"aioseo_notices":[],"_links":{"self":[{"href":"https:\/\/blogsaverroes.juntadeandalucia.es\/ceperretamar\/wp-json\/wp\/v2\/pages\/1391"}],"collection":[{"href":"https:\/\/blogsaverroes.juntadeandalucia.es\/ceperretamar\/wp-json\/wp\/v2\/pages"}],"about":[{"href":"https:\/\/blogsaverroes.juntadeandalucia.es\/ceperretamar\/wp-json\/wp\/v2\/types\/page"}],"author":[{"embeddable":true,"href":"https:\/\/blogsaverroes.juntadeandalucia.es\/ceperretamar\/wp-json\/wp\/v2\/users\/13652"}],"replies":[{"embeddable":true,"href":"https:\/\/blogsaverroes.juntadeandalucia.es\/ceperretamar\/wp-json\/wp\/v2\/comments?post=1391"}],"version-history":[{"count":4,"href":"https:\/\/blogsaverroes.juntadeandalucia.es\/ceperretamar\/wp-json\/wp\/v2\/pages\/1391\/revisions"}],"predecessor-version":[{"id":1580,"href":"https:\/\/blogsaverroes.juntadeandalucia.es\/ceperretamar\/wp-json\/wp\/v2\/pages\/1391\/revisions\/1580"}],"wp:attachment":[{"href":"https:\/\/blogsaverroes.juntadeandalucia.es\/ceperretamar\/wp-json\/wp\/v2\/media?parent=1391"}],"curies":[{"name":"wp","href":"https:\/\/api.w.org\/{rel}","templated":true}]}}