{"id":1483,"date":"2021-11-24T17:41:28","date_gmt":"2021-11-24T16:41:28","guid":{"rendered":"https:\/\/blogsaverroes.juntadeandalucia.es\/ceperretamar\/?page_id=1483"},"modified":"2022-05-27T18:06:29","modified_gmt":"2022-05-27T17:06:29","slug":"prodig","status":"publish","type":"page","link":"https:\/\/blogsaverroes.juntadeandalucia.es\/ceperretamar\/planes-y-proyectos\/prodig\/","title":{"rendered":"#TDE"},"content":{"rendered":"<div class=\"page\" title=\"Page 1\">\n<div class=\"section\">\n<div class=\"layoutArea\">\n<div class=\"column\">\n<p><img loading=\"lazy\" decoding=\"async\" class=\" wp-image-1546 alignright\" src=\"https:\/\/blogsaverroes.juntadeandalucia.es\/ceperretamar\/files\/2021\/11\/Unknown-2-300x112.png\" alt=\"\" width=\"367\" height=\"137\" srcset=\"https:\/\/blogsaverroes.juntadeandalucia.es\/ceperretamar\/files\/2021\/11\/Unknown-2-300x112.png 300w, https:\/\/blogsaverroes.juntadeandalucia.es\/ceperretamar\/files\/2021\/11\/Unknown-2-24x9.png 24w, https:\/\/blogsaverroes.juntadeandalucia.es\/ceperretamar\/files\/2021\/11\/Unknown-2-36x13.png 36w, https:\/\/blogsaverroes.juntadeandalucia.es\/ceperretamar\/files\/2021\/11\/Unknown-2-48x18.png 48w, https:\/\/blogsaverroes.juntadeandalucia.es\/ceperretamar\/files\/2021\/11\/Unknown-2.png 367w\" sizes=\"(max-width: 367px) 100vw, 367px\" \/><span style=\"color: #000000\">El &nbsp;concepto de <span style=\"color: #0000ff\"><a style=\"color: #0000ff\" href=\"https:\/\/www.youtube.com\/watch?v=ij2RFtZeTUs\"><strong>Transformaci\u00f3n Digital Educativa (TDE)<\/strong><\/a> <\/span>incluye el conjunto de actuaciones orientadas a la mejora y modernizaci\u00f3n de los procesos, los procedimientos, los h\u00e1bitos y comportamientos de las organizaciones educativas y de las personas que, haciendo uso de las tecnolog\u00edas digitales, desarrollen su capacidad de hacer frente a los retos de la sociedad actual. De esta forma, la TDE supondr\u00e1 una contribuci\u00f3n en el aprendizaje competencial, en la consecuci\u00f3n de los resultados de aprendizaje del alumnado y en el acceso a las tecnolog\u00edas desde un principio de equidad, bas\u00e1ndose en los Marcos de Referencia Europeos relativos a la competencia digital (DigCompOrg, DigCompEdu y DigComp) y cuyo uso queda regulado en la <a href=\"https:\/\/www.juntadeandalucia.es\/educacion\/portals\/delegate\/content\/50599994-ac98-4feb-870f-a0b04081aa75\">Orden de 29 de marzo de 2021<\/a>, por la que se establecen los Marcos de la Competencia Digital en el sistema educativo no universitario de la Comunidad Aut\u00f3noma de Andaluc\u00eda.<\/span><\/p>\n<p><span style=\"color: #000000\">Esta transformaci\u00f3n digital educativa, que tiene como punto de partida el diagn\u00f3stico del centro y se desarrolla a trav\u00e9s del Plan de Actuaci\u00f3n Digital (en adelante PAD), engloba tres \u00e1mbitos de actuaci\u00f3n, el de organizaci\u00f3n y gesti\u00f3n de los centros docentes, el de los procesos de ense\u00f1anza-aprendizaje, y el de la informaci\u00f3n y comunicaci\u00f3n, tanto interna como externa.<\/span><\/p>\n<p><span style=\"color: #000000\">Durante este curso 2021-2022, nos hemos propuesto avanzar en el uso de la plataforma <a href=\"https:\/\/www.juntadeandalucia.es\/educacion\/portals\/web\/transformacion-digital-educativa\/moodle-centros\"><strong>Moodle Centros<\/strong><\/a> dentro de nuestras aulas, utiliz\u00e1ndola como herramienta de apoyo fundamental en nuestro trabajo diario y adem\u00e1s, hemos creado este<strong> blog<\/strong> como herramienta de informaci\u00f3n y comunicaci\u00f3n a nivel interno y externo.<\/span><\/p>\n<\/div>\n<p><span style=\"color: #000000\">Respecto al proceso de ense\u00f1anza-aprendizaje, en todas nuestras aulas tenemos acceso directo a nuestra <strong>p\u00e1gina<\/strong> <strong>de centro<\/strong> con formato cerrado, en la que vamos incluyendo todo el material de las diferentes ense\u00f1anzas ofertadas en el C.E.Per. Retamar, adem\u00e1s de wikipedia, diccionario, acceso a biblioteca central y plataforma Moodle, leyes y revista.<\/span><\/p>\n<\/div>\n<\/div>\n<\/div>\n<p>&nbsp;<\/p>\n","protected":false},"excerpt":{"rendered":"<p>El &nbsp;concepto de Transformaci\u00f3n Digital Educativa (TDE) incluye el conjunto de actuaciones orientadas a la mejora y modernizaci\u00f3n de los procesos, los procedimientos, los h\u00e1bitos y comportamientos de las organizaciones educativas y de las personas que, haciendo uso de las&#46;&#46;&#46;<\/p>\n","protected":false},"author":13652,"featured_media":0,"parent":850,"menu_order":4,"comment_status":"closed","ping_status":"closed","template":"","meta":{"ngg_post_thumbnail":0,"footnotes":""},"aioseo_notices":[],"_links":{"self":[{"href":"https:\/\/blogsaverroes.juntadeandalucia.es\/ceperretamar\/wp-json\/wp\/v2\/pages\/1483"}],"collection":[{"href":"https:\/\/blogsaverroes.juntadeandalucia.es\/ceperretamar\/wp-json\/wp\/v2\/pages"}],"about":[{"href":"https:\/\/blogsaverroes.juntadeandalucia.es\/ceperretamar\/wp-json\/wp\/v2\/types\/page"}],"author":[{"embeddable":true,"href":"https:\/\/blogsaverroes.juntadeandalucia.es\/ceperretamar\/wp-json\/wp\/v2\/users\/13652"}],"replies":[{"embeddable":true,"href":"https:\/\/blogsaverroes.juntadeandalucia.es\/ceperretamar\/wp-json\/wp\/v2\/comments?post=1483"}],"version-history":[{"count":9,"href":"https:\/\/blogsaverroes.juntadeandalucia.es\/ceperretamar\/wp-json\/wp\/v2\/pages\/1483\/revisions"}],"predecessor-version":[{"id":2233,"href":"https:\/\/blogsaverroes.juntadeandalucia.es\/ceperretamar\/wp-json\/wp\/v2\/pages\/1483\/revisions\/2233"}],"up":[{"embeddable":true,"href":"https:\/\/blogsaverroes.juntadeandalucia.es\/ceperretamar\/wp-json\/wp\/v2\/pages\/850"}],"wp:attachment":[{"href":"https:\/\/blogsaverroes.juntadeandalucia.es\/ceperretamar\/wp-json\/wp\/v2\/media?parent=1483"}],"curies":[{"name":"wp","href":"https:\/\/api.w.org\/{rel}","templated":true}]}}