{"id":1494,"date":"2021-11-24T17:56:03","date_gmt":"2021-11-24T16:56:03","guid":{"rendered":"https:\/\/blogsaverroes.juntadeandalucia.es\/ceperretamar\/?page_id=1494"},"modified":"2021-12-22T12:41:40","modified_gmt":"2021-12-22T11:41:40","slug":"irritacion-y-tension","status":"publish","type":"page","link":"https:\/\/blogsaverroes.juntadeandalucia.es\/ceperretamar\/irritacion-y-tension\/","title":{"rendered":"IRRITACI\u00d3N y TENSI\u00d3N"},"content":{"rendered":"<p><span style=\"color: #ff0000;background-color: #ccffff\"><strong>IRRITACI\u00d3N:<\/strong><\/span> El m\u00f3dulo est\u00e1 lleno de compa\u00f1eros \u2026 unos nos agradan siempre, otros solo un momento y otros nada de nada, nos disgustan y nos hacen sentir irritaci\u00f3n: llegamos a tales momentos, que tan solo mirarlos, apartamos la mirada de lo mal que nos caen.<\/p>\n<p>\u00bfEstamos irritados?, \u00bf Qu\u00e9 sucede cuando te irritas?<\/p>\n<p>Cuando algo te irrita no eres muy consciente de tus sentidos. Algo molesto pasa a ser irritante cuando crees que ya no puedes soportarlo m\u00e1s, esto nos lleva a desaprovechar el tiempo: debemos aprovecharlo ayudando a nuestros compa\u00f1eros.<\/p>\n<p>Todo el tiempo y la energ\u00eda que perdemos cuando estamos irritados, nos impide poder disfrutar de otros momentos mejores para nosotros a lo largo de nuestra vida.<\/p>\n<p>\u201cUna irritaci\u00f3n duradera nos lleva a sentir tensi\u00f3n\u201d.<\/p>\n<p><span style=\"color: #ff0000;background-color: #ccffff\"><strong>TENSI\u00d3N:<\/strong><\/span> Estado emocional de una persona que est\u00e1 exaltada o nerviosa por estar sometida a preocupaciones o a un exceso de trabajo. Ejemplo: estar en medio de una situaci\u00f3n acalorada, sientes tensi\u00f3n.<\/p>\n<p>Tambi\u00e9n se produce tensi\u00f3n cuando hay intereses enfrentados. Ejemplo: cuando se encuentran los compa\u00f1eros jugando al f\u00fatbol los domingos, la rivalidad y la tensi\u00f3n hace que se discuta, etc\u2026<\/p>\n<p>\u00bfQu\u00e9 ocurre cuando de sientes tenso?<\/p>\n<p>Est\u00e1s nervioso, impaciente y pierdes la calma con facilidad.<\/p>\n<p>Esto me gusta: Si hablas de lo que te genera tensi\u00f3n con alguien en qui\u00e9n conf\u00edas, experimentas un gran alivio.<\/p>\n<p>\u201c\u00bfCre\u00e9is que habr\u00eda alguna soluci\u00f3n antes de pasar del amor al odio, a la ira, la irritaci\u00f3n, la tensi\u00f3n, y pasarlo tan mal como lo hemos pasado , hasta llegar a este gran sentimiento que es el alivio?\u00bb<\/p>\n<p>ngg_shortcode_0_placeholderAdem\u00e1s hemos utilizado el siguiente material:<\/p>\n<ul>\n<li>M\u00fasica de <a href=\"https:\/\/www.youtube.com\/watch?v=fU8qpU6m3Fk\">PSICOSIS<\/a><\/li>\n<li>Trailer <a href=\"https:\/\/www.youtube.com\/watch?v=wmjYXlkS_MQ\">\u00abEL SILENCIO DE LOS CORDEROS\u00bb<\/a><\/li>\n<li>M\u00fasica <a href=\"https:\/\/www.youtube.com\/watch?v=Sciy6GZr8Po\">EL VUELO DEL MOSCARD\u00d3N<\/a><\/li>\n<\/ul>\n","protected":false},"excerpt":{"rendered":"<p>IRRITACI\u00d3N: El m\u00f3dulo est\u00e1 lleno de compa\u00f1eros \u2026 unos nos agradan siempre, otros solo un momento y otros nada de nada, nos disgustan y nos hacen sentir irritaci\u00f3n: llegamos a tales momentos, que tan solo mirarlos, apartamos la mirada de&#46;&#46;&#46;<\/p>\n","protected":false},"author":13652,"featured_media":0,"parent":0,"menu_order":0,"comment_status":"closed","ping_status":"closed","template":"","meta":{"ngg_post_thumbnail":0,"footnotes":""},"aioseo_notices":[],"_links":{"self":[{"href":"https:\/\/blogsaverroes.juntadeandalucia.es\/ceperretamar\/wp-json\/wp\/v2\/pages\/1494"}],"collection":[{"href":"https:\/\/blogsaverroes.juntadeandalucia.es\/ceperretamar\/wp-json\/wp\/v2\/pages"}],"about":[{"href":"https:\/\/blogsaverroes.juntadeandalucia.es\/ceperretamar\/wp-json\/wp\/v2\/types\/page"}],"author":[{"embeddable":true,"href":"https:\/\/blogsaverroes.juntadeandalucia.es\/ceperretamar\/wp-json\/wp\/v2\/users\/13652"}],"replies":[{"embeddable":true,"href":"https:\/\/blogsaverroes.juntadeandalucia.es\/ceperretamar\/wp-json\/wp\/v2\/comments?post=1494"}],"version-history":[{"count":9,"href":"https:\/\/blogsaverroes.juntadeandalucia.es\/ceperretamar\/wp-json\/wp\/v2\/pages\/1494\/revisions"}],"predecessor-version":[{"id":1657,"href":"https:\/\/blogsaverroes.juntadeandalucia.es\/ceperretamar\/wp-json\/wp\/v2\/pages\/1494\/revisions\/1657"}],"wp:attachment":[{"href":"https:\/\/blogsaverroes.juntadeandalucia.es\/ceperretamar\/wp-json\/wp\/v2\/media?parent=1494"}],"curies":[{"name":"wp","href":"https:\/\/api.w.org\/{rel}","templated":true}]}}