{"id":1535,"date":"2021-11-26T17:24:13","date_gmt":"2021-11-26T16:24:13","guid":{"rendered":"https:\/\/blogsaverroes.juntadeandalucia.es\/ceperretamar\/?page_id=1535"},"modified":"2022-05-27T17:43:54","modified_gmt":"2022-05-27T16:43:54","slug":"fichas-didacticas","status":"publish","type":"page","link":"https:\/\/blogsaverroes.juntadeandalucia.es\/ceperretamar\/fichas-didacticas\/","title":{"rendered":"FICHAS DID\u00c1CTICAS"},"content":{"rendered":"<p><span style=\"color: #000000\">Puedes acceder a las FICHAS DID\u00c1CTICAS pinchando sobre el t\u00edtulo de las pel\u00edculas:<\/span><\/p>\n<p><img loading=\"lazy\" decoding=\"async\" class=\"alignnone size-medium wp-image-1251\" src=\"https:\/\/blogsaverroes.juntadeandalucia.es\/ceperretamar\/files\/2021\/11\/la_boda_de_rosa-406236302-mmed-208x300.jpg\" alt=\"\" width=\"208\" height=\"300\" srcset=\"https:\/\/blogsaverroes.juntadeandalucia.es\/ceperretamar\/files\/2021\/11\/la_boda_de_rosa-406236302-mmed-208x300.jpg 208w, https:\/\/blogsaverroes.juntadeandalucia.es\/ceperretamar\/files\/2021\/11\/la_boda_de_rosa-406236302-mmed-17x24.jpg 17w, https:\/\/blogsaverroes.juntadeandalucia.es\/ceperretamar\/files\/2021\/11\/la_boda_de_rosa-406236302-mmed-25x36.jpg 25w, https:\/\/blogsaverroes.juntadeandalucia.es\/ceperretamar\/files\/2021\/11\/la_boda_de_rosa-406236302-mmed-33x48.jpg 33w, https:\/\/blogsaverroes.juntadeandalucia.es\/ceperretamar\/files\/2021\/11\/la_boda_de_rosa-406236302-mmed.jpg 300w\" sizes=\"(max-width: 208px) 100vw, 208px\" \/><\/p>\n<p><span style=\"color: #ff0000\"><a style=\"color: #ff0000\" href=\"https:\/\/blogsaverroes.juntadeandalucia.es\/ceperretamar\/files\/2021\/11\/25N-La-boda-de-Rosa.pdf\">25N- LA BODA DE ROSA<\/a><\/span><\/p>\n<p>&nbsp;<\/p>\n<p><span style=\"color: #000000\">La siguientes FICHAS DID\u00c1CTICAS han sido trabajadas conjuntamente en el <\/span><strong><span style=\"color: #000000\"><a style=\"color: #000000\" href=\"https:\/\/blogsaverroes.juntadeandalucia.es\/ceperretamar\/oferta-formativa\/cultura-emprendedora\/\">Plan de CULTURA EMPRENDEDORA<\/a>, <\/span><\/strong><span style=\"color: #000000\">concretamente dentro de <\/span><span style=\"color: #800080\"><a style=\"color: #800080\" href=\"https:\/\/blogsaverroes.juntadeandalucia.es\/ceperretamar\/documentos-audiovisuales\/\"><strong><span style=\"color: #000000\">CINE PARA<\/span> <span style=\"color: #000000\">EMPRENDEDORES\/AS:<\/span><\/strong><\/a><\/span><\/p>\n<p><img loading=\"lazy\" decoding=\"async\" class=\"alignnone size-medium wp-image-1943\" src=\"https:\/\/blogsaverroes.juntadeandalucia.es\/ceperretamar\/files\/2022\/03\/EL-DIABLO-VISTE-DE-PRADA-The-Devil-Wears-Prada-2006-209x300.jpg\" alt=\"\" width=\"209\" height=\"300\" srcset=\"https:\/\/blogsaverroes.juntadeandalucia.es\/ceperretamar\/files\/2022\/03\/EL-DIABLO-VISTE-DE-PRADA-The-Devil-Wears-Prada-2006-209x300.jpg 209w, https:\/\/blogsaverroes.juntadeandalucia.es\/ceperretamar\/files\/2022\/03\/EL-DIABLO-VISTE-DE-PRADA-The-Devil-Wears-Prada-2006-17x24.jpg 17w, https:\/\/blogsaverroes.juntadeandalucia.es\/ceperretamar\/files\/2022\/03\/EL-DIABLO-VISTE-DE-PRADA-The-Devil-Wears-Prada-2006-25x36.jpg 25w, https:\/\/blogsaverroes.juntadeandalucia.es\/ceperretamar\/files\/2022\/03\/EL-DIABLO-VISTE-DE-PRADA-The-Devil-Wears-Prada-2006-33x48.jpg 33w, https:\/\/blogsaverroes.juntadeandalucia.es\/ceperretamar\/files\/2022\/03\/EL-DIABLO-VISTE-DE-PRADA-The-Devil-Wears-Prada-2006.jpg 700w\" sizes=\"(max-width: 209px) 100vw, 209px\" \/>&nbsp; &nbsp; &nbsp; &nbsp; &nbsp; &nbsp; &nbsp; &nbsp; &nbsp; &nbsp; &nbsp; &nbsp; &nbsp; &nbsp; &nbsp; &nbsp; &nbsp; &nbsp; &nbsp; &nbsp; &nbsp; &nbsp; &nbsp; &nbsp; &nbsp; &nbsp; &nbsp; &nbsp; <img loading=\"lazy\" decoding=\"async\" class=\"alignnone wp-image-2228\" src=\"https:\/\/blogsaverroes.juntadeandalucia.es\/ceperretamar\/files\/2022\/05\/Unknown.jpg\" alt=\"\" width=\"210\" height=\"297\" srcset=\"https:\/\/blogsaverroes.juntadeandalucia.es\/ceperretamar\/files\/2022\/05\/Unknown.jpg 189w, https:\/\/blogsaverroes.juntadeandalucia.es\/ceperretamar\/files\/2022\/05\/Unknown-17x24.jpg 17w, https:\/\/blogsaverroes.juntadeandalucia.es\/ceperretamar\/files\/2022\/05\/Unknown-25x36.jpg 25w, https:\/\/blogsaverroes.juntadeandalucia.es\/ceperretamar\/files\/2022\/05\/Unknown-34x48.jpg 34w\" sizes=\"(max-width: 210px) 100vw, 210px\" \/><\/p>\n<p><span style=\"color: #ff0000\"><a style=\"color: #ff0000\" href=\"https:\/\/blogsaverroes.juntadeandalucia.es\/ceperretamar\/files\/2022\/03\/8M-EMPREN.pdf\">EL DIABLO VISTE DE PRADA<\/a> &nbsp; &nbsp;<\/span> &nbsp; &nbsp; &nbsp; &nbsp; &nbsp; &nbsp; &nbsp; &nbsp; &nbsp; &nbsp; &nbsp; &nbsp; &nbsp; &nbsp; &nbsp; &nbsp; &nbsp; &nbsp; &nbsp; &nbsp; &nbsp; &nbsp; &nbsp; &nbsp; &nbsp; &nbsp; &nbsp; &nbsp; &nbsp; &nbsp; &nbsp; &nbsp;<span style=\"color: #ff0000\"> <a style=\"color: #ff0000\" href=\"https:\/\/blogsaverroes.juntadeandalucia.es\/ceperretamar\/files\/2022\/05\/CHEF.pdf\">&nbsp;CHEF<\/a><\/span><\/p>\n<p>&nbsp;<\/p>\n<p>&nbsp;<\/p>\n","protected":false},"excerpt":{"rendered":"<p>Puedes acceder a las FICHAS DID\u00c1CTICAS pinchando sobre el t\u00edtulo de las pel\u00edculas: 25N- LA BODA DE ROSA &nbsp; La siguientes FICHAS DID\u00c1CTICAS han sido trabajadas conjuntamente en el Plan de CULTURA EMPRENDEDORA, concretamente dentro de CINE PARA EMPRENDEDORES\/AS: &nbsp;&#46;&#46;&#46;<\/p>\n","protected":false},"author":13652,"featured_media":2232,"parent":0,"menu_order":0,"comment_status":"closed","ping_status":"closed","template":"","meta":{"ngg_post_thumbnail":0,"footnotes":""},"aioseo_notices":[],"_links":{"self":[{"href":"https:\/\/blogsaverroes.juntadeandalucia.es\/ceperretamar\/wp-json\/wp\/v2\/pages\/1535"}],"collection":[{"href":"https:\/\/blogsaverroes.juntadeandalucia.es\/ceperretamar\/wp-json\/wp\/v2\/pages"}],"about":[{"href":"https:\/\/blogsaverroes.juntadeandalucia.es\/ceperretamar\/wp-json\/wp\/v2\/types\/page"}],"author":[{"embeddable":true,"href":"https:\/\/blogsaverroes.juntadeandalucia.es\/ceperretamar\/wp-json\/wp\/v2\/users\/13652"}],"replies":[{"embeddable":true,"href":"https:\/\/blogsaverroes.juntadeandalucia.es\/ceperretamar\/wp-json\/wp\/v2\/comments?post=1535"}],"version-history":[{"count":14,"href":"https:\/\/blogsaverroes.juntadeandalucia.es\/ceperretamar\/wp-json\/wp\/v2\/pages\/1535\/revisions"}],"predecessor-version":[{"id":2230,"href":"https:\/\/blogsaverroes.juntadeandalucia.es\/ceperretamar\/wp-json\/wp\/v2\/pages\/1535\/revisions\/2230"}],"wp:featuredmedia":[{"embeddable":true,"href":"https:\/\/blogsaverroes.juntadeandalucia.es\/ceperretamar\/wp-json\/wp\/v2\/media\/2232"}],"wp:attachment":[{"href":"https:\/\/blogsaverroes.juntadeandalucia.es\/ceperretamar\/wp-json\/wp\/v2\/media?parent=1535"}],"curies":[{"name":"wp","href":"https:\/\/api.w.org\/{rel}","templated":true}]}}