{"id":1713,"date":"2022-01-14T13:43:08","date_gmt":"2022-01-14T12:43:08","guid":{"rendered":"https:\/\/blogsaverroes.juntadeandalucia.es\/ceperretamar\/?page_id=1713"},"modified":"2022-01-26T17:15:36","modified_gmt":"2022-01-26T16:15:36","slug":"tristeza","status":"publish","type":"page","link":"https:\/\/blogsaverroes.juntadeandalucia.es\/ceperretamar\/tristeza\/","title":{"rendered":"TRISTEZA"},"content":{"rendered":"<p><span style=\"color: #ff0000;background-color: #99ccff\"><strong>TRISTEZA:<\/strong><\/span> <span style=\"color: #000000\">La tristeza es una ca\u00edda general de nuestra energ\u00eda y de nuestro estado de \u00e1nimo.<\/span><\/p>\n<p><span style=\"color: #000000\">Cuando estamos tristes perdemos el apetito, las fuerzas, el deseo, el impulso: vamos, las ganas de vivir.<\/span><\/p>\n<p><span style=\"color: #000000\">\u00bfQu\u00e9 nos causa la tristeza? No a todas las personas les entristecen las mismas cosas.<\/span><\/p>\n<p><span style=\"color: #000000\">Sin embargo, es habitual sentir tristeza cuando nos decepcionan o cuando perdemos algo que era importante para nosotros. Imaginarios que nos llega nuestra hora y nos vamos en libertad, la alegr\u00eda y las nuevas perspectivas despertar\u00e1n nuestra curiosidad, pero sentir\u00e1s tristeza al pensar en los compa\u00f1eros que dejas aqu\u00ed. La tristeza es parte de la compasi\u00f3n.<\/span><\/p>\n<p>&nbsp;<\/p>\n<p>ngg_shortcode_0_placeholderAdem\u00e1s se ha trabajado esta emoci\u00f3n en el <strong>Plan de Ingl\u00e9s<\/strong> a trav\u00e9s de la canci\u00f3n <strong><span style=\"color: #0000ff\"><a href=\"https:\/\/blogsaverroes.juntadeandalucia.es\/ceperretamar\/songs\/\">EVERYBODY HURTS (REM)<\/a><\/span><\/strong><\/p>\n<p>(puedes acceder a esta actividad pinchando sobre el nombre de la canci\u00f3n).<\/p>\n<p>&nbsp;<\/p>\n<p>&nbsp;<\/p>\n","protected":false},"excerpt":{"rendered":"<p>TRISTEZA: La tristeza es una ca\u00edda general de nuestra energ\u00eda y de nuestro estado de \u00e1nimo. Cuando estamos tristes perdemos el apetito, las fuerzas, el deseo, el impulso: vamos, las ganas de vivir. \u00bfQu\u00e9 nos causa la tristeza? No a&#46;&#46;&#46;<\/p>\n","protected":false},"author":13652,"featured_media":0,"parent":0,"menu_order":0,"comment_status":"closed","ping_status":"closed","template":"","meta":{"ngg_post_thumbnail":0,"footnotes":""},"aioseo_notices":[],"_links":{"self":[{"href":"https:\/\/blogsaverroes.juntadeandalucia.es\/ceperretamar\/wp-json\/wp\/v2\/pages\/1713"}],"collection":[{"href":"https:\/\/blogsaverroes.juntadeandalucia.es\/ceperretamar\/wp-json\/wp\/v2\/pages"}],"about":[{"href":"https:\/\/blogsaverroes.juntadeandalucia.es\/ceperretamar\/wp-json\/wp\/v2\/types\/page"}],"author":[{"embeddable":true,"href":"https:\/\/blogsaverroes.juntadeandalucia.es\/ceperretamar\/wp-json\/wp\/v2\/users\/13652"}],"replies":[{"embeddable":true,"href":"https:\/\/blogsaverroes.juntadeandalucia.es\/ceperretamar\/wp-json\/wp\/v2\/comments?post=1713"}],"version-history":[{"count":14,"href":"https:\/\/blogsaverroes.juntadeandalucia.es\/ceperretamar\/wp-json\/wp\/v2\/pages\/1713\/revisions"}],"predecessor-version":[{"id":1792,"href":"https:\/\/blogsaverroes.juntadeandalucia.es\/ceperretamar\/wp-json\/wp\/v2\/pages\/1713\/revisions\/1792"}],"wp:attachment":[{"href":"https:\/\/blogsaverroes.juntadeandalucia.es\/ceperretamar\/wp-json\/wp\/v2\/media?parent=1713"}],"curies":[{"name":"wp","href":"https:\/\/api.w.org\/{rel}","templated":true}]}}