{"id":1727,"date":"2022-01-19T13:27:38","date_gmt":"2022-01-19T12:27:38","guid":{"rendered":"https:\/\/blogsaverroes.juntadeandalucia.es\/ceperretamar\/?page_id=1727"},"modified":"2022-04-26T16:06:37","modified_gmt":"2022-04-26T15:06:37","slug":"storytelling","status":"publish","type":"page","link":"https:\/\/blogsaverroes.juntadeandalucia.es\/ceperretamar\/storytelling\/","title":{"rendered":"STORYTELLING"},"content":{"rendered":"<p><span style=\"color: #000000\"><strong>Storytelling<\/strong> es el arte de contar una historia usando lenguaje basado en emociones, y presentada de tal forma que trasmita a los oyentes la capacidad de interiorizar, comprender y crear significado personal de ello, logrando crear empat\u00eda.<\/span><\/p>\n<p><span style=\"color: #000000\">El<strong> storytelling<\/strong> se ha popularizado recientemente como una poderosa herramienta para conectar con las audiencias. La empresa debe producir marca antes que mercanc\u00eda. Y esta marca se crea hoy a partir de relatos.<\/span><\/p>\n<p><span style=\"color: #000000\">Pero adem\u00e1s el Storytelling puede utilizarse como una herramienta experimental para que los emprendedores <\/span><span style=\"color: #000000\">puedan autoevaluar de forma \u00e1gil sus ideas de negocio.<\/span><\/p>\n<p><span style=\"color: #000000\"><img loading=\"lazy\" decoding=\"async\" class=\"size-medium wp-image-2092 alignright\" src=\"https:\/\/blogsaverroes.juntadeandalucia.es\/ceperretamar\/files\/2022\/04\/Sin-t\u00edtulo-218x300.png\" alt=\"\" width=\"218\" height=\"300\" srcset=\"https:\/\/blogsaverroes.juntadeandalucia.es\/ceperretamar\/files\/2022\/04\/Sin-t\u00edtulo-218x300.png 218w, https:\/\/blogsaverroes.juntadeandalucia.es\/ceperretamar\/files\/2022\/04\/Sin-t\u00edtulo-744x1024.png 744w, https:\/\/blogsaverroes.juntadeandalucia.es\/ceperretamar\/files\/2022\/04\/Sin-t\u00edtulo-768x1057.png 768w, https:\/\/blogsaverroes.juntadeandalucia.es\/ceperretamar\/files\/2022\/04\/Sin-t\u00edtulo-17x24.png 17w, https:\/\/blogsaverroes.juntadeandalucia.es\/ceperretamar\/files\/2022\/04\/Sin-t\u00edtulo-26x36.png 26w, https:\/\/blogsaverroes.juntadeandalucia.es\/ceperretamar\/files\/2022\/04\/Sin-t\u00edtulo-35x48.png 35w, https:\/\/blogsaverroes.juntadeandalucia.es\/ceperretamar\/files\/2022\/04\/Sin-t\u00edtulo.png 873w\" sizes=\"(max-width: 218px) 100vw, 218px\" \/>La gran historia de tu empresa tiene que explicar:<\/span><\/p>\n<p><span style=\"color: #000000\"><br \/>\n1) Qu\u00e9 y c\u00f3mo ofreces VALOR, es decir, qu\u00e9 necesidad satisfaces o qu\u00e9 problemas de tus clientes solucionas.<\/span><\/p>\n<p><span style=\"color: #000000\">2) A qui\u00e9n: \u201cTus clientes han de ser los protagonistas de tu historia. T\u00fa s\u00f3lo existes por ellos, para servirlos. Ellos son los aut\u00e9nticos h\u00e9roes\u201d.<\/span><\/p>\n<p><span style=\"color: #000000\">3) Por qu\u00e9 eres diferente: por tu marca, por qui\u00e9n eres, como equipo, por lo qu\u00e9 valoras, por lo qu\u00e9 crees.<\/span><\/p>\n","protected":false},"excerpt":{"rendered":"<p>Storytelling es el arte de contar una historia usando lenguaje basado en emociones, y presentada de tal forma que trasmita a los oyentes la capacidad de interiorizar, comprender y crear significado personal de ello, logrando crear empat\u00eda. El storytelling se&#46;&#46;&#46;<\/p>\n","protected":false},"author":13652,"featured_media":2100,"parent":0,"menu_order":0,"comment_status":"closed","ping_status":"closed","template":"","meta":{"ngg_post_thumbnail":0,"footnotes":""},"aioseo_notices":[],"_links":{"self":[{"href":"https:\/\/blogsaverroes.juntadeandalucia.es\/ceperretamar\/wp-json\/wp\/v2\/pages\/1727"}],"collection":[{"href":"https:\/\/blogsaverroes.juntadeandalucia.es\/ceperretamar\/wp-json\/wp\/v2\/pages"}],"about":[{"href":"https:\/\/blogsaverroes.juntadeandalucia.es\/ceperretamar\/wp-json\/wp\/v2\/types\/page"}],"author":[{"embeddable":true,"href":"https:\/\/blogsaverroes.juntadeandalucia.es\/ceperretamar\/wp-json\/wp\/v2\/users\/13652"}],"replies":[{"embeddable":true,"href":"https:\/\/blogsaverroes.juntadeandalucia.es\/ceperretamar\/wp-json\/wp\/v2\/comments?post=1727"}],"version-history":[{"count":6,"href":"https:\/\/blogsaverroes.juntadeandalucia.es\/ceperretamar\/wp-json\/wp\/v2\/pages\/1727\/revisions"}],"predecessor-version":[{"id":2093,"href":"https:\/\/blogsaverroes.juntadeandalucia.es\/ceperretamar\/wp-json\/wp\/v2\/pages\/1727\/revisions\/2093"}],"wp:featuredmedia":[{"embeddable":true,"href":"https:\/\/blogsaverroes.juntadeandalucia.es\/ceperretamar\/wp-json\/wp\/v2\/media\/2100"}],"wp:attachment":[{"href":"https:\/\/blogsaverroes.juntadeandalucia.es\/ceperretamar\/wp-json\/wp\/v2\/media?parent=1727"}],"curies":[{"name":"wp","href":"https:\/\/api.w.org\/{rel}","templated":true}]}}