{"id":1753,"date":"2022-01-21T13:35:28","date_gmt":"2022-01-21T12:35:28","guid":{"rendered":"https:\/\/blogsaverroes.juntadeandalucia.es\/ceperretamar\/?page_id=1753"},"modified":"2022-01-21T13:41:10","modified_gmt":"2022-01-21T12:41:10","slug":"compasion","status":"publish","type":"page","link":"https:\/\/blogsaverroes.juntadeandalucia.es\/ceperretamar\/compasion\/","title":{"rendered":"COMPASI\u00d3N"},"content":{"rendered":"<p><strong>\u201c<span style=\"font-size: large\">El sufrimiento mismo se hace contagioso por la compasi\u00f3n\u201d<\/span><\/strong><span style=\"font-size: large\">, Friedrich Wilhelm Nietzsche.<\/span><\/p>\n<p><span style=\"font-size: large\">La emoci\u00f3n de la <\/span><strong><span style=\"font-size: large\">compasi\u00f3n<\/span><\/strong><span style=\"font-size: large\"> es una emoci\u00f3n de segundo nivel, situada en la <\/span><strong><a href=\"https:\/\/universodeemociones.com\/amor\/\" target=\"_blank\" rel=\"noopener noreferrer\"><span style=\"color: #333399\"><span style=\"font-size: large\"><u>galaxia del amor<\/u><\/span><\/span><\/a><\/strong><span style=\"font-size: large\">. Junto a compasi\u00f3n, en el mismo nivel, se encuentran: solidaridad, cordialidad, simpat\u00eda, empat\u00eda, confianza, autoestima, afecto, amabilidad, cari\u00f1o, ternura, enamoramiento, admiraci\u00f3n, respecto, deseo, aceptaci\u00f3n, gratitud e inter\u00e9s.<\/span><span style=\"color: #ffffff\"><span style=\"font-size: large\">\u2013<\/span><\/span><\/p>\n<p><span style=\"font-size: large\">En el Universo de Emociones, entorno a la emoci\u00f3n de la compasi\u00f3n se encuentran <\/span><strong><span style=\"font-size: large\">emociones del cuarto nivel<\/span><\/strong><span style=\"font-size: large\">: caridad, filantrop\u00eda, altruismo, prosocialidad, misericordia, l\u00e1stima y piedad. Estas emociones, al pertenecer al cuarto nivel, se representan con un tama\u00f1o menor a las emociones de los dem\u00e1s niveles y en una posici\u00f3n perif\u00e9rica a la galaxia del amor y \u00e9stas, m\u00e1s concretamente, pr\u00f3ximas a la emoci\u00f3n de la compasi\u00f3n. Cada una de ellas va en solitario indicando que, a pesar de no guardar una conexi\u00f3n directa con otras emociones, mantienen <\/span><strong><span style=\"font-size: large\">afinidad con las emociones pr\u00f3ximas<\/span><\/strong><span style=\"font-size: large\"> a la regi\u00f3n en la que est\u00e1n posicionadas.<\/span><\/p>\n<p><span style=\"font-size: large\">La compasi\u00f3n se presenta como una <\/span><strong><span style=\"font-size: large\">emoci\u00f3n ambigua<\/span><\/strong><span style=\"font-size: large\">. Al igual que la <\/span><strong><a href=\"https:\/\/universodeemociones.com\/sorpresa\/\"><span style=\"color: #333399\"><span style=\"font-size: large\"><u>sorpresa<\/u><\/span><\/span><\/a><\/strong><span style=\"font-size: large\">, la compasi\u00f3n tiene una dimensi\u00f3n negativa y otra positiva. La primera viene dada por estar ante una persona que est\u00e1 en una situaci\u00f3n dif\u00edcil, posiblemente sufriendo. La positiva es que esto se contempla con amor y con ganas de ayudar. Dado que en nuestra cultura se considera a la emoci\u00f3n compasi\u00f3n en su dimensi\u00f3n positiva, en el cartel del Universo de Emociones, est\u00e1 situada en la <\/span><strong><a href=\"https:\/\/universodeemociones.com\/amor\/\" target=\"_blank\" rel=\"noopener noreferrer\"><span style=\"color: #333399\"><span style=\"font-size: large\"><u>galaxia del amor<\/u><\/span><\/span><\/a><\/strong><span style=\"font-size: large\">.<\/span><\/p>\n<p><span style=\"font-size: large\">Puede haber cierta confusi\u00f3n entre las emociones compasi\u00f3n, piedad y l\u00e1stima. A pesar de que son emociones que est\u00e1n relacionadas, son varios matices los que las <\/span><span style=\"font-size: large\">diferencian. Por ejemplo, la piedad es la emoci\u00f3n que nos predispone a compadecernos del que est\u00e1 sufriendo. La l\u00e1stima, en este caso, pertenece a la galaxia de la tristeza ya que est\u00e1 m\u00e1s pr\u00f3xima a esta emoci\u00f3n que al amor.<\/span><\/p>\nngg_shortcode_0_placeholder\n","protected":false},"excerpt":{"rendered":"<p>\u201cEl sufrimiento mismo se hace contagioso por la compasi\u00f3n\u201d, Friedrich Wilhelm Nietzsche. La emoci\u00f3n de la compasi\u00f3n es una emoci\u00f3n de segundo nivel, situada en la galaxia del amor. Junto a compasi\u00f3n, en el mismo nivel, se encuentran: solidaridad, cordialidad,&#46;&#46;&#46;<\/p>\n","protected":false},"author":13652,"featured_media":0,"parent":0,"menu_order":0,"comment_status":"closed","ping_status":"closed","template":"","meta":{"ngg_post_thumbnail":0,"footnotes":""},"aioseo_notices":[],"_links":{"self":[{"href":"https:\/\/blogsaverroes.juntadeandalucia.es\/ceperretamar\/wp-json\/wp\/v2\/pages\/1753"}],"collection":[{"href":"https:\/\/blogsaverroes.juntadeandalucia.es\/ceperretamar\/wp-json\/wp\/v2\/pages"}],"about":[{"href":"https:\/\/blogsaverroes.juntadeandalucia.es\/ceperretamar\/wp-json\/wp\/v2\/types\/page"}],"author":[{"embeddable":true,"href":"https:\/\/blogsaverroes.juntadeandalucia.es\/ceperretamar\/wp-json\/wp\/v2\/users\/13652"}],"replies":[{"embeddable":true,"href":"https:\/\/blogsaverroes.juntadeandalucia.es\/ceperretamar\/wp-json\/wp\/v2\/comments?post=1753"}],"version-history":[{"count":3,"href":"https:\/\/blogsaverroes.juntadeandalucia.es\/ceperretamar\/wp-json\/wp\/v2\/pages\/1753\/revisions"}],"predecessor-version":[{"id":1763,"href":"https:\/\/blogsaverroes.juntadeandalucia.es\/ceperretamar\/wp-json\/wp\/v2\/pages\/1753\/revisions\/1763"}],"wp:attachment":[{"href":"https:\/\/blogsaverroes.juntadeandalucia.es\/ceperretamar\/wp-json\/wp\/v2\/media?parent=1753"}],"curies":[{"name":"wp","href":"https:\/\/api.w.org\/{rel}","templated":true}]}}