{"id":1808,"date":"2022-02-01T10:49:25","date_gmt":"2022-02-01T09:49:25","guid":{"rendered":"https:\/\/blogsaverroes.juntadeandalucia.es\/ceperretamar\/?page_id=1808"},"modified":"2022-02-15T10:17:46","modified_gmt":"2022-02-15T09:17:46","slug":"ambito-social","status":"publish","type":"page","link":"https:\/\/blogsaverroes.juntadeandalucia.es\/ceperretamar\/ambito-social\/","title":{"rendered":"\u00c1mbito SOCIAL"},"content":{"rendered":"<p class=\"western\" align=\"justify\"><strong><span style=\"text-decoration: underline;color: #ff0000\"><span style=\"font-family: Times New Roman, serif\"><span style=\"font-size: large\">AN\u00c1LISIS DEL GUERNICA<\/span><\/span><\/span><\/strong><\/p>\n<p align=\"justify\"><span style=\"font-family: georgia, palatino, serif;font-size: 16pt;color: #000000\">Esta actividad est\u00e1 relacionada con el Bloque 9 de contenidos de Formaci\u00f3n B\u00e1sica Nivel II y adem\u00e1s, hemos aprovechado para relacionarla con las actividades previstas con la celebraci\u00f3n del <a href=\"https:\/\/blogsaverroes.juntadeandalucia.es\/ceperretamar\/dia-de-la-paz-30-de-enero-2022\/\">D\u00eda de la Paz (30 de enero)<\/a>.<\/span><\/p>\n<p class=\"western\"><span style=\"color: #111111\"><span style=\"font-family: Georgia, serif\"><span style=\"font-size: large\"><span style=\"text-decoration: underline\">Actividades introductorias:<\/span> <\/span><\/span><\/span><\/p>\n<ul>\n<li><span style=\"color: #111111\"><span style=\"font-family: Georgia, serif\"><span style=\"font-size: large\">En parejas se le da el cuadro del Guernica en piezas y deben montarlo. <\/span><\/span><\/span><\/li>\n<li>\n<p align=\"justify\"><span style=\"color: #111111\"><span style=\"font-family: Georgia, serif\"><span style=\"font-size: large\">Se observa el cuadro y se comenta lo que se ve, lo que le transmite el cuadro, que colores predominan, qu\u00e9 elementos son destacables y con los datos obtenidos (lluvia de ideas en la pizarra).<\/span><\/span><\/span><\/p>\n<\/li>\n<li>\n<p align=\"justify\"><img loading=\"lazy\" decoding=\"async\" class=\"size-medium wp-image-1816 alignleft\" src=\"https:\/\/blogsaverroes.juntadeandalucia.es\/ceperretamar\/files\/2022\/02\/IMG_20220127_115228-300x225.jpg\" alt=\"\" width=\"300\" height=\"225\" srcset=\"https:\/\/blogsaverroes.juntadeandalucia.es\/ceperretamar\/files\/2022\/02\/IMG_20220127_115228-300x225.jpg 300w, https:\/\/blogsaverroes.juntadeandalucia.es\/ceperretamar\/files\/2022\/02\/IMG_20220127_115228-1024x768.jpg 1024w, https:\/\/blogsaverroes.juntadeandalucia.es\/ceperretamar\/files\/2022\/02\/IMG_20220127_115228-768x576.jpg 768w, https:\/\/blogsaverroes.juntadeandalucia.es\/ceperretamar\/files\/2022\/02\/IMG_20220127_115228-1536x1152.jpg 1536w, https:\/\/blogsaverroes.juntadeandalucia.es\/ceperretamar\/files\/2022\/02\/IMG_20220127_115228-2048x1536.jpg 2048w, https:\/\/blogsaverroes.juntadeandalucia.es\/ceperretamar\/files\/2022\/02\/IMG_20220127_115228-24x18.jpg 24w, https:\/\/blogsaverroes.juntadeandalucia.es\/ceperretamar\/files\/2022\/02\/IMG_20220127_115228-36x27.jpg 36w, https:\/\/blogsaverroes.juntadeandalucia.es\/ceperretamar\/files\/2022\/02\/IMG_20220127_115228-48x36.jpg 48w\" sizes=\"(max-width: 300px) 100vw, 300px\" \/><img loading=\"lazy\" decoding=\"async\" class=\"alignnone size-medium wp-image-1814\" src=\"https:\/\/blogsaverroes.juntadeandalucia.es\/ceperretamar\/files\/2022\/02\/IMG_20220126_100354_658-300x222.jpg\" alt=\"\" width=\"300\" height=\"222\" srcset=\"https:\/\/blogsaverroes.juntadeandalucia.es\/ceperretamar\/files\/2022\/02\/IMG_20220126_100354_658-300x222.jpg 300w, https:\/\/blogsaverroes.juntadeandalucia.es\/ceperretamar\/files\/2022\/02\/IMG_20220126_100354_658-1024x759.jpg 1024w, https:\/\/blogsaverroes.juntadeandalucia.es\/ceperretamar\/files\/2022\/02\/IMG_20220126_100354_658-768x569.jpg 768w, https:\/\/blogsaverroes.juntadeandalucia.es\/ceperretamar\/files\/2022\/02\/IMG_20220126_100354_658-1536x1139.jpg 1536w, https:\/\/blogsaverroes.juntadeandalucia.es\/ceperretamar\/files\/2022\/02\/IMG_20220126_100354_658-2048x1518.jpg 2048w, https:\/\/blogsaverroes.juntadeandalucia.es\/ceperretamar\/files\/2022\/02\/IMG_20220126_100354_658-24x18.jpg 24w, https:\/\/blogsaverroes.juntadeandalucia.es\/ceperretamar\/files\/2022\/02\/IMG_20220126_100354_658-36x27.jpg 36w, https:\/\/blogsaverroes.juntadeandalucia.es\/ceperretamar\/files\/2022\/02\/IMG_20220126_100354_658-48x36.jpg 48w\" sizes=\"(max-width: 300px) 100vw, 300px\" \/><\/p>\n<\/li>\n<li>&nbsp;<\/li>\n<li><span style=\"color: #111111\"><span style=\"font-family: Georgia, serif\"><span style=\"font-size: large\">El cuadro est\u00e1 lleno de s\u00edmbolos: \u00bfPodr\u00edas decir qu\u00e9 simboliza los siguientes elementos: el caballo, la flor, la mujer, el toro, la paloma, el soldado muerto? <\/span><\/span><\/span><\/li>\n<li><span style=\"color: #111111\"><span style=\"font-family: Georgia, serif\"><span style=\"font-size: large\">El dolor, la esperanza, el mal \/fascismo, las victimas de la guerra.<\/span><\/span><\/span><\/li>\n<li>\n<p align=\"justify\"><span style=\"color: #111111\"><span style=\"font-family: Georgia, serif\"><span style=\"font-size: large\">A nivel sensorial\u2026&#8230;\u00bfqu\u00e9 te sugiere el cuadro? \u00bfqu\u00e9 olor percibes? \u00bfqu\u00e9 escuchas?<\/span><\/span><\/span><\/p>\n<\/li>\n<\/ul>\n<p class=\"western\"><span style=\"color: #111111\"><span style=\"font-family: Georgia, serif\"><span style=\"font-size: large\"><span style=\"text-decoration: underline\">Actividades desarrollo<\/span>:<\/span><\/span><\/span><\/p>\n<ul>\n<li><span style=\"color: #111111\"><span style=\"font-family: Georgia, serif\"><span style=\"font-size: large\">Explicaci\u00f3n del significado del cuadro de Picasso, contextualiz\u00e1ndolo en su momento hist\u00f3rico y en su etapa art\u00edstica.<\/span><\/span><\/span><\/li>\n<li><span style=\"color: #111111\"><span style=\"font-family: Georgia, serif\"><span style=\"font-size: large\">An\u00e1lisis del cuadro: tem\u00e1tica, composici\u00f3n, elementos que aparecen y su significado simb\u00f3lico.<\/span><\/span><\/span><\/li>\n<\/ul>\n<p><span style=\"color: #111111\"><span style=\"font-family: Georgia, serif\"><span style=\"font-size: large\"><span style=\"text-decoration: underline\">Presentaci\u00f3n del Pdf<\/span>: Vida de Picasso y explicaci\u00f3n detallada del Guernica.<\/span><\/span><\/span><\/p>\n<p><span style=\"color: #111111\"><span style=\"font-family: Georgia, serif\"><span style=\"font-size: large\"><br \/>\n<iframe loading=\"lazy\" src=\"https:\/\/onedrive.live.com\/embed?cid=CEF7B99B8E68628C&amp;resid=CEF7B99B8E68628C%21117&amp;authkey=AGa75UMcmJT9QEk&amp;em=2\" scrolling=\"no\" width=\"476\" height=\"288\" frameborder=\"0\"><\/iframe><br \/>\n<\/span><\/span><\/span><\/p>\n<p align=\"justify\"><span style=\"font-family: Times New Roman, serif\"><span style=\"font-size: large\"><span style=\"color: #111111\"><span style=\"font-family: Georgia, serif\"><span style=\"text-decoration: underline\">Proyecci\u00f3n:<\/span> video sobre el <a href=\"https:\/\/www.youtube.com\/watch?v=FCjFLHtt4tg\">Guernica en 3D<\/a>, con la canci\u00f3n de fondo \u201cAl alba\u201d de Serra<\/span><\/span><span style=\"color: #111111\"><span style=\"font-family: Georgia, serif\">t.<\/span><\/span><\/span><\/span><\/p>\n<p align=\"justify\">(el v\u00eddeo pod\u00e9is verlo pinchando sobre el nombre del cuadro)<\/p>\n<p><span style=\"color: #111111\"><span style=\"font-family: Georgia, serif\"><span style=\"font-size: large\"><span style=\"text-decoration: underline\">Actividades finales<\/span>:<\/span><\/span><\/span><\/p>\n<p><span style=\"color: #111111\"><span style=\"font-family: Georgia, serif\"><span style=\"font-size: large\"> Reflexiones<\/span><\/span><\/span><\/p>\n<ul>\n<li><span style=\"color: #111111\"><span style=\"font-family: Georgia, serif\"><span style=\"font-size: large\">\u00bfQu\u00e9 t\u00edtulo le pondr\u00edas?<\/span><\/span><\/span><\/li>\n<li><span style=\"color: #111111\"><span style=\"font-family: Georgia, serif\"><span style=\"font-size: large\">\u00bfC\u00f3mo vemos ahora el cuadro?<\/span><\/span><\/span><\/li>\n<li><span style=\"color: #111111\"><span style=\"font-family: Georgia, serif\"><span style=\"font-size: large\">\u00bfQu\u00e9 conclusiones podemos sacar de esta obra maestra?<\/span><\/span><\/span><\/li>\n<li>\n<p class=\"western\"><span style=\"color: #111111\"><span style=\"font-family: Georgia, serif\"><span style=\"font-size: large\">Expresa por escrito lo que has aprendido sobre El Guernica.<\/span><\/span><\/span><\/p>\n<p><iframe loading=\"lazy\" src=\"https:\/\/onedrive.live.com\/embed?cid=CEF7B99B8E68628C&amp;resid=CEF7B99B8E68628C%21108&amp;authkey=ALPGUAsdIXk7kfA&amp;em=2\" scrolling=\"no\" width=\"476\" height=\"288\" frameborder=\"0\"><\/iframe><\/p>\n<p><iframe loading=\"lazy\" src=\"https:\/\/onedrive.live.com\/embed?cid=CEF7B99B8E68628C&amp;resid=CEF7B99B8E68628C%21110&amp;authkey=ABSqF-3uGbdTzX4&amp;em=2\" scrolling=\"no\" width=\"476\" height=\"288\" frameborder=\"0\"><\/iframe><\/p>\n<p>&nbsp;&nbsp;&nbsp;&nbsp;&nbsp;&nbsp;&nbsp;&nbsp;&nbsp;&nbsp; (Escrito realizado por un alumno de Nivel II del M.8)<br \/>\n<span style=\"color: #111111\"><span style=\"font-family: Georgia, serif\"><span style=\"font-size: large\">Otras actividades:<\/span><\/span><\/span><\/li>\n<li><span style=\"color: #111111\"><span style=\"font-family: Georgia, serif\"><span style=\"font-size: large\">Se entrega el cuadro en 18 piezas para darle color ( <a href=\"https:\/\/www.actiludis.com\/2009\/01\/08\/coloreamos-el-guernica-de-picasso\/\">ACTILUDIS<\/a> en diferentes tama\u00f1os) y montarlo posteriormente.<\/span><\/span><\/span><span style=\"color: #111111\"><span style=\"font-family: Georgia, serif\"><span style=\"font-size: large\"><br \/>\n<\/span><\/span><\/span><\/li>\n<li><span style=\"font-family: georgia, palatino, serif;font-size: 16pt;color: #000000\">Se entrega a otro grupo el cuadro de Picasso en tama\u00f1o m\u00e1s reducido, para que cada cual lo coloree como quiera y despu\u00e9s montarlo como \u00abmarco\u00bb del anterior.<\/span><\/li>\n<li><img loading=\"lazy\" decoding=\"async\" class=\"wp-image-1809 alignright\" src=\"https:\/\/blogsaverroes.juntadeandalucia.es\/ceperretamar\/files\/2022\/02\/para-colorear-300x159.png\" alt=\"\" width=\"295\" height=\"156\" srcset=\"https:\/\/blogsaverroes.juntadeandalucia.es\/ceperretamar\/files\/2022\/02\/para-colorear-300x159.png 300w, https:\/\/blogsaverroes.juntadeandalucia.es\/ceperretamar\/files\/2022\/02\/para-colorear-1024x544.png 1024w, https:\/\/blogsaverroes.juntadeandalucia.es\/ceperretamar\/files\/2022\/02\/para-colorear-768x408.png 768w, https:\/\/blogsaverroes.juntadeandalucia.es\/ceperretamar\/files\/2022\/02\/para-colorear-1536x816.png 1536w, https:\/\/blogsaverroes.juntadeandalucia.es\/ceperretamar\/files\/2022\/02\/para-colorear-2048x1087.png 2048w, https:\/\/blogsaverroes.juntadeandalucia.es\/ceperretamar\/files\/2022\/02\/para-colorear-24x13.png 24w, https:\/\/blogsaverroes.juntadeandalucia.es\/ceperretamar\/files\/2022\/02\/para-colorear-36x19.png 36w, https:\/\/blogsaverroes.juntadeandalucia.es\/ceperretamar\/files\/2022\/02\/para-colorear-48x25.png 48w\" sizes=\"(max-width: 295px) 100vw, 295px\" \/><\/li>\n<li style=\"text-align: center\"><span style=\"font-size: 16pt;font-family: georgia, palatino, serif;color: #000000\">Se entrega a otro grupo el cuadro de Picasso en tama\u00f1o m\u00e1s reducido, para que cada cual lo coloree como quiera y despu\u00e9s montarlo como \u00abmarco\u00bb del anterior.<\/span> &nbsp;&nbsp;&nbsp;&nbsp;&nbsp;&nbsp;&nbsp;&nbsp;&nbsp; <img loading=\"lazy\" decoding=\"async\" class=\"size-medium wp-image-1820 aligncenter\" src=\"https:\/\/blogsaverroes.juntadeandalucia.es\/ceperretamar\/files\/2022\/02\/IMG20220131092028-300x225.jpg\" alt=\"\" width=\"300\" height=\"225\" srcset=\"https:\/\/blogsaverroes.juntadeandalucia.es\/ceperretamar\/files\/2022\/02\/IMG20220131092028-300x225.jpg 300w, https:\/\/blogsaverroes.juntadeandalucia.es\/ceperretamar\/files\/2022\/02\/IMG20220131092028-1024x768.jpg 1024w, https:\/\/blogsaverroes.juntadeandalucia.es\/ceperretamar\/files\/2022\/02\/IMG20220131092028-768x576.jpg 768w, https:\/\/blogsaverroes.juntadeandalucia.es\/ceperretamar\/files\/2022\/02\/IMG20220131092028-1536x1152.jpg 1536w, https:\/\/blogsaverroes.juntadeandalucia.es\/ceperretamar\/files\/2022\/02\/IMG20220131092028-2048x1536.jpg 2048w, https:\/\/blogsaverroes.juntadeandalucia.es\/ceperretamar\/files\/2022\/02\/IMG20220131092028-24x18.jpg 24w, https:\/\/blogsaverroes.juntadeandalucia.es\/ceperretamar\/files\/2022\/02\/IMG20220131092028-36x27.jpg 36w, https:\/\/blogsaverroes.juntadeandalucia.es\/ceperretamar\/files\/2022\/02\/IMG20220131092028-48x36.jpg 48w\" sizes=\"(max-width: 300px) 100vw, 300px\" \/> &nbsp; Mural realizado por el alumnado del M.8<\/li>\n<\/ul>\n","protected":false},"excerpt":{"rendered":"<p>AN\u00c1LISIS DEL GUERNICA Esta actividad est\u00e1 relacionada con el Bloque 9 de contenidos de Formaci\u00f3n B\u00e1sica Nivel II y adem\u00e1s, hemos aprovechado para relacionarla con las actividades previstas con la celebraci\u00f3n del D\u00eda de la Paz (30 de enero). Actividades&#46;&#46;&#46;<\/p>\n","protected":false},"author":13652,"featured_media":0,"parent":0,"menu_order":0,"comment_status":"closed","ping_status":"closed","template":"","meta":{"ngg_post_thumbnail":0,"footnotes":""},"aioseo_notices":[],"_links":{"self":[{"href":"https:\/\/blogsaverroes.juntadeandalucia.es\/ceperretamar\/wp-json\/wp\/v2\/pages\/1808"}],"collection":[{"href":"https:\/\/blogsaverroes.juntadeandalucia.es\/ceperretamar\/wp-json\/wp\/v2\/pages"}],"about":[{"href":"https:\/\/blogsaverroes.juntadeandalucia.es\/ceperretamar\/wp-json\/wp\/v2\/types\/page"}],"author":[{"embeddable":true,"href":"https:\/\/blogsaverroes.juntadeandalucia.es\/ceperretamar\/wp-json\/wp\/v2\/users\/13652"}],"replies":[{"embeddable":true,"href":"https:\/\/blogsaverroes.juntadeandalucia.es\/ceperretamar\/wp-json\/wp\/v2\/comments?post=1808"}],"version-history":[{"count":21,"href":"https:\/\/blogsaverroes.juntadeandalucia.es\/ceperretamar\/wp-json\/wp\/v2\/pages\/1808\/revisions"}],"predecessor-version":[{"id":1926,"href":"https:\/\/blogsaverroes.juntadeandalucia.es\/ceperretamar\/wp-json\/wp\/v2\/pages\/1808\/revisions\/1926"}],"wp:attachment":[{"href":"https:\/\/blogsaverroes.juntadeandalucia.es\/ceperretamar\/wp-json\/wp\/v2\/media?parent=1808"}],"curies":[{"name":"wp","href":"https:\/\/api.w.org\/{rel}","templated":true}]}}