{"id":1928,"date":"2022-03-09T19:30:39","date_gmt":"2022-03-09T18:30:39","guid":{"rendered":"https:\/\/blogsaverroes.juntadeandalucia.es\/ceperretamar\/?page_id=1928"},"modified":"2022-05-27T17:21:26","modified_gmt":"2022-05-27T16:21:26","slug":"documentos-audiovisuales","status":"publish","type":"page","link":"https:\/\/blogsaverroes.juntadeandalucia.es\/ceperretamar\/documentos-audiovisuales\/","title":{"rendered":"Cine para EMPRENDEDORES"},"content":{"rendered":"<p><span style=\"color: #000000;font-family: 'comic sans ms', sans-serif\">No hay duda de que al cine&nbsp;se le considera el S\u00e9ptimo Arte por el poder que tiene para entrar en nuestra psique, inspirarnos, evocarnos as\u00ed como hacernos reflexionar, aprender y, por supuesto, para motivarnos. <\/span><\/p>\n<p><span style=\"color: #000000;font-family: 'comic sans ms', sans-serif\">Por eso hemos decidido seleccionar algunos documentos audiovisuales (pel\u00edculas y documentales) que nos resultan de especial inter\u00e9s ya que nos nos acercan a \u00e1mbitos de la vida relacionados en mayor o menor medida con &nbsp;la <strong>CULTURA EMPRENDEDORA: <\/strong>liderazgo, mundo empresarial,&nbsp;<\/span><span style=\"color: #000000;font-family: comic sans ms, sans-serif\">m\u00e1rketing, finanzas, etc.<\/span><\/p>\n<p><span style=\"font-family: 'comic sans ms', sans-serif;color: #000000\">Adem\u00e1s estas actividades est\u00e1n directamente relacionadas con el <a href=\"https:\/\/blogsaverroes.juntadeandalucia.es\/ceperretamar\/aula-dcine\/\"><strong>Programa de Aula Dcine<\/strong><\/a> que se desarrolla en nuestro centro.<\/span><\/p>\n<p><span style=\"font-family: 'comic sans ms', sans-serif;color: #000000\">Cada pel\u00edcula y\/o documental ir\u00e1 acompa\u00f1ado de su correspondiente <strong>FICHA DID\u00c1CTICA<\/strong> con tareas diversas sobre los contenidos a trabajar y, en algunas ocasiones, relacionadas con la celebraci\u00f3n de alguna efem\u00e9ride.<\/span><\/p>\n<p><span style=\"font-family: 'comic sans ms', sans-serif;color: #000000\">Aqu\u00ed ten\u00e9is enlace a cada una de ellas:<\/span><\/p>\n<p><span style=\"color: #800080\">&#8211; <a style=\"color: #800080\" href=\"https:\/\/blogsaverroes.juntadeandalucia.es\/ceperretamar\/files\/2022\/03\/8M-EMPREN.pdf\">EL DIABLO SE VISTE DE PRADA<\/a><\/span><\/p>\n<p><span style=\"color: #800080\">&#8211; <a style=\"color: #800080\" href=\"https:\/\/blogsaverroes.juntadeandalucia.es\/ceperretamar\/files\/2022\/05\/CHEF.pdf\">CHEF<\/a><\/span><\/p>\n","protected":false},"excerpt":{"rendered":"<p>No hay duda de que al cine&nbsp;se le considera el S\u00e9ptimo Arte por el poder que tiene para entrar en nuestra psique, inspirarnos, evocarnos as\u00ed como hacernos reflexionar, aprender y, por supuesto, para motivarnos. Por eso hemos decidido seleccionar algunos&#46;&#46;&#46;<\/p>\n","protected":false},"author":13652,"featured_media":2101,"parent":0,"menu_order":0,"comment_status":"closed","ping_status":"closed","template":"","meta":{"ngg_post_thumbnail":0,"footnotes":""},"aioseo_notices":[],"_links":{"self":[{"href":"https:\/\/blogsaverroes.juntadeandalucia.es\/ceperretamar\/wp-json\/wp\/v2\/pages\/1928"}],"collection":[{"href":"https:\/\/blogsaverroes.juntadeandalucia.es\/ceperretamar\/wp-json\/wp\/v2\/pages"}],"about":[{"href":"https:\/\/blogsaverroes.juntadeandalucia.es\/ceperretamar\/wp-json\/wp\/v2\/types\/page"}],"author":[{"embeddable":true,"href":"https:\/\/blogsaverroes.juntadeandalucia.es\/ceperretamar\/wp-json\/wp\/v2\/users\/13652"}],"replies":[{"embeddable":true,"href":"https:\/\/blogsaverroes.juntadeandalucia.es\/ceperretamar\/wp-json\/wp\/v2\/comments?post=1928"}],"version-history":[{"count":11,"href":"https:\/\/blogsaverroes.juntadeandalucia.es\/ceperretamar\/wp-json\/wp\/v2\/pages\/1928\/revisions"}],"predecessor-version":[{"id":2221,"href":"https:\/\/blogsaverroes.juntadeandalucia.es\/ceperretamar\/wp-json\/wp\/v2\/pages\/1928\/revisions\/2221"}],"wp:featuredmedia":[{"embeddable":true,"href":"https:\/\/blogsaverroes.juntadeandalucia.es\/ceperretamar\/wp-json\/wp\/v2\/media\/2101"}],"wp:attachment":[{"href":"https:\/\/blogsaverroes.juntadeandalucia.es\/ceperretamar\/wp-json\/wp\/v2\/media?parent=1928"}],"curies":[{"name":"wp","href":"https:\/\/api.w.org\/{rel}","templated":true}]}}