{"id":2310,"date":"2022-06-06T16:21:51","date_gmt":"2022-06-06T15:21:51","guid":{"rendered":"https:\/\/blogsaverroes.juntadeandalucia.es\/ceperretamar\/?page_id=2310"},"modified":"2022-06-07T07:27:13","modified_gmt":"2022-06-07T06:27:13","slug":"edad-media","status":"publish","type":"page","link":"https:\/\/blogsaverroes.juntadeandalucia.es\/ceperretamar\/edad-media\/","title":{"rendered":"EDAD MEDIA"},"content":{"rendered":"<p><span style=\"color: #000000\">A nivel introductorio hemos visto el siguiente v\u00eddeo:<\/span><\/p>\n<p><a href=\"https:\/\/www.youtube.com\/watch?v=TXgymX_3DUs\"><span style=\"color: #000000\"><strong><span style=\"color: #008000\">EL FEUDALISMO EN LA EDAD MEDIA<\/span><\/strong><\/span><\/a><\/p>\n<p><span style=\"color: #000000\">Despu\u00e9s del trabajo realizado estudiando y trabajando los diferentes contenidos relacionados con la <strong>Edad Media<\/strong> en Andaluc\u00eda y Espa\u00f1a, hemos realizado un<strong> proyecto final<\/strong> utilizando principalmente cajas de cart\u00f3n, papel de peri\u00f3dico, cola y t\u00e9mperas.<\/span><\/p>\n<p><span style=\"color: #000000\">As\u00ed ha sido el proceso:<\/span><\/p>\n<p>ngg_shortcode_0_placeholder<span style=\"color: #000000\">Tras varias semanas de dedicaci\u00f3n y esfuerzo, el resultado ha sido el siguiente:<\/span><\/p>\nngg_shortcode_1_placeholder\n","protected":false},"excerpt":{"rendered":"<p>A nivel introductorio hemos visto el siguiente v\u00eddeo: EL FEUDALISMO EN LA EDAD MEDIA Despu\u00e9s del trabajo realizado estudiando y trabajando los diferentes contenidos relacionados con la Edad Media en Andaluc\u00eda y Espa\u00f1a, hemos realizado un proyecto final utilizando principalmente&#46;&#46;&#46;<\/p>\n","protected":false},"author":13652,"featured_media":0,"parent":0,"menu_order":0,"comment_status":"closed","ping_status":"closed","template":"","meta":{"ngg_post_thumbnail":0,"footnotes":""},"aioseo_notices":[],"_links":{"self":[{"href":"https:\/\/blogsaverroes.juntadeandalucia.es\/ceperretamar\/wp-json\/wp\/v2\/pages\/2310"}],"collection":[{"href":"https:\/\/blogsaverroes.juntadeandalucia.es\/ceperretamar\/wp-json\/wp\/v2\/pages"}],"about":[{"href":"https:\/\/blogsaverroes.juntadeandalucia.es\/ceperretamar\/wp-json\/wp\/v2\/types\/page"}],"author":[{"embeddable":true,"href":"https:\/\/blogsaverroes.juntadeandalucia.es\/ceperretamar\/wp-json\/wp\/v2\/users\/13652"}],"replies":[{"embeddable":true,"href":"https:\/\/blogsaverroes.juntadeandalucia.es\/ceperretamar\/wp-json\/wp\/v2\/comments?post=2310"}],"version-history":[{"count":6,"href":"https:\/\/blogsaverroes.juntadeandalucia.es\/ceperretamar\/wp-json\/wp\/v2\/pages\/2310\/revisions"}],"predecessor-version":[{"id":2335,"href":"https:\/\/blogsaverroes.juntadeandalucia.es\/ceperretamar\/wp-json\/wp\/v2\/pages\/2310\/revisions\/2335"}],"wp:attachment":[{"href":"https:\/\/blogsaverroes.juntadeandalucia.es\/ceperretamar\/wp-json\/wp\/v2\/media?parent=2310"}],"curies":[{"name":"wp","href":"https:\/\/api.w.org\/{rel}","templated":true}]}}