{"id":4042,"date":"2025-11-19T21:10:33","date_gmt":"2025-11-19T20:10:33","guid":{"rendered":"https:\/\/blogsaverroes.juntadeandalucia.es\/ceperretamar\/?page_id=4042"},"modified":"2026-04-23T12:50:26","modified_gmt":"2026-04-23T11:50:26","slug":"movilidad-macedonia","status":"publish","type":"page","link":"https:\/\/blogsaverroes.juntadeandalucia.es\/ceperretamar\/movilidad-macedonia\/","title":{"rendered":"Movilidad Macedonia"},"content":{"rendered":"<div>\u00a1Empezamos nuestra primera movilidad Erasmus+ en modalidad de cursos y formaci\u00f3n! \u2708\ufe0f<\/div>\n<div>Dos docentes del CEPER Retamar viajaron hasta Skopje el pasado mes de noviembre para participar en la 19\u00aa Conferencia de la EPEA (Asociaci\u00f3n Europea de Educaci\u00f3n en Prisi\u00f3n). M\u00e1s de 130 profesionales de 24 pa\u00edses se reunieron para compartir experiencias, aprender nuevas metodolog\u00edas y seguir mejorando la calidad de la educaci\u00f3n en contextos penitenciarios. Adem\u00e1s, pudimos darle difusi\u00f3n a nuestro proyecto \u201cDel aula al mundo\u201d y contactar con nuevos socios que nos van a ayudar a conseguir nuestros objetivos.<\/div>\n<div>&nbsp;<\/div>\n<div>\u00a1Una oportunidad incre\u00edble para seguir creciendo y traer nuevas ideas a nuestras aulas!<\/div>\n<div style=\"text-align: center\">&nbsp;<\/div>\n<div><iframe loading=\"lazy\" src=\"\/\/www.youtube.com\/embed\/s0BGLz7u57I?si=_OU503HY_5vZPR16\" width=\"560\" height=\"315\" frameborder=\"0\"><\/iframe><\/div>\n<div>\n<div style=\"position: relative;width: 100%;height: 0;padding-top: 56.2500%;padding-bottom: 0;margin-top: 1.6em;margin-bottom: 0.9em;overflow: hidden;border-radius: 8px\"><iframe src=\"https:\/\/www.canva.com\/design\/DAHHgFKd8nY\/mTTYK-V5_MSEbW_RnHw20w\/watch?embed\"><br \/>\n<\/iframe><\/div>\n<div style=\"position: relative;width: 100%;height: 0;padding-top: 56.2500%;padding-bottom: 0;margin-top: 1.6em;margin-bottom: 0.9em;overflow: hidden;border-radius: 8px\"><iframe src=\"https:\/\/www.canva.com\/design\/DAHHgFKd8nY\/mTTYK-V5_MSEbW_RnHw20w\/watch?embed\"><br \/>\n<\/iframe><\/div>\n<p><a href=\"https:\/\/www.canva.com\/design\/DAHHgFKd8nY\/mTTYK-V5_MSEbW_RnHw20w\/watch?utm_content=DAHHgFKd8nY&amp;utm_campaign=designshare&amp;utm_medium=embeds&amp;utm_source=link\" target=\"_blank\" rel=\"noopener\">versi\u00f3n reducida movilidad Macedonia<\/a> by Valeria Gisbert Gallego<\/p>\n<\/div>\n<div>&nbsp;<\/div>\n","protected":false},"excerpt":{"rendered":"<p>\u00a1Empezamos nuestra primera movilidad Erasmus+ en modalidad de cursos y formaci\u00f3n! \u2708\ufe0f Dos docentes del CEPER Retamar viajaron hasta Skopje el pasado mes de noviembre para participar en la 19\u00aa Conferencia de la EPEA (Asociaci\u00f3n Europea de Educaci\u00f3n en Prisi\u00f3n).&#46;&#46;&#46;<\/p>\n","protected":false},"author":13652,"featured_media":0,"parent":0,"menu_order":0,"comment_status":"closed","ping_status":"closed","template":"","meta":{"ngg_post_thumbnail":0,"footnotes":""},"aioseo_notices":[],"_links":{"self":[{"href":"https:\/\/blogsaverroes.juntadeandalucia.es\/ceperretamar\/wp-json\/wp\/v2\/pages\/4042"}],"collection":[{"href":"https:\/\/blogsaverroes.juntadeandalucia.es\/ceperretamar\/wp-json\/wp\/v2\/pages"}],"about":[{"href":"https:\/\/blogsaverroes.juntadeandalucia.es\/ceperretamar\/wp-json\/wp\/v2\/types\/page"}],"author":[{"embeddable":true,"href":"https:\/\/blogsaverroes.juntadeandalucia.es\/ceperretamar\/wp-json\/wp\/v2\/users\/13652"}],"replies":[{"embeddable":true,"href":"https:\/\/blogsaverroes.juntadeandalucia.es\/ceperretamar\/wp-json\/wp\/v2\/comments?post=4042"}],"version-history":[{"count":7,"href":"https:\/\/blogsaverroes.juntadeandalucia.es\/ceperretamar\/wp-json\/wp\/v2\/pages\/4042\/revisions"}],"predecessor-version":[{"id":4237,"href":"https:\/\/blogsaverroes.juntadeandalucia.es\/ceperretamar\/wp-json\/wp\/v2\/pages\/4042\/revisions\/4237"}],"wp:attachment":[{"href":"https:\/\/blogsaverroes.juntadeandalucia.es\/ceperretamar\/wp-json\/wp\/v2\/media?parent=4042"}],"curies":[{"name":"wp","href":"https:\/\/api.w.org\/{rel}","templated":true}]}}