{"id":850,"date":"2020-12-18T08:41:27","date_gmt":"2020-12-18T07:41:27","guid":{"rendered":"https:\/\/blogsaverroes.juntadeandalucia.es\/pre\/plantilla-pencil\/?page_id=850"},"modified":"2022-03-16T17:56:41","modified_gmt":"2022-03-16T16:56:41","slug":"planes-y-proyectos","status":"publish","type":"page","link":"https:\/\/blogsaverroes.juntadeandalucia.es\/ceperretamar\/planes-y-proyectos\/","title":{"rendered":"Planes, Programas y Proyectos"},"content":{"rendered":"<p><span style=\"color: #000000\">Los <strong>PLANES, PROGRAMAS y PROYECTOS<\/strong> en los que participa nuestro centro actualmente son los siguientes:<\/span><\/p>\n<p><span style=\"text-decoration: underline;color: #000000\">Programas para la INNOVACI\u00d3N EDUCATIVA<\/span><\/p>\n<table style=\"width: 88.6560667761206%\">\n<tbody>\n<tr>\n<td style=\"width: 33.535353535353536%\" width=\"163\"><span style=\"color: #000000\">PROGRAMAS CULTURALES<\/span><\/td>\n<td style=\"width: 146.7977915804003%\" width=\"318\"><span style=\"color: #000000\"><strong>AulaDcine: <\/strong>Pretende el desarrollo de la competencia digital mediante el conocimiento y an\u00e1lisis del lenguaje audiovisual.<\/span><\/td>\n<\/tr>\n<tr>\n<td style=\"width: 33.535353535353536%\" width=\"163\"><span style=\"color: #000000\">PRODIG: Programa de Digitalizaci\u00f3n de Centro<\/span><\/td>\n<td style=\"width: 146.7977915804003%\" width=\"318\"><span style=\"color: #000000\"><strong>Transformaci\u00f3n Digital Educativa (#TDE): <\/strong>Estableciendo pautas y ofreciendo herramientas a los centros para su diagn\u00f3stico y mejora general y especialmente en el desarrollo de la Competencia Digital.<\/span><\/td>\n<\/tr>\n<\/tbody>\n<\/table>\n<p><span style=\"text-decoration: underline;color: #000000\">Planes EDUCATIVOS<\/span><\/p>\n<p><span style=\"color: #000000\"><strong>Plan de Igualdad entre Hombres y Mujeres en Educaci\u00f3n<\/strong>. Desarrollando una de las medidas y actuaciones destinadas a la prevenci\u00f3n de la violencia de g\u00e9nero en el marco del <strong>Pacto de Estado contra la Violencia de G\u00e9nero<\/strong>.<\/span><\/p>\n<p><span style=\"text-decoration: underline;color: #000000\">Red Andaluza \u201cESCUELA: ESPACIO DE PAZ\u201d<\/span><\/p>\n<p><span style=\"color: #000000\"><strong>Proyecto \u201cUna Propuesta de Paz y Tolerancia en Entornos Cerrados\u201d, <\/strong>con objeto de favorecer un clima \u00f3ptimo convivencia y adquirir herramientas para la resoluci\u00f3n pac\u00edfica de conflictos. \u2028<\/span><\/p>\n<p><span style=\"text-decoration: underline;color: #000000\">Programa ERASMUS+<\/span><\/p>\n<p><span style=\"color: #000000\"><strong>Proyecto Europeo en el \u00e1mbito de Educaci\u00f3n de Personas Adultas (KA121-ADU)<\/strong> mediante per\u00edodos de observaci\u00f3n en el extranjero\/ <strong>Job Shadowing<\/strong> en centros penitenciarios de Suiza. El proyecto de intercambio comenz\u00f3 en 2019, pero qued\u00f3 suspendido durante el &nbsp;curso pasado a consecuencia de la pandemia y se ha retomado este curso.<\/span><\/p>\n<p>&nbsp;<\/p>\n","protected":false},"excerpt":{"rendered":"<p>Los PLANES, PROGRAMAS y PROYECTOS en los que participa nuestro centro actualmente son los siguientes: Programas para la INNOVACI\u00d3N EDUCATIVA PROGRAMAS CULTURALES AulaDcine: Pretende el desarrollo de la competencia digital mediante el conocimiento y an\u00e1lisis del lenguaje audiovisual. PRODIG: Programa&#46;&#46;&#46;<\/p>\n","protected":false},"author":13652,"featured_media":0,"parent":0,"menu_order":0,"comment_status":"closed","ping_status":"closed","template":"","meta":{"ngg_post_thumbnail":0,"footnotes":""},"aioseo_notices":[],"_links":{"self":[{"href":"https:\/\/blogsaverroes.juntadeandalucia.es\/ceperretamar\/wp-json\/wp\/v2\/pages\/850"}],"collection":[{"href":"https:\/\/blogsaverroes.juntadeandalucia.es\/ceperretamar\/wp-json\/wp\/v2\/pages"}],"about":[{"href":"https:\/\/blogsaverroes.juntadeandalucia.es\/ceperretamar\/wp-json\/wp\/v2\/types\/page"}],"author":[{"embeddable":true,"href":"https:\/\/blogsaverroes.juntadeandalucia.es\/ceperretamar\/wp-json\/wp\/v2\/users\/13652"}],"replies":[{"embeddable":true,"href":"https:\/\/blogsaverroes.juntadeandalucia.es\/ceperretamar\/wp-json\/wp\/v2\/comments?post=850"}],"version-history":[{"count":10,"href":"https:\/\/blogsaverroes.juntadeandalucia.es\/ceperretamar\/wp-json\/wp\/v2\/pages\/850\/revisions"}],"predecessor-version":[{"id":1993,"href":"https:\/\/blogsaverroes.juntadeandalucia.es\/ceperretamar\/wp-json\/wp\/v2\/pages\/850\/revisions\/1993"}],"wp:attachment":[{"href":"https:\/\/blogsaverroes.juntadeandalucia.es\/ceperretamar\/wp-json\/wp\/v2\/media?parent=850"}],"curies":[{"name":"wp","href":"https:\/\/api.w.org\/{rel}","templated":true}]}}