{"id":168,"date":"2020-10-30T20:54:33","date_gmt":"2020-10-30T20:54:33","guid":{"rendered":"https:\/\/blogsaverroes.juntadeandalucia.es\/ceperronda\/?page_id=168"},"modified":"2022-06-22T10:57:03","modified_gmt":"2022-06-22T10:57:03","slug":"equipo-directivo","status":"publish","type":"page","link":"https:\/\/blogsaverroes.juntadeandalucia.es\/ceperronda\/equipo-directivo\/","title":{"rendered":"Equipo directivo"},"content":{"rendered":"<table style=\"width: 83.755%;height: 532px\" border=\"0\" rules=\"NONE\" cellspacing=\"0\">\n<colgroup>\n<col width=\"180\">\n<col width=\"354\">\n<col width=\"360\"><\/colgroup>\n<tbody>\n<tr style=\"height: 38px\">\n<td style=\"width: 111.867%;text-align: center;height: 38px\" colspan=\"3\" align=\"CENTER\" valign=\"MIDDLE\" bgcolor=\"#FFFF00\" height=\"38\"><b><span style=\"font-family: Comic Sans MS;font-size: large\">Equipo directivo del CEPER Constituci\u00f3n Espa\u00f1ola y Secciones adjuntas&nbsp;<\/span><\/b><\/td>\n<\/tr>\n<tr style=\"height: 38px\">\n<td style=\"width: 20.1124%;text-align: left;height: 38px\" align=\"LEFT\" valign=\"MIDDLE\" height=\"38\"><span style=\"font-family: Comic Sans MS;font-size: medium\">&nbsp;<\/span><\/td>\n<td style=\"width: 49.2135%;text-align: left;height: 38px\" align=\"LEFT\" valign=\"MIDDLE\"><span style=\"font-family: Comic Sans MS;font-size: medium\">&nbsp;<\/span><\/td>\n<td style=\"width: 42.541%;text-align: left;height: 38px\" align=\"LEFT\" valign=\"MIDDLE\"><span style=\"font-family: Comic Sans MS;font-size: medium\">&nbsp;<\/span><\/td>\n<\/tr>\n<tr style=\"height: 38px\">\n<td style=\"width: 20.1124%;text-align: left;height: 38px\" align=\"LEFT\" valign=\"MIDDLE\" height=\"38\"><span style=\"color: #0000cc;font-family: Comic Sans MS;font-size: medium\">Director<\/span><\/td>\n<td style=\"width: 49.2135%;text-align: left;height: 38px\" align=\"LEFT\" valign=\"MIDDLE\"><span style=\"color: #0000cc;font-family: Comic Sans MS;font-size: medium\">CEPER Constituci\u00f3n Espa\u00f1ola<\/span><\/td>\n<td style=\"width: 42.541%;text-align: left;height: 38px\" align=\"LEFT\" valign=\"MIDDLE\"><span style=\"color: #0000cc;font-family: Comic Sans MS;font-size: medium\">Cardona Gonz\u00e1lez, Diego Jes\u00fas<\/span><\/td>\n<\/tr>\n<tr style=\"height: 38px\">\n<td style=\"width: 20.1124%;text-align: left;height: 38px\" align=\"LEFT\" valign=\"MIDDLE\" height=\"38\"><span style=\"color: #0000cc;font-family: Comic Sans MS;font-size: medium\">Jefe de Estudios<\/span><\/td>\n<td style=\"width: 49.2135%;text-align: left;height: 38px\" align=\"LEFT\" valign=\"MIDDLE\"><span style=\"color: #0000cc;font-family: Comic Sans MS;font-size: medium\">CEPER Constituci\u00f3n Espa\u00f1ola<\/span><\/td>\n<td style=\"width: 42.541%;text-align: left;height: 38px\" align=\"LEFT\" valign=\"MIDDLE\">&nbsp;<\/td>\n<\/tr>\n<tr style=\"height: 38px\">\n<td style=\"width: 20.1124%;text-align: left;height: 38px\" align=\"LEFT\" valign=\"MIDDLE\" height=\"38\"><span style=\"font-family: Comic Sans MS;font-size: medium\">Jefe de Estudios<\/span><\/td>\n<td style=\"width: 49.2135%;text-align: left;height: 38px\" align=\"LEFT\" valign=\"MIDDLE\"><span style=\"font-family: Comic Sans MS;font-size: medium\">SEP Rafael Alberti<\/span><\/td>\n<td style=\"width: 42.541%;text-align: left;height: 38px\" align=\"LEFT\" valign=\"MIDDLE\">&nbsp;<\/td>\n<\/tr>\n<tr style=\"height: 38px\">\n<td style=\"width: 20.1124%;text-align: left;height: 38px\" align=\"LEFT\" valign=\"MIDDLE\" height=\"38\"><span style=\"font-family: Comic Sans MS;font-size: medium\">Jefe de Estudios<\/span><\/td>\n<td style=\"width: 49.2135%;text-align: left;height: 38px\" align=\"LEFT\" valign=\"MIDDLE\"><span style=\"font-family: Comic Sans MS;font-size: medium\">SEP Los Casta\u00f1ares<\/span><\/td>\n<td style=\"width: 42.541%;text-align: left;height: 38px\" align=\"LEFT\" valign=\"MIDDLE\">&nbsp;<\/td>\n<\/tr>\n<tr style=\"height: 38px\">\n<td style=\"width: 20.1124%;text-align: left;height: 38px\" align=\"LEFT\" valign=\"MIDDLE\" height=\"38\"><span style=\"font-family: Comic Sans MS;font-size: medium\">Jefa de Estudios<\/span><\/td>\n<td style=\"width: 49.2135%;text-align: left;height: 38px\" align=\"LEFT\" valign=\"MIDDLE\"><span style=\"font-family: Comic Sans MS;font-size: medium\">SEP Monte Hacho y SEP Benarrab\u00e1<\/span><\/td>\n<td style=\"width: 42.541%;text-align: left;height: 38px\" align=\"LEFT\" valign=\"MIDDLE\">&nbsp;<\/td>\n<\/tr>\n<tr style=\"height: 38px\">\n<td style=\"width: 20.1124%;text-align: left;height: 38px\" align=\"LEFT\" valign=\"MIDDLE\" height=\"38\"><span style=\"font-family: Comic Sans MS;font-size: medium\">Jefe de Estudios<\/span><\/td>\n<td style=\"width: 49.2135%;text-align: left;height: 38px\" align=\"LEFT\" valign=\"MIDDLE\"><span style=\"font-family: Comic Sans MS;font-size: medium\">SEP Los Vergeles<\/span><\/td>\n<td style=\"width: 42.541%;text-align: left;height: 38px\" align=\"LEFT\" valign=\"MIDDLE\">&nbsp;<\/td>\n<\/tr>\n<tr style=\"height: 38px\">\n<td style=\"width: 20.1124%;text-align: left;height: 38px\" align=\"LEFT\" valign=\"MIDDLE\" height=\"38\"><span style=\"font-family: Comic Sans MS;font-size: medium\">Jefa de Estudios<\/span><\/td>\n<td style=\"width: 49.2135%;text-align: left;height: 38px\" align=\"LEFT\" valign=\"MIDDLE\"><span style=\"font-family: Comic Sans MS;font-size: medium\">SEP Jubrique y SEP R\u00edo Genal<\/span><\/td>\n<td style=\"width: 42.541%;text-align: left;height: 38px\" align=\"LEFT\" valign=\"MIDDLE\">&nbsp;<\/td>\n<\/tr>\n<tr style=\"height: 38px\">\n<td style=\"width: 20.1124%;text-align: left;height: 38px\" align=\"LEFT\" valign=\"MIDDLE\" height=\"38\"><span style=\"font-family: Comic Sans MS;font-size: medium\">Jefe de Estudios<\/span><\/td>\n<td style=\"width: 49.2135%;text-align: left;height: 38px\" align=\"LEFT\" valign=\"MIDDLE\"><span style=\"font-family: Comic Sans MS;font-size: medium\">SEP El Burgo y SEP Yunquera<\/span><\/td>\n<td style=\"width: 42.541%;text-align: left;height: 38px\" align=\"LEFT\" valign=\"MIDDLE\">&nbsp;<\/td>\n<\/tr>\n<tr style=\"height: 38px\">\n<td style=\"width: 20.1124%;text-align: left;height: 38px\" align=\"LEFT\" valign=\"MIDDLE\" height=\"76\"><span style=\"font-family: Comic Sans MS;font-size: medium\">Jefa de Estudios<\/span><\/td>\n<td style=\"width: 49.2135%;text-align: left;height: 38px\" align=\"LEFT\" valign=\"MIDDLE\"><span style=\"font-family: Comic Sans MS;font-size: medium\">SEP Benadalid, SEP Benalaur\u00eda y SEP El Llano del Rey<\/span><\/td>\n<td style=\"width: 42.541%;text-align: left;height: 38px\" align=\"LEFT\" valign=\"MIDDLE\">&nbsp;<\/td>\n<\/tr>\n<tr style=\"height: 38px\">\n<td style=\"width: 20.1124%;text-align: left;height: 38px\" align=\"LEFT\" valign=\"MIDDLE\" height=\"38\"><span style=\"font-family: Comic Sans MS;font-size: medium\">Jefa de Estudios<\/span><\/td>\n<td style=\"width: 49.2135%;text-align: left;height: 38px\" align=\"LEFT\" valign=\"MIDDLE\"><span style=\"font-family: Comic Sans MS;font-size: medium\">SEP Benaoj\u00e1n y Montejaque<\/span><\/td>\n<td style=\"width: 42.541%;text-align: left;height: 38px\" align=\"LEFT\" valign=\"MIDDLE\">&nbsp;<\/td>\n<\/tr>\n<tr style=\"height: 38px\">\n<td style=\"width: 20.1124%;text-align: left;height: 38px\" align=\"LEFT\" valign=\"MIDDLE\" height=\"38\"><span style=\"font-family: Comic Sans MS;font-size: medium\">Jefa de Estudios<\/span><\/td>\n<td style=\"width: 49.2135%;text-align: left;height: 38px\" align=\"LEFT\" valign=\"MIDDLE\"><span style=\"font-family: Comic Sans MS;font-size: medium\">SEP Los Casta\u00f1ares<\/span><\/td>\n<td style=\"width: 42.541%;text-align: left;height: 38px\" align=\"LEFT\" valign=\"MIDDLE\">&nbsp;<\/td>\n<\/tr>\n<tr style=\"height: 38px\">\n<td style=\"width: 20.1124%;text-align: left;height: 38px\" align=\"LEFT\" valign=\"MIDDLE\" height=\"38\"><span style=\"font-family: Comic Sans MS;font-size: medium\">Jefa de Estudios<\/span><\/td>\n<td style=\"width: 49.2135%;text-align: left;height: 38px\" align=\"LEFT\" valign=\"MIDDLE\"><span style=\"font-family: Comic Sans MS;font-size: medium\">SEP Paz M\u00e1rquez y Jos\u00e9 Beneroso<\/span><\/td>\n<td style=\"width: 42.541%;text-align: left;height: 38px\" align=\"LEFT\" valign=\"MIDDLE\">&nbsp;<\/td>\n<\/tr>\n<\/tbody>\n<\/table>\n","protected":false},"excerpt":{"rendered":"<p>Equipo directivo del CEPER Constituci\u00f3n Espa\u00f1ola y Secciones adjuntas&nbsp; &nbsp; &nbsp; &nbsp; Director CEPER Constituci\u00f3n Espa\u00f1ola Cardona Gonz\u00e1lez, Diego Jes\u00fas Jefe de Estudios CEPER Constituci\u00f3n Espa\u00f1ola &nbsp; Jefe de Estudios SEP Rafael Alberti &nbsp;&#46;&#46;&#46;<\/p>\n","protected":false},"author":4152,"featured_media":0,"parent":0,"menu_order":0,"comment_status":"closed","ping_status":"closed","template":"","meta":{"ngg_post_thumbnail":0,"footnotes":""},"aioseo_notices":[],"_links":{"self":[{"href":"https:\/\/blogsaverroes.juntadeandalucia.es\/ceperronda\/wp-json\/wp\/v2\/pages\/168"}],"collection":[{"href":"https:\/\/blogsaverroes.juntadeandalucia.es\/ceperronda\/wp-json\/wp\/v2\/pages"}],"about":[{"href":"https:\/\/blogsaverroes.juntadeandalucia.es\/ceperronda\/wp-json\/wp\/v2\/types\/page"}],"author":[{"embeddable":true,"href":"https:\/\/blogsaverroes.juntadeandalucia.es\/ceperronda\/wp-json\/wp\/v2\/users\/4152"}],"replies":[{"embeddable":true,"href":"https:\/\/blogsaverroes.juntadeandalucia.es\/ceperronda\/wp-json\/wp\/v2\/comments?post=168"}],"version-history":[{"count":22,"href":"https:\/\/blogsaverroes.juntadeandalucia.es\/ceperronda\/wp-json\/wp\/v2\/pages\/168\/revisions"}],"predecessor-version":[{"id":763,"href":"https:\/\/blogsaverroes.juntadeandalucia.es\/ceperronda\/wp-json\/wp\/v2\/pages\/168\/revisions\/763"}],"wp:attachment":[{"href":"https:\/\/blogsaverroes.juntadeandalucia.es\/ceperronda\/wp-json\/wp\/v2\/media?parent=168"}],"curies":[{"name":"wp","href":"https:\/\/api.w.org\/{rel}","templated":true}]}}