{"id":209,"date":"2020-10-31T01:40:14","date_gmt":"2020-10-31T01:40:14","guid":{"rendered":"https:\/\/blogsaverroes.juntadeandalucia.es\/ceperronda\/?page_id=209"},"modified":"2022-06-22T10:53:55","modified_gmt":"2022-06-22T10:53:55","slug":"claustro","status":"publish","type":"page","link":"https:\/\/blogsaverroes.juntadeandalucia.es\/ceperronda\/","title":{"rendered":"Claustro"},"content":{"rendered":"<table style=\"width: 89.2741%;height: 1371px\" border=\"0\" rules=\"NONE\" cellspacing=\"0\">\n<colgroup>\n<col width=\"359\">\n<col width=\"286\">\n<col width=\"290\"><\/colgroup>\n<tbody>\n<tr style=\"height: 76px\">\n<td style=\"width: 31.1895%;height: 76px\" align=\"LEFT\" valign=\"MIDDLE\" bgcolor=\"#FFFF00\" width=\"359\" height=\"76\">&nbsp;<\/td>\n<td style=\"width: 29.475%;height: 76px\" align=\"LEFT\" valign=\"MIDDLE\" bgcolor=\"#FFFF00\" width=\"286\"><b><span style=\"color: #0000cc;font-family: Comic Sans MS;font-size: large\">CEPER \/ SEP<\/span><\/b><\/td>\n<td style=\"width: 37.1698%;height: 76px\" align=\"LEFT\" valign=\"MIDDLE\" bgcolor=\"#FFFF00\" width=\"290\"><b><span style=\"color: #0000cc;font-family: Comic Sans MS;font-size: large\">LOCALIDADES<\/span><\/b><\/td>\n<\/tr>\n<tr style=\"height: 76px\">\n<td style=\"width: 31.1895%;height: 76px\" align=\"LEFT\" valign=\"MIDDLE\" height=\"76\">&nbsp;<\/td>\n<td style=\"width: 29.475%;height: 76px\" align=\"LEFT\" valign=\"MIDDLE\"><span style=\"font-family: Comic Sans MS;font-size: large\">&nbsp;CEPER&nbsp;Constituci\u00f3n Espa\u00f1ola<\/span><\/td>\n<td style=\"width: 37.1698%;height: 76px\" align=\"LEFT\" valign=\"MIDDLE\"><span style=\"font-family: Comic Sans MS;font-size: large\">Ronda<\/span><\/td>\n<\/tr>\n<tr style=\"height: 76px\">\n<td style=\"width: 31.1895%;height: 76px\" align=\"LEFT\" valign=\"MIDDLE\" height=\"76\">&nbsp;<\/td>\n<td style=\"width: 29.475%;height: 76px\" align=\"LEFT\" valign=\"MIDDLE\"><span style=\"font-family: Comic Sans MS;font-size: large\">CEPER&nbsp;Constituci\u00f3n Espa\u00f1ola<\/span><\/td>\n<td style=\"width: 37.1698%;height: 76px\" align=\"LEFT\" valign=\"MIDDLE\"><span style=\"font-family: Comic Sans MS;font-size: large\">Ronda<\/span><\/td>\n<\/tr>\n<tr style=\"height: 76px\">\n<td style=\"width: 31.1895%;height: 76px\" align=\"LEFT\" valign=\"MIDDLE\" height=\"76\">&nbsp;<\/td>\n<td style=\"width: 29.475%;height: 76px\" align=\"LEFT\" valign=\"MIDDLE\"><span style=\"font-family: Comic Sans MS;font-size: large\">SEP&nbsp;Rafael Alberti<\/span><\/td>\n<td style=\"width: 37.1698%;height: 76px\" align=\"LEFT\" valign=\"MIDDLE\"><span style=\"font-family: Comic Sans MS;font-size: large\">Cuevas del Becerro y Serrato<\/span><\/td>\n<\/tr>\n<tr style=\"height: 76px\">\n<td style=\"width: 31.1895%;height: 76px\" align=\"LEFT\" valign=\"MIDDLE\" height=\"76\"><span style=\"font-family: Comic Sans MS;font-size: large\">&nbsp;<\/span><\/td>\n<td style=\"width: 29.475%;height: 76px\" align=\"LEFT\" valign=\"MIDDLE\"><span style=\"font-family: Comic Sans MS;font-size: large\">CEPER Constituci\u00f3n&nbsp;Espa\u00f1ola<\/span><\/td>\n<td style=\"width: 37.1698%;height: 76px\" align=\"LEFT\" valign=\"MIDDLE\"><span style=\"font-family: Comic Sans MS;font-size: large\">Ronda<\/span><\/td>\n<\/tr>\n<tr style=\"height: 76px\">\n<td style=\"width: 31.1895%;height: 76px\" align=\"LEFT\" valign=\"MIDDLE\" height=\"76\">&nbsp;<\/td>\n<td style=\"width: 29.475%;height: 76px\" align=\"LEFT\" valign=\"MIDDLE\"><span style=\"font-family: Comic Sans MS;font-size: large\">SEP&nbsp;Los Casta\u00f1ares&nbsp;<\/span><\/td>\n<td style=\"width: 37.1698%;height: 76px\" align=\"LEFT\" valign=\"MIDDLE\"><span style=\"font-family: Comic Sans MS;font-size: large\">Igualeja, Cartajima, Pujerra, Parauta y J\u00fazcar<\/span><\/td>\n<\/tr>\n<tr style=\"height: 76px\">\n<td style=\"width: 31.1895%;height: 76px\" align=\"LEFT\" valign=\"MIDDLE\" height=\"76\">&nbsp;<\/td>\n<td style=\"width: 29.475%;height: 76px\" align=\"LEFT\" valign=\"MIDDLE\"><span style=\"font-family: Comic Sans MS;font-size: large\">SEP Benarrab\u00e1 y <\/span><span style=\"font-family: Comic Sans MS;font-size: large\">SEP Monte Hacho<\/span><\/td>\n<td style=\"width: 37.1698%;height: 76px\" align=\"LEFT\" valign=\"MIDDLE\"><span style=\"font-family: Comic Sans MS;font-size: large\">Benarrab\u00e1, <\/span><span style=\"font-family: Comic Sans MS;font-size: large\">Gauc\u00edn y Estaci\u00f3n<\/span><\/td>\n<\/tr>\n<tr style=\"height: 76px\">\n<td style=\"width: 31.1895%;height: 76px\" align=\"LEFT\" valign=\"MIDDLE\" height=\"76\">&nbsp;<\/td>\n<td style=\"width: 29.475%;height: 76px\" align=\"LEFT\" valign=\"MIDDLE\"><span style=\"font-family: Comic Sans MS;font-size: large\">CEPER&nbsp;Constituci\u00f3n Espa\u00f1ola<\/span><\/td>\n<td style=\"width: 37.1698%;height: 76px\" align=\"LEFT\" valign=\"MIDDLE\"><span style=\"font-family: Comic Sans MS;font-size: large\">Ronda<\/span><\/td>\n<\/tr>\n<tr style=\"height: 76px\">\n<td style=\"width: 31.1895%;height: 76px\" align=\"LEFT\" valign=\"MIDDLE\" height=\"76\">&nbsp;<\/td>\n<td style=\"width: 29.475%;height: 76px\" align=\"LEFT\" valign=\"MIDDLE\"><span style=\"font-family: Comic Sans MS;font-size: large\">SEP&nbsp;Los&nbsp;Vergeles <\/span><\/td>\n<td style=\"width: 37.1698%;height: 76px\" align=\"LEFT\" valign=\"MIDDLE\"><span style=\"font-family: Comic Sans MS;font-size: large\">Arriate<\/span><\/td>\n<\/tr>\n<tr style=\"height: 76px\">\n<td style=\"width: 31.1895%;height: 76px\" align=\"LEFT\" valign=\"MIDDLE\" height=\"76\"><span style=\"font-family: Comic Sans MS;font-size: large\">&nbsp;<\/span><\/td>\n<td style=\"width: 29.475%;height: 76px\" align=\"LEFT\" valign=\"MIDDLE\"><span style=\"font-family: Comic Sans MS;font-size: large\">SEP Jubrique y <\/span><span style=\"font-family: Comic Sans MS;font-size: large\">SEP R\u00edo Genal<\/span><\/td>\n<td style=\"width: 37.1698%;height: 76px\" align=\"LEFT\" valign=\"MIDDLE\"><span style=\"font-family: Comic Sans MS;font-size: large\">Jubrique y <\/span><span style=\"font-family: Comic Sans MS;font-size: large\">Genalguacil<\/span><\/td>\n<\/tr>\n<tr style=\"height: 76px\">\n<td style=\"width: 31.1895%;height: 76px\" align=\"LEFT\" valign=\"MIDDLE\" height=\"76\">&nbsp;<\/td>\n<td style=\"width: 29.475%;height: 76px\" align=\"LEFT\" valign=\"MIDDLE\"><span style=\"font-family: Comic Sans MS;font-size: large\">CEPER&nbsp;Constituci\u00f3n Espa\u00f1ola<\/span><\/td>\n<td style=\"width: 37.1698%;height: 76px\" align=\"LEFT\" valign=\"MIDDLE\"><span style=\"font-family: Comic Sans MS;font-size: large\">Ronda<\/span><\/td>\n<\/tr>\n<tr style=\"height: 79px\">\n<td style=\"width: 31.1895%;height: 79px\" align=\"LEFT\" valign=\"MIDDLE\" height=\"76\">&nbsp;<\/td>\n<td style=\"width: 29.475%;height: 79px\" align=\"LEFT\" valign=\"MIDDLE\"><span style=\"font-family: Comic Sans MS;font-size: large\">SEP El Burgo y <\/span><span style=\"font-family: Comic Sans MS;font-size: large\">SEP Yunquera <\/span><\/td>\n<td style=\"width: 37.1698%;height: 79px\" align=\"LEFT\" valign=\"MIDDLE\"><span style=\"font-family: Comic Sans MS;font-size: large\">El Burgo y <\/span><span style=\"font-family: Comic Sans MS;font-size: large\">Yunbquera<\/span><\/td>\n<\/tr>\n<tr style=\"height: 76px\">\n<td style=\"width: 31.1895%;height: 76px\" align=\"LEFT\" valign=\"MIDDLE\" height=\"76\">&nbsp;<\/td>\n<td style=\"width: 29.475%;height: 76px\" align=\"LEFT\" valign=\"MIDDLE\"><span style=\"font-family: Comic Sans MS;font-size: large\">CEPER Constituci\u00f3n Espa\u00f1ola<\/span><\/td>\n<td style=\"width: 37.1698%;height: 76px\" align=\"LEFT\" valign=\"MIDDLE\"><span style=\"font-family: Comic Sans MS;font-size: large\">Ronda<\/span><\/td>\n<\/tr>\n<tr style=\"height: 76px\">\n<td style=\"width: 31.1895%;height: 76px\" align=\"LEFT\" valign=\"MIDDLE\" height=\"76\"><span style=\"font-family: Comic Sans MS;font-size: large\">&nbsp;<\/span><\/td>\n<td style=\"width: 29.475%;height: 76px\" align=\"LEFT\" valign=\"MIDDLE\"><span style=\"font-family: Comic Sans MS;font-size: large\">SEP Benadalid, <\/span><span style=\"font-family: Comic Sans MS;font-size: large\">SEP Benal y <\/span><span style=\"font-family: Comic Sans MS;font-size: large\">SEP<\/span><span style=\"font-family: Comic Sans MS;font-size: large\"> Algatoc\u00edn<\/span><\/td>\n<td style=\"width: 37.1698%;height: 76px\" align=\"LEFT\" valign=\"MIDDLE\"><span style=\"font-family: Comic Sans MS;font-size: large\">Benadalid y <\/span><span style=\"font-family: Comic Sans MS;font-size: large\">Benalaur\u00eda y <\/span><span style=\"font-family: Comic Sans MS;font-size: large\">Algatoc\u00edn<\/span><\/td>\n<\/tr>\n<tr style=\"height: 76px\">\n<td style=\"width: 31.1895%;height: 76px\" align=\"LEFT\" valign=\"MIDDLE\" height=\"76\">&nbsp;<\/td>\n<td style=\"width: 29.475%;height: 76px\" align=\"LEFT\" valign=\"MIDDLE\"><span style=\"font-family: Comic Sans MS;font-size: large\">CEPER Constituci\u00f3n Espa\u00f1ola, <\/span><span style=\"font-family: Comic Sans MS;font-size: large\">SEP Benaoj\u00e1n y <\/span><span style=\"font-family: Comic Sans MS;font-size: large\">SEP Montejaque<\/span><\/td>\n<td style=\"width: 37.1698%;height: 76px\" align=\"LEFT\" valign=\"MIDDLE\"><span style=\"font-family: Comic Sans MS;font-size: large\">Montecorto, <\/span><span style=\"font-family: Comic Sans MS;font-size: large\">Benaoj\u00e1n y <\/span><span style=\"font-family: Comic Sans MS;font-size: large\">Montejaque<\/span><\/td>\n<\/tr>\n<tr style=\"height: 76px\">\n<td style=\"width: 31.1895%;height: 76px\" align=\"LEFT\" valign=\"MIDDLE\" height=\"76\"><span style=\"font-family: Comic Sans MS;font-size: large\">&nbsp;<\/span><\/td>\n<td style=\"width: 29.475%;height: 76px\" align=\"LEFT\" valign=\"MIDDLE\"><span style=\"font-family: Comic Sans MS;font-size: large\">CEPER Constituci\u00f3n&nbsp;Espa\u00f1ola<\/span><\/td>\n<td style=\"width: 37.1698%;height: 76px\" align=\"LEFT\" valign=\"MIDDLE\"><span style=\"font-family: Comic Sans MS;font-size: large\">Ronda<\/span><\/td>\n<\/tr>\n<tr style=\"height: 76px\">\n<td style=\"width: 31.1895%;height: 76px\" align=\"LEFT\" valign=\"MIDDLE\" height=\"76\"><span style=\"font-family: Comic Sans MS;font-size: large\">&nbsp;<\/span><\/td>\n<td style=\"width: 29.475%;height: 76px\" align=\"LEFT\" valign=\"MIDDLE\"><span style=\"font-family: Comic Sans MS;font-size: large\">SEP&nbsp;Los&nbsp;Casta\u00f1ares<\/span><\/td>\n<td style=\"width: 37.1698%;height: 76px\" align=\"LEFT\" valign=\"MIDDLE\"><span style=\"font-family: Comic Sans MS;font-size: large\">Igualeja, Cartajima, Pujerra, Parauta y J\u00fazcar<\/span><\/td>\n<\/tr>\n<tr style=\"height: 76px\">\n<td style=\"width: 31.1895%;height: 76px\" align=\"LEFT\" valign=\"MIDDLE\" height=\"76\"><span style=\"font-family: Comic Sans MS;font-size: large\">&nbsp;<\/span><\/td>\n<td style=\"width: 29.475%;height: 76px\" align=\"LEFT\" valign=\"MIDDLE\"><span style=\"font-family: Comic Sans MS;font-size: large\">SEP&nbsp;Paz&nbsp;Monte Hacho<\/span><\/td>\n<td style=\"width: 37.1698%;height: 76px\" align=\"LEFT\" valign=\"MIDDLE\"><span style=\"font-family: Comic Sans MS;font-size: large\">Gauc\u00edn y Estaci\u00f3n<\/span><\/td>\n<\/tr>\n<\/tbody>\n<\/table>\n","protected":false},"excerpt":{"rendered":"<p>&nbsp; CEPER \/ SEP LOCALIDADES &nbsp; &nbsp;CEPER&nbsp;Constituci\u00f3n Espa\u00f1ola Ronda &nbsp; CEPER&nbsp;Constituci\u00f3n Espa\u00f1ola Ronda &nbsp; SEP&nbsp;Rafael Alberti Cuevas del Becerro y Serrato &nbsp; CEPER Constituci\u00f3n&nbsp;Espa\u00f1ola Ronda &nbsp; SEP&nbsp;Los Casta\u00f1ares&nbsp; Igualeja, Cartajima, Pujerra, Parauta y J\u00fazcar&#46;&#46;&#46;<\/p>\n","protected":false},"author":4152,"featured_media":0,"parent":0,"menu_order":0,"comment_status":"closed","ping_status":"closed","template":"","meta":{"ngg_post_thumbnail":0,"footnotes":""},"aioseo_notices":[],"_links":{"self":[{"href":"https:\/\/blogsaverroes.juntadeandalucia.es\/ceperronda\/wp-json\/wp\/v2\/pages\/209"}],"collection":[{"href":"https:\/\/blogsaverroes.juntadeandalucia.es\/ceperronda\/wp-json\/wp\/v2\/pages"}],"about":[{"href":"https:\/\/blogsaverroes.juntadeandalucia.es\/ceperronda\/wp-json\/wp\/v2\/types\/page"}],"author":[{"embeddable":true,"href":"https:\/\/blogsaverroes.juntadeandalucia.es\/ceperronda\/wp-json\/wp\/v2\/users\/4152"}],"replies":[{"embeddable":true,"href":"https:\/\/blogsaverroes.juntadeandalucia.es\/ceperronda\/wp-json\/wp\/v2\/comments?post=209"}],"version-history":[{"count":9,"href":"https:\/\/blogsaverroes.juntadeandalucia.es\/ceperronda\/wp-json\/wp\/v2\/pages\/209\/revisions"}],"predecessor-version":[{"id":762,"href":"https:\/\/blogsaverroes.juntadeandalucia.es\/ceperronda\/wp-json\/wp\/v2\/pages\/209\/revisions\/762"}],"wp:attachment":[{"href":"https:\/\/blogsaverroes.juntadeandalucia.es\/ceperronda\/wp-json\/wp\/v2\/media?parent=209"}],"curies":[{"name":"wp","href":"https:\/\/api.w.org\/{rel}","templated":true}]}}